{"id":3935,"date":"2023-05-18T23:09:21","date_gmt":"2023-05-18T21:09:21","guid":{"rendered":"https:\/\/cormac.eu\/?post_type=product&#038;p=3935"},"modified":"2023-05-19T10:50:05","modified_gmt":"2023-05-19T08:50:05","slug":"automatyczny-podajnik-pali","status":"publish","type":"product","link":"https:\/\/cormac.eu\/pl\/product\/automatic-pile-feeder\/","title":{"rendered":"Automatyczny podajnik stosu"},"content":{"rendered":"<p>Automatyczny podajnik pryzmowy nale\u017cy do kategorii system\u00f3w podawania. Jest to pozioma jednostka \u0142aduj\u0105ca i podaj\u0105ca, kt\u00f3ra jest instalowana na ko\u0144cu linii produkcyjnej.  Jego zadaniem jest grupowanie produkt\u00f3w le\u017c\u0105cych p\u0142asko w stosy i przenoszenie stos\u00f3w do otwor\u00f3w wlotowych maszyny (maszyn) owijaj\u0105cej (owijaj\u0105cych). Ten podajnik stos\u00f3w delikatnie tworzy stosy o zmiennej wysoko\u015bci, od pojedynczej warstwy do maksymalnej stabilnej wysoko\u015bci. Obs\u0142ugiwane produkty to zazwyczaj herbatniki, krakersy, herbatniki kanapkowe, tosty lub krakersy.  Najwy\u017cszej klasy czteroosiowy podajnik poziomy jest nap\u0119dzany przez 4 serwomotory.  Wersja ta umo\u017cliwia regulacj\u0119 wysoko\u015bci stosu podczas pracy maszyny bez przerywania jej pracy. Dost\u0119pna jest r\u00f3wnie\u017c wersja dwuosiowa nap\u0119dzana dwoma serwomotorami.<\/p>\n<p><strong>Zakres wydajno\u015bci<\/strong> na zam\u00f3wienie \/ na \u017c\u0105danie<\/p>\n<p>&nbsp;<\/p>\n<table>\n<tbody>\n<tr>\n<td><strong>Cechy<\/strong><\/td>\n<td><strong>Korzy\u015bci<\/strong><\/td>\n<\/tr>\n<tr>\n<td>Regulacja wysoko\u015bci stosu<\/td>\n<td>Kompensacja odchyle\u0144 grubo\u015bci produktu w locie<\/td>\n<\/tr>\n<tr>\n<td>Modu\u0142owa konstrukcja<\/td>\n<td>Dost\u0119pne w r\u00f3\u017cnych konfiguracjach<\/td>\n<\/tr>\n<\/tbody>\n<\/table>\n<p>&nbsp;<\/p>","protected":false},"excerpt":{"rendered":"<p>Maszyna ta \u0142\u0105czy produkty takie jak herbatniki, krakersy i tosty w stosy i podaje je na ta\u015bm\u0119 podaj\u0105c\u0105 flowpackera.<\/p>","protected":false},"featured_media":3897,"comment_status":"open","ping_status":"closed","template":"","meta":{"uix_meta_title":"","uix_meta_description":"","uix_canonical_url":""},"product_brand":[],"product_cat":[105],"product_tag":[275,265,271,276],"class_list":{"0":"post-3935","1":"product","2":"type-product","3":"status-publish","4":"has-post-thumbnail","6":"product_cat-packaging","7":"product_tag-feeding","8":"product_tag-flowpack","9":"product_tag-packaging-lines","10":"product_tag-stacking","12":"first","13":"instock","14":"shipping-taxable","15":"product-type-simple"},"_links":{"self":[{"href":"https:\/\/cormac.eu\/pl\/wp-json\/wp\/v2\/product\/3935","targetHints":{"allow":["GET"]}}],"collection":[{"href":"https:\/\/cormac.eu\/pl\/wp-json\/wp\/v2\/product"}],"about":[{"href":"https:\/\/cormac.eu\/pl\/wp-json\/wp\/v2\/types\/product"}],"replies":[{"embeddable":true,"href":"https:\/\/cormac.eu\/pl\/wp-json\/wp\/v2\/comments?post=3935"}],"wp:featuredmedia":[{"embeddable":true,"href":"https:\/\/cormac.eu\/pl\/wp-json\/wp\/v2\/media\/3897"}],"wp:attachment":[{"href":"https:\/\/cormac.eu\/pl\/wp-json\/wp\/v2\/media?parent=3935"}],"wp:term":[{"taxonomy":"product_brand","embeddable":true,"href":"https:\/\/cormac.eu\/pl\/wp-json\/wp\/v2\/product_brand?post=3935"},{"taxonomy":"product_cat","embeddable":true,"href":"https:\/\/cormac.eu\/pl\/wp-json\/wp\/v2\/product_cat?post=3935"},{"taxonomy":"product_tag","embeddable":true,"href":"https:\/\/cormac.eu\/pl\/wp-json\/wp\/v2\/product_tag?post=3935"}],"curies":[{"name":"wp","href":"https:\/\/api.w.org\/{rel}","templated":true}]}}