{"id":3934,"date":"2023-05-18T23:02:16","date_gmt":"2023-05-18T21:02:16","guid":{"rendered":"https:\/\/cormac.eu\/?post_type=product&#038;p=3934"},"modified":"2023-05-18T23:08:29","modified_gmt":"2023-05-18T21:08:29","slug":"flowpack-machine-pack-9000","status":"publish","type":"product","link":"https:\/\/cormac.eu\/pl\/product\/flowpack-machine-pack-9000\/","title":{"rendered":"Maszyna Flowpack - pack 9000"},"content":{"rendered":"<p>Ta maszyna typu flowpack nale\u017cy do serii 9 wyposa\u017conej w g\u00f3rny uchwyt rolki folii. Ta platforma konstrukcyjna jest wykorzystywana do wielu konfiguracji, kt\u00f3re w po\u0142\u0105czeniu z szerok\u0105 gam\u0105 akcesori\u00f3w pozwalaj\u0105 na dostosowanie maszyny do wielu r\u00f3\u017cnych produkt\u00f3w, kt\u00f3re maj\u0105 by\u0107 pakowane w r\u00f3\u017cnych \u015brodowiskach produkcyjnych. Maszyna mo\u017ce by\u0107 dostarczana w r\u00f3\u017cnych wersjach, takich jak do zgrzewania na gor\u0105co lub na zimno, z obrotow\u0105 zgrzewark\u0105\/obcinark\u0105, ze stali nierdzewnej, w wykonaniu prawym lub lewym oraz z r\u00f3\u017cnymi systemami podawania.<\/p>\n<p>Zakres wydajno\u015bci: 600- 800 sztuk na minut\u0119 ; 80 mts\/minut\u0119<\/p>\n<p>&nbsp;<\/p>\n<table>\n<tbody>\n<tr>\n<td>\n<p style=\"text-align: center\"><strong>Cechy<\/strong><\/p>\n<\/td>\n<td>\n<p style=\"text-align: center\"><strong>Korzy\u015bci<\/strong><\/p>\n<\/td>\n<\/tr>\n<tr>\n<td>Konstrukcja wspornikowa<\/td>\n<td>\n<ul>\n<li>Dobry dost\u0119p do wszystkich cz\u0119\u015bci maszyny<\/li>\n<li>\u0141atwa konserwacja<\/li>\n<\/ul>\n<\/td>\n<\/tr>\n<tr>\n<td>Przeno\u015bnik ta\u015bmowy z \u0142opatkami popychaj\u0105cymi<\/td>\n<td>\n<ul>\n<li>\u0141atwa zmiana odleg\u0142o\u015bci popychaczy<\/li>\n<li>bez u\u017cycia narz\u0119dzi<\/li>\n<\/ul>\n<\/td>\n<\/tr>\n<tr>\n<td>Konstrukcja modu\u0142owa<\/td>\n<td>\n<ul>\n<li>Mo\u017cliwo\u015b\u0107 dostosowania do wymaga\u0144 klienta<\/li>\n<\/ul>\n<\/td>\n<\/tr>\n<tr>\n<td>Pneumatyczny uchwyt szpuli<\/td>\n<td>\n<ul>\n<li>\u0141atwa wymiana szpuli<\/li>\n<li>Regulacja osiowa podczas pracy maszyny<\/li>\n<\/ul>\n<\/td>\n<\/tr>\n<tr>\n<td>Sta\u0142a skrzynka formuj\u0105ca<\/td>\n<td>\n<ul>\n<li>Zaprojektowany dla okre\u015blonego produktu<\/li>\n<\/ul>\n<\/td>\n<\/tr>\n<tr>\n<td>Modu\u0142 uszczelnienia wzd\u0142u\u017cnego<\/td>\n<td>\n<ul>\n<li>1 para k\u00f3\u0142ek do ci\u0105gni\u0119cia zimnej folii<\/li>\n<li>2 pary podgrzewanych k\u00f3\u0142 uszczelniaj\u0105cych<\/li>\n<li>1 para sk\u0142adanych k\u00f3\u0142 z uszczelnieniem sto\u017ckowym<\/li>\n<\/ul>\n<\/td>\n<\/tr>\n<tr>\n<td>Modu\u0142 spawania wzd\u0142u\u017cnego<\/td>\n<td>\n<ul>\n<li>\u0141atwy do usuni\u0119cia\/wymiany<\/li>\n<li>\u0141atwe czyszczenie<\/li>\n<\/ul>\n<\/td>\n<\/tr>\n<tr>\n<td>Obrotowy modu\u0142 ci\u0119cia i spawania<\/td>\n<td>\n<ul>\n<li>Wykonane zgodnie z produktami i filmami<\/li>\n<\/ul>\n<\/td>\n<\/tr>\n<tr>\n<td>Przeno\u015bnik wyj\u015bciowy z wyrzutem<\/td>\n<td>\n<ul>\n<li>Zmienna pr\u0119dko\u015b\u0107<\/li>\n<li>system wykrywania i odrzucania pustych\/podw\u00f3jnych opakowa\u0144<\/li>\n<\/ul>\n<\/td>\n<\/tr>\n<tr>\n<td>\u00a0Ekran dotykowy<\/td>\n<td>\n<ul>\n<li>Pe\u0142na kontrola elektroniczna<\/li>\n<li>Intuicyjna obs\u0142uga<\/li>\n<li>Przechowywanie parametr\u00f3w<\/li>\n<li>Alarmy i ostrze\u017cenia<\/li>\n<\/ul>\n<\/td>\n<\/tr>\n<\/tbody>\n<\/table>\n<p>&nbsp;<\/p>","protected":false},"excerpt":{"rendered":"<p>Maszyna Flowpack do owijania produkt\u00f3w o regularnych kszta\u0142tach przy du\u017cych pr\u0119dko\u015bciach produkcyjnych z wieloma zmianami formatu, wykorzystuj\u0105ca automatyczny system podawania.<\/p>","protected":false},"featured_media":3896,"comment_status":"open","ping_status":"closed","template":"","meta":{"uix_meta_title":"","uix_meta_description":"","uix_canonical_url":""},"product_brand":[],"product_cat":[105],"product_tag":[265,266,271],"class_list":{"0":"post-3934","1":"product","2":"type-product","3":"status-publish","4":"has-post-thumbnail","6":"product_cat-packaging","7":"product_tag-flowpack","8":"product_tag-flowwrapping","9":"product_tag-packaging-lines","11":"first","12":"instock","13":"shipping-taxable","14":"product-type-simple"},"_links":{"self":[{"href":"https:\/\/cormac.eu\/pl\/wp-json\/wp\/v2\/product\/3934","targetHints":{"allow":["GET"]}}],"collection":[{"href":"https:\/\/cormac.eu\/pl\/wp-json\/wp\/v2\/product"}],"about":[{"href":"https:\/\/cormac.eu\/pl\/wp-json\/wp\/v2\/types\/product"}],"replies":[{"embeddable":true,"href":"https:\/\/cormac.eu\/pl\/wp-json\/wp\/v2\/comments?post=3934"}],"wp:featuredmedia":[{"embeddable":true,"href":"https:\/\/cormac.eu\/pl\/wp-json\/wp\/v2\/media\/3896"}],"wp:attachment":[{"href":"https:\/\/cormac.eu\/pl\/wp-json\/wp\/v2\/media?parent=3934"}],"wp:term":[{"taxonomy":"product_brand","embeddable":true,"href":"https:\/\/cormac.eu\/pl\/wp-json\/wp\/v2\/product_brand?post=3934"},{"taxonomy":"product_cat","embeddable":true,"href":"https:\/\/cormac.eu\/pl\/wp-json\/wp\/v2\/product_cat?post=3934"},{"taxonomy":"product_tag","embeddable":true,"href":"https:\/\/cormac.eu\/pl\/wp-json\/wp\/v2\/product_tag?post=3934"}],"curies":[{"name":"wp","href":"https:\/\/api.w.org\/{rel}","templated":true}]}}