{"id":3931,"date":"2023-05-18T22:52:56","date_gmt":"2023-05-18T20:52:56","guid":{"rendered":"https:\/\/cormac.eu\/?post_type=product&#038;p=3931"},"modified":"2023-05-18T22:59:15","modified_gmt":"2023-05-18T20:59:15","slug":"flowpack-machine-pack-900","status":"publish","type":"product","link":"https:\/\/cormac.eu\/pl\/product\/flowpack-machine-pack-900\/","title":{"rendered":"Flowpack machine &#8211; Pack 900"},"content":{"rendered":"<p>This flowpack machie belongs to the 9-series which have a top film reel holder. This design platform is used for multiple configurations which, in combination with a broad range of accessories allow for the machine to be adapted to many different products to be wrapped in different production environments. The machine can be delivered in different\u00a0 versions such as for heat or cold seal, with rotary sealer\/cutter, in stainless steel and in right or left hand execution.<\/p>\n<p><strong>Zakres wydajno\u015bci:<\/strong>\u00a0 200- 600 pieces per minute \/ 40 mts\/minute<\/p>\n<p>&nbsp;<\/p>\n<table style=\"height: 881px\" width=\"656\">\n<tbody>\n<tr>\n<td style=\"text-align: center\"><strong>Cechy<\/strong><\/td>\n<td>\n<p style=\"text-align: center\"><strong>Korzy\u015bci<\/strong><\/p>\n<\/td>\n<\/tr>\n<tr>\n<td>Konstrukcja wspornikowa<\/td>\n<td>\n<ul>\n<li>Dobry dost\u0119p do wszystkich cz\u0119\u015bci maszyny<\/li>\n<li>\u0141atwa konserwacja<\/li>\n<\/ul>\n<\/td>\n<\/tr>\n<tr>\n<td>Przeno\u015bnik ta\u015bmowy z \u0142opatkami popychaj\u0105cymi<\/td>\n<td>\n<ul>\n<li>\u0141atwa zmiana odleg\u0142o\u015bci popychaczy<\/li>\n<li>no need for tools<\/li>\n<\/ul>\n<\/td>\n<\/tr>\n<tr>\n<td>Konstrukcja modu\u0142owa<\/td>\n<td>\n<ul>\n<li>Mo\u017cliwo\u015b\u0107 dostosowania do wymaga\u0144 klienta<\/li>\n<\/ul>\n<\/td>\n<\/tr>\n<tr>\n<td>Pneumatyczny uchwyt szpuli<\/td>\n<td>\n<ul>\n<li>\u0141atwa wymiana szpuli<\/li>\n<li>Regulacja osiowa podczas pracy maszyny<\/li>\n<\/ul>\n<\/td>\n<\/tr>\n<tr>\n<td>Uniwersalna skrzynka formuj\u0105ca<\/td>\n<td>\n<ul>\n<li>Mo\u017cliwo\u015b\u0107 dostosowania do r\u00f3\u017cnych rozmiar\u00f3w produkt\u00f3w<\/li>\n<\/ul>\n<\/td>\n<\/tr>\n<tr>\n<td>Modu\u0142 uszczelnienia wzd\u0142u\u017cnego<\/td>\n<td>\n<ul>\n<li>1 para k\u00f3\u0142ek do ci\u0105gni\u0119cia zimnej folii<\/li>\n<li>2 pary podgrzewanych k\u00f3\u0142 uszczelniaj\u0105cych<\/li>\n<li>1 para sk\u0142adanych k\u00f3\u0142 z uszczelnieniem sto\u017ckowym<\/li>\n<\/ul>\n<\/td>\n<\/tr>\n<tr>\n<td>Modu\u0142 spawania wzd\u0142u\u017cnego<\/td>\n<td>\n<ul>\n<li>\u0141atwy do usuni\u0119cia\/wymiany<\/li>\n<li>\u0141atwe czyszczenie<\/li>\n<\/ul>\n<\/td>\n<\/tr>\n<tr>\n<td>Rotary cuttin&amp;welding module<\/td>\n<td>\n<ul>\n<li>Wykonane zgodnie z produktami i filmami<\/li>\n<\/ul>\n<\/td>\n<\/tr>\n<tr>\n<td>Outfeed conveyor<\/td>\n<td>\n<ul>\n<li>Zmienna pr\u0119dko\u015b\u0107<\/li>\n<li>detection and rejection system<\/li>\n<\/ul>\n<\/td>\n<\/tr>\n<tr>\n<td>\u00a0Ekran dotykowy<\/td>\n<td>\n<ul>\n<li>Pe\u0142na kontrola elektroniczna<\/li>\n<li>Intuicyjna obs\u0142uga<\/li>\n<li>Przechowywanie parametr\u00f3w<\/li>\n<li>Alarmy i ostrze\u017cenia<\/li>\n<\/ul>\n<\/td>\n<\/tr>\n<\/tbody>\n<\/table>\n<p>&nbsp;<\/p>","protected":false},"excerpt":{"rendered":"<p>Maszyna Flowpack do pakowania produkt\u00f3w o regularnych kszta\u0142tach przy \u015brednich i wysokich pr\u0119dko\u015bciach produkcji, z wykorzystaniem p\u00f3\u0142automatycznego lub w pe\u0142ni automatycznego systemu podawania.<\/p>","protected":false},"featured_media":3895,"comment_status":"open","ping_status":"closed","template":"","meta":{"uix_meta_title":"","uix_meta_description":"","uix_canonical_url":""},"product_brand":[],"product_cat":[105],"product_tag":[265,266,271],"class_list":{"0":"post-3931","1":"product","2":"type-product","3":"status-publish","4":"has-post-thumbnail","6":"product_cat-packaging","7":"product_tag-flowpack","8":"product_tag-flowwrapping","9":"product_tag-packaging-lines","11":"first","12":"instock","13":"shipping-taxable","14":"product-type-simple"},"_links":{"self":[{"href":"https:\/\/cormac.eu\/pl\/wp-json\/wp\/v2\/product\/3931","targetHints":{"allow":["GET"]}}],"collection":[{"href":"https:\/\/cormac.eu\/pl\/wp-json\/wp\/v2\/product"}],"about":[{"href":"https:\/\/cormac.eu\/pl\/wp-json\/wp\/v2\/types\/product"}],"replies":[{"embeddable":true,"href":"https:\/\/cormac.eu\/pl\/wp-json\/wp\/v2\/comments?post=3931"}],"wp:featuredmedia":[{"embeddable":true,"href":"https:\/\/cormac.eu\/pl\/wp-json\/wp\/v2\/media\/3895"}],"wp:attachment":[{"href":"https:\/\/cormac.eu\/pl\/wp-json\/wp\/v2\/media?parent=3931"}],"wp:term":[{"taxonomy":"product_brand","embeddable":true,"href":"https:\/\/cormac.eu\/pl\/wp-json\/wp\/v2\/product_brand?post=3931"},{"taxonomy":"product_cat","embeddable":true,"href":"https:\/\/cormac.eu\/pl\/wp-json\/wp\/v2\/product_cat?post=3931"},{"taxonomy":"product_tag","embeddable":true,"href":"https:\/\/cormac.eu\/pl\/wp-json\/wp\/v2\/product_tag?post=3931"}],"curies":[{"name":"wp","href":"https:\/\/api.w.org\/{rel}","templated":true}]}}