{"id":3930,"date":"2023-05-18T22:35:25","date_gmt":"2023-05-18T20:35:25","guid":{"rendered":"https:\/\/cormac.eu\/?post_type=product&#038;p=3930"},"modified":"2023-05-18T22:46:02","modified_gmt":"2023-05-18T20:46:02","slug":"flowpack-machine-pack-90-2","status":"publish","type":"product","link":"https:\/\/cormac.eu\/pl\/product\/flowpack-machine-pack-90\/","title":{"rendered":"Maszyna Flowpack - opakowanie 90"},"content":{"rendered":"<p>Ta maszyna typu flowpack nale\u017cy do serii 9 wyposa\u017conej w g\u00f3rny uchwyt rolki folii. Ta platforma konstrukcyjna jest wykorzystywana do wielu konfiguracji, kt\u00f3re w po\u0142\u0105czeniu z szerok\u0105 gam\u0105 akcesori\u00f3w pozwalaj\u0105 na dostosowanie maszyny do wielu r\u00f3\u017cnych produkt\u00f3w, kt\u00f3re maj\u0105 by\u0107 pakowane w r\u00f3\u017cnych \u015brodowiskach produkcyjnych. Maszyna mo\u017ce by\u0107 dostarczana w r\u00f3\u017cnych wersjach, takich jak do zgrzewania na gor\u0105co lub na zimno, z obrotow\u0105 zgrzewark\u0105 \/ obcinark\u0105, ze stali nierdzewnej oraz w wykonaniu prawym lub lewym.<\/p>\n<p><strong>Zakres wydajno\u015bci:<\/strong> 100-300 ppm; 30 mts\/min<\/p>\n<p>&nbsp;<\/p>\n<table style=\"height: 709px\" width=\"717\">\n<tbody>\n<tr>\n<td><strong>Cechy<\/strong><\/td>\n<td><strong>Korzy\u015bci<\/strong><\/td>\n<\/tr>\n<tr>\n<td>Konstrukcja wspornikowa<\/td>\n<td>\n<ul>\n<li>Dobry dost\u0119p do wszystkich cz\u0119\u015bci maszyny<\/li>\n<li>\u0141atwa konserwacja<\/li>\n<\/ul>\n<\/td>\n<\/tr>\n<tr>\n<td><\/td>\n<td><\/td>\n<\/tr>\n<tr>\n<td>Konstrukcja modu\u0142owa<\/td>\n<td>\n<ul>\n<li>Mo\u017cliwo\u015b\u0107 dostosowania do wymaga\u0144 klienta<\/li>\n<\/ul>\n<\/td>\n<\/tr>\n<tr>\n<td>Pneumatyczny uchwyt szpuli<\/td>\n<td>\n<ul>\n<li>\u0141atwa wymiana szpuli<\/li>\n<li>Regulacja osiowa podczas pracy maszyny<\/li>\n<\/ul>\n<\/td>\n<\/tr>\n<tr>\n<td>Modu\u0142owa jednostka uszczelnienia wzd\u0142u\u017cnego<\/td>\n<td>\n<ul>\n<li>1 para zimnych k\u00f3\u0142ek do ci\u0105gni\u0119cia folii<\/li>\n<li>2 pary podgrzewanych k\u00f3\u0142ek do uszczelniania<\/li>\n<li>1 para sto\u017ckowych k\u00f3\u0142ek do sk\u0142adania uszczelnienia p\u0142etwy<\/li>\n<\/ul>\n<\/td>\n<\/tr>\n<tr>\n<td>Uniwersalna skrzynka formuj\u0105ca<\/td>\n<td>\n<ul>\n<li>Mo\u017cliwo\u015b\u0107 dostosowania do r\u00f3\u017cnych rozmiar\u00f3w produkt\u00f3w<\/li>\n<\/ul>\n<\/td>\n<\/tr>\n<tr>\n<td>Przeno\u015bnik wylotowy o zmiennej pr\u0119dko\u015bci<\/td>\n<td>\n<ul>\n<li>Mo\u017cliwo\u015b\u0107 dostosowania do pr\u0119dko\u015bci owijania<\/li>\n<\/ul>\n<\/td>\n<\/tr>\n<tr>\n<td>\u00a0Ekran dotykowy<\/td>\n<td>\n<ul>\n<li>Pe\u0142na kontrola elektroniczna<\/li>\n<li>Intuicyjna obs\u0142uga<\/li>\n<li>Przechowywanie parametr\u00f3w<\/li>\n<li>Alarmy i ostrze\u017cenia<\/li>\n<\/ul>\n<\/td>\n<\/tr>\n<\/tbody>\n<\/table>","protected":false},"excerpt":{"rendered":"<p>Maszyna typu flowpack do pakowania produkt\u00f3w o regularnych kszta\u0142tach w seriach produkcyjnych o niskiej i \u015bredniej pr\u0119dko\u015bci.<\/p>","protected":false},"featured_media":3892,"comment_status":"open","ping_status":"closed","template":"","meta":{"uix_meta_title":"","uix_meta_description":"","uix_canonical_url":""},"product_brand":[],"product_cat":[105],"product_tag":[265,266,271],"class_list":{"0":"post-3930","1":"product","2":"type-product","3":"status-publish","4":"has-post-thumbnail","6":"product_cat-packaging","7":"product_tag-flowpack","8":"product_tag-flowwrapping","9":"product_tag-packaging-lines","11":"first","12":"instock","13":"shipping-taxable","14":"product-type-simple"},"_links":{"self":[{"href":"https:\/\/cormac.eu\/pl\/wp-json\/wp\/v2\/product\/3930","targetHints":{"allow":["GET"]}}],"collection":[{"href":"https:\/\/cormac.eu\/pl\/wp-json\/wp\/v2\/product"}],"about":[{"href":"https:\/\/cormac.eu\/pl\/wp-json\/wp\/v2\/types\/product"}],"replies":[{"embeddable":true,"href":"https:\/\/cormac.eu\/pl\/wp-json\/wp\/v2\/comments?post=3930"}],"wp:featuredmedia":[{"embeddable":true,"href":"https:\/\/cormac.eu\/pl\/wp-json\/wp\/v2\/media\/3892"}],"wp:attachment":[{"href":"https:\/\/cormac.eu\/pl\/wp-json\/wp\/v2\/media?parent=3930"}],"wp:term":[{"taxonomy":"product_brand","embeddable":true,"href":"https:\/\/cormac.eu\/pl\/wp-json\/wp\/v2\/product_brand?post=3930"},{"taxonomy":"product_cat","embeddable":true,"href":"https:\/\/cormac.eu\/pl\/wp-json\/wp\/v2\/product_cat?post=3930"},{"taxonomy":"product_tag","embeddable":true,"href":"https:\/\/cormac.eu\/pl\/wp-json\/wp\/v2\/product_tag?post=3930"}],"curies":[{"name":"wp","href":"https:\/\/api.w.org\/{rel}","templated":true}]}}