{"id":3912,"date":"2023-05-18T21:19:48","date_gmt":"2023-05-18T19:19:48","guid":{"rendered":"https:\/\/cormac.eu\/?post_type=product&#038;p=3912"},"modified":"2023-05-19T11:04:56","modified_gmt":"2023-05-19T09:04:56","slug":"flowpack-machine-pack-300-2","status":"publish","type":"product","link":"https:\/\/cormac.eu\/pl\/product\/flowpack-machine-pack-300\/","title":{"rendered":"Maszyna Flowpack - Pack 300"},"content":{"rendered":"<p>Ta maszyna typu flowpack nale\u017cy do \"serii 3\", kt\u00f3ra posiada g\u00f3rny i dolny uchwyt rolki folii. Ta platforma konstrukcyjna jest wykorzystywana do wielu konfiguracji, co w po\u0142\u0105czeniu z szerok\u0105 gam\u0105 akcesori\u00f3w pozwala na dostosowanie maszyny do wielu r\u00f3\u017cnych produkt\u00f3w, kt\u00f3re maj\u0105 by\u0107 pakowane w r\u00f3\u017cnych \u015brodowiskach produkcyjnych. Maszyna mo\u017ce by\u0107 dostarczana w r\u00f3\u017cnych wersjach, takich jak do zgrzewania na gor\u0105co lub na zimno, z obrotow\u0105 zgrzewark\u0105\/obcinark\u0105, ze stali nierdzewnej oraz w wykonaniu prawym lub lewym. Maszyna mo\u017ce by\u0107 dostarczona z r\u00f3\u017cnymi niestandardowymi systemami podawania.<\/p>\n<p><strong>Zakres wydajno\u015bci<\/strong>200-600 sztuk na minut\u0119; 40 m\/min.<\/p>\n<p>&nbsp;<\/p>\n<table>\n<tbody>\n<tr>\n<td><strong>Cechy<\/strong><\/td>\n<td><strong>Korzy\u015bci<\/strong><\/td>\n<\/tr>\n<tr>\n<td>Konstrukcja wspornikowa<\/td>\n<td>\n<ul>\n<li>Dobry dost\u0119p do wszystkich cz\u0119\u015bci maszyny<\/li>\n<li>\u0141atwa konserwacja<\/li>\n<\/ul>\n<\/td>\n<\/tr>\n<tr>\n<td>Konstrukcja modu\u0142owa<\/td>\n<td>\n<ul>\n<li>Mo\u017cliwo\u015b\u0107 dostosowania do wymaga\u0144 klienta<\/li>\n<li>wysoka elastyczno\u015b\u0107<\/li>\n<\/ul>\n<\/td>\n<\/tr>\n<tr>\n<td>Przeno\u015bnik paletowy<\/td>\n<td>\n<ul>\n<li>\u0141atwo usuwalne popychacze<\/li>\n<li>\u0141atwa regulacja odleg\u0142o\u015bci popychacza<\/li>\n<li>beznarz\u0119dziowy<\/li>\n<\/ul>\n<\/td>\n<\/tr>\n<tr>\n<td>Pneumatyczny uchwyt szpuli<\/td>\n<td>\n<ul>\n<li>\u0141atwa wymiana szpuli<\/li>\n<li>Regulacja osiowa podczas pracy maszyny<\/li>\n<\/ul>\n<\/td>\n<\/tr>\n<tr>\n<td>Modu\u0142owa jednostka uszczelnienia wzd\u0142u\u017cnego<\/td>\n<td>\n<ul>\n<li>1 para k\u00f3\u0142 do ci\u0105gni\u0119cia na zimno<\/li>\n<li>2 pary podgrzewanych k\u00f3\u0142 uszczelniaj\u0105cych<\/li>\n<li>1 para sk\u0142adanych k\u00f3\u0142 z uszczelnieniem sto\u017ckowym<\/li>\n<\/ul>\n<\/td>\n<\/tr>\n<tr>\n<td>Zesp\u00f3\u0142 spawania wzd\u0142u\u017cnego<\/td>\n<td>\n<ul>\n<li>\u0141atwy demonta\u017c\/wymiana<\/li>\n<li>\u0141atwe czyszczenie<\/li>\n<\/ul>\n<\/td>\n<\/tr>\n<tr>\n<td>Przeno\u015bnik wyj\u015bciowy z wyrzutem<\/td>\n<td>\n<ul>\n<li>Regulacja zmiennej pr\u0119dko\u015bci<\/li>\n<li>Wykrywanie i wyrzucanie pustych\/podw\u00f3jnych opakowa\u0144<\/li>\n<\/ul>\n<\/td>\n<\/tr>\n<tr>\n<td>\u00a0Ekran dotykowy 10,4\"<\/td>\n<td>\n<ul>\n<li>Pe\u0142na kontrola elektroniczna<\/li>\n<li>Intuicyjna obs\u0142uga<\/li>\n<li>Przechowywanie parametr\u00f3w<\/li>\n<li>Wy\u015bwietlane alarmy i ostrze\u017cenia<\/li>\n<\/ul>\n<\/td>\n<\/tr>\n<\/tbody>\n<\/table>","protected":false},"excerpt":{"rendered":"<p>Maszyna typu flowpack do owijania produkt\u00f3w p\u0142askich przy \u015brednich i du\u017cych pr\u0119dko\u015bciach.<\/p>","protected":false},"featured_media":3893,"comment_status":"open","ping_status":"closed","template":"","meta":{"uix_meta_title":"","uix_meta_description":"","uix_canonical_url":""},"product_brand":[],"product_cat":[105],"product_tag":[265,266,271],"class_list":{"0":"post-3912","1":"product","2":"type-product","3":"status-publish","4":"has-post-thumbnail","6":"product_cat-packaging","7":"product_tag-flowpack","8":"product_tag-flowwrapping","9":"product_tag-packaging-lines","11":"first","12":"instock","13":"shipping-taxable","14":"product-type-simple"},"_links":{"self":[{"href":"https:\/\/cormac.eu\/pl\/wp-json\/wp\/v2\/product\/3912","targetHints":{"allow":["GET"]}}],"collection":[{"href":"https:\/\/cormac.eu\/pl\/wp-json\/wp\/v2\/product"}],"about":[{"href":"https:\/\/cormac.eu\/pl\/wp-json\/wp\/v2\/types\/product"}],"replies":[{"embeddable":true,"href":"https:\/\/cormac.eu\/pl\/wp-json\/wp\/v2\/comments?post=3912"}],"wp:featuredmedia":[{"embeddable":true,"href":"https:\/\/cormac.eu\/pl\/wp-json\/wp\/v2\/media\/3893"}],"wp:attachment":[{"href":"https:\/\/cormac.eu\/pl\/wp-json\/wp\/v2\/media?parent=3912"}],"wp:term":[{"taxonomy":"product_brand","embeddable":true,"href":"https:\/\/cormac.eu\/pl\/wp-json\/wp\/v2\/product_brand?post=3912"},{"taxonomy":"product_cat","embeddable":true,"href":"https:\/\/cormac.eu\/pl\/wp-json\/wp\/v2\/product_cat?post=3912"},{"taxonomy":"product_tag","embeddable":true,"href":"https:\/\/cormac.eu\/pl\/wp-json\/wp\/v2\/product_tag?post=3912"}],"curies":[{"name":"wp","href":"https:\/\/api.w.org\/{rel}","templated":true}]}}