{"id":3911,"date":"2023-05-18T20:55:48","date_gmt":"2023-05-18T18:55:48","guid":{"rendered":"https:\/\/cormac.eu\/?post_type=product&#038;p=3911"},"modified":"2023-05-19T11:03:43","modified_gmt":"2023-05-19T09:03:43","slug":"flowpack-machine-pack-30","status":"publish","type":"product","link":"https:\/\/cormac.eu\/pl\/product\/flowpack-machine-pack-30\/","title":{"rendered":"Flowpack machine &#8211; Pack 30"},"content":{"rendered":"<p>Flowpack machine from the \u20183-series\u2019 which have a top and bottom film reel holder. This design platform is used for multiple configurations which, in combination with a broad range of accessories allows for the machine to be adapted to many different products to be wrapped in different production environments. The machine can be delivered in different\u00a0 versions such as for heat or cold seal, with rotary sealer\/cutter, in stainless steel and in right or left hand execution. The machine can be delivered with different customesed feeding systems.<\/p>\n<p><strong>Zakres wydajno\u015bci:<\/strong> 100-300 ppm ; 30 mts\/min<\/p>\n<p>&nbsp;<\/p>\n<table style=\"height: 599px\" width=\"627\">\n<tbody>\n<tr>\n<td><strong>Cechy<\/strong><\/td>\n<td><strong>Korzy\u015bci<\/strong><\/td>\n<\/tr>\n<tr>\n<td>Konstrukcja wspornikowa<\/td>\n<td>\n<ul>\n<li>Dobry dost\u0119p do wszystkich cz\u0119\u015bci maszyny<\/li>\n<li>\u0141atwa konserwacja<\/li>\n<\/ul>\n<\/td>\n<\/tr>\n<tr>\n<td>Konstrukcja modu\u0142owa<\/td>\n<td>\n<ul>\n<li>Mo\u017cliwo\u015b\u0107 dostosowania do wymaga\u0144 klienta<\/li>\n<li>wysoka elastyczno\u015b\u0107<\/li>\n<\/ul>\n<\/td>\n<\/tr>\n<tr>\n<td>Pneumatyczny uchwyt szpuli<\/td>\n<td>\n<ul>\n<li>\u0141atwa wymiana szpuli<\/li>\n<li>Regulacja osiowa podczas pracy maszyny<\/li>\n<\/ul>\n<\/td>\n<\/tr>\n<tr>\n<td>Modu\u0142owa jednostka uszczelnienia wzd\u0142u\u017cnego<\/td>\n<td>\n<ul>\n<li>1 para k\u00f3\u0142 do ci\u0105gni\u0119cia na zimno<\/li>\n<li>2 pary podgrzewanych k\u00f3\u0142 uszczelniaj\u0105cych<\/li>\n<li>1 para sk\u0142adanych k\u00f3\u0142 z uszczelnieniem sto\u017ckowym<\/li>\n<\/ul>\n<\/td>\n<\/tr>\n<tr>\n<td>Outfeed conveyor<\/td>\n<td>\n<ul>\n<li>Regulacja zmiennej pr\u0119dko\u015bci<\/li>\n<\/ul>\n<\/td>\n<\/tr>\n<tr>\n<td>\u00a0Ekran dotykowy 10,4\"<\/td>\n<td>\n<ul>\n<li>Pe\u0142na kontrola elektroniczna<\/li>\n<li>Intuicyjna obs\u0142uga<\/li>\n<li>Parameters storage and display<\/li>\n<li>Alarmy i ostrze\u017cenia<\/li>\n<\/ul>\n<\/td>\n<\/tr>\n<\/tbody>\n<\/table>","protected":false},"excerpt":{"rendered":"<p>Flowpack machine for flowwrapping of products of flat products in low to medium speeds.<\/p>","protected":false},"featured_media":3890,"comment_status":"open","ping_status":"closed","template":"","meta":{"uix_meta_title":"","uix_meta_description":"","uix_canonical_url":""},"product_brand":[],"product_cat":[105],"product_tag":[265,266],"class_list":{"0":"post-3911","1":"product","2":"type-product","3":"status-publish","4":"has-post-thumbnail","6":"product_cat-packaging","7":"product_tag-flowpack","8":"product_tag-flowwrapping","10":"first","11":"instock","12":"shipping-taxable","13":"product-type-simple"},"_links":{"self":[{"href":"https:\/\/cormac.eu\/pl\/wp-json\/wp\/v2\/product\/3911","targetHints":{"allow":["GET"]}}],"collection":[{"href":"https:\/\/cormac.eu\/pl\/wp-json\/wp\/v2\/product"}],"about":[{"href":"https:\/\/cormac.eu\/pl\/wp-json\/wp\/v2\/types\/product"}],"replies":[{"embeddable":true,"href":"https:\/\/cormac.eu\/pl\/wp-json\/wp\/v2\/comments?post=3911"}],"wp:featuredmedia":[{"embeddable":true,"href":"https:\/\/cormac.eu\/pl\/wp-json\/wp\/v2\/media\/3890"}],"wp:attachment":[{"href":"https:\/\/cormac.eu\/pl\/wp-json\/wp\/v2\/media?parent=3911"}],"wp:term":[{"taxonomy":"product_brand","embeddable":true,"href":"https:\/\/cormac.eu\/pl\/wp-json\/wp\/v2\/product_brand?post=3911"},{"taxonomy":"product_cat","embeddable":true,"href":"https:\/\/cormac.eu\/pl\/wp-json\/wp\/v2\/product_cat?post=3911"},{"taxonomy":"product_tag","embeddable":true,"href":"https:\/\/cormac.eu\/pl\/wp-json\/wp\/v2\/product_tag?post=3911"}],"curies":[{"name":"wp","href":"https:\/\/api.w.org\/{rel}","templated":true}]}}