{"id":3790,"date":"2023-03-05T18:01:43","date_gmt":"2023-03-05T17:01:43","guid":{"rendered":"https:\/\/cormac.eu\/?post_type=product&#038;p=3790"},"modified":"2023-03-05T18:01:43","modified_gmt":"2023-03-05T17:01:43","slug":"system-etykietowania-palet","status":"publish","type":"product","link":"https:\/\/cormac.eu\/pl\/product\/pallet-labelling-system\/","title":{"rendered":"System etykietowania palet"},"content":{"rendered":"<p>W pe\u0142ni zintegrowany koniec linii musi gwarantowa\u0107 doskona\u0142\u0105 identyfikowalno\u015b\u0107 produktu. Wymaga to zintegrowanego systemu \u0142\u0105cz\u0105cego si\u0119 z systemem zarz\u0105dzania klienta i obejmuj\u0105cego paletyzator, owijark\u0119 stretch i system etykietowania palet. Nasz w pe\u0142ni zintegrowany system etykietowania palet jest doskonale zintegrowany od projektu sprz\u0119tu do projektu oprogramowania. Automatyczny system drukowania i projektowania do etykietowania palet jest w stanie drukowa\u0107 i nak\u0142ada\u0107 etykiety na dw\u00f3ch powierzchniach palety i jest dostarczany z p\u0142yt\u0105 pr\u00f3\u017cniow\u0105 do przytrzymywania etykiet, czytnikiem kod\u00f3w kreskowych do sprawdzania po\u0142o\u017cenia i czytelno\u015bci etykiet oraz modu\u0142em bezpiecze\u0144stwa w celu zagwarantowania bezpiecze\u0144stwa u\u017cytkownika.<\/p>\n<p>&nbsp;<\/p>\n<table width=\"491\">\n<tbody>\n<tr>\n<td width=\"491\"><strong>Cechy \u00a0<\/strong><\/td>\n<\/tr>\n<tr>\n<td width=\"491\">Naklej etykiety po dw\u00f3ch stronach palety<\/td>\n<\/tr>\n<tr>\n<td width=\"491\">P\u0142yta pr\u00f3\u017cniowa do przechowywania etykiet<\/td>\n<\/tr>\n<tr>\n<td width=\"491\">Czytnik kod\u00f3w kreskowych<\/td>\n<\/tr>\n<tr>\n<td width=\"491\">Modu\u0142 bezpiecze\u0144stwa<\/td>\n<\/tr>\n<\/tbody>\n<\/table>\n<p>&nbsp;<\/p>","protected":false},"excerpt":{"rendered":"<p>Urz\u0105dzenie do etykietowania palet zintegrowane z systemem paletyzacji<\/p>","protected":false},"featured_media":3789,"comment_status":"open","ping_status":"closed","template":"","meta":{"uix_meta_title":"","uix_meta_description":"","uix_canonical_url":""},"product_brand":[],"product_cat":[257],"product_tag":[],"class_list":{"0":"post-3790","1":"product","2":"type-product","3":"status-publish","4":"has-post-thumbnail","6":"product_cat-end-of-line-packaging","8":"first","9":"instock","10":"shipping-taxable","11":"product-type-simple"},"_links":{"self":[{"href":"https:\/\/cormac.eu\/pl\/wp-json\/wp\/v2\/product\/3790","targetHints":{"allow":["GET"]}}],"collection":[{"href":"https:\/\/cormac.eu\/pl\/wp-json\/wp\/v2\/product"}],"about":[{"href":"https:\/\/cormac.eu\/pl\/wp-json\/wp\/v2\/types\/product"}],"replies":[{"embeddable":true,"href":"https:\/\/cormac.eu\/pl\/wp-json\/wp\/v2\/comments?post=3790"}],"wp:featuredmedia":[{"embeddable":true,"href":"https:\/\/cormac.eu\/pl\/wp-json\/wp\/v2\/media\/3789"}],"wp:attachment":[{"href":"https:\/\/cormac.eu\/pl\/wp-json\/wp\/v2\/media?parent=3790"}],"wp:term":[{"taxonomy":"product_brand","embeddable":true,"href":"https:\/\/cormac.eu\/pl\/wp-json\/wp\/v2\/product_brand?post=3790"},{"taxonomy":"product_cat","embeddable":true,"href":"https:\/\/cormac.eu\/pl\/wp-json\/wp\/v2\/product_cat?post=3790"},{"taxonomy":"product_tag","embeddable":true,"href":"https:\/\/cormac.eu\/pl\/wp-json\/wp\/v2\/product_tag?post=3790"}],"curies":[{"name":"wp","href":"https:\/\/api.w.org\/{rel}","templated":true}]}}