{"id":3787,"date":"2023-03-05T17:17:39","date_gmt":"2023-03-05T16:17:39","guid":{"rendered":"https:\/\/cormac.eu\/?post_type=product&#038;p=3787"},"modified":"2023-03-05T17:19:53","modified_gmt":"2023-03-05T16:19:53","slug":"maszyna-do-owijania-folia-stretch-2","status":"publish","type":"product","link":"https:\/\/cormac.eu\/pl\/product\/stretch-wrapping-machine\/","title":{"rendered":"Maszyna do owijania foli\u0105 stretch"},"content":{"rendered":"<p>Gama automatycznych maszyn do owijania foli\u0105 stretch zapewnia optymaln\u0105 stabilno\u015b\u0107, niezawodno\u015b\u0107 i obci\u0105\u017cenie palet. R\u00f3\u017cne modele mog\u0105 by\u0107 wykonane z obrotow\u0105 platform\u0105, obrotowym ramieniem lub obrotowym pier\u015bcieniem. Maszyny do owijania foli\u0105 stretch pozwalaj\u0105 na stabilne i kompaktowe pakowanie ka\u017cdego rodzaju paletyzowanego produktu foli\u0105 stretch i mog\u0105 by\u0107 wykonane ze specjalnymi funkcjami lub o niestandardowych wymiarach. Maszyny te mog\u0105 by\u0107 zintegrowane z istniej\u0105c\u0105 lini\u0105 pakuj\u0105c\u0105 lub pracowa\u0107 samodzielnie.<\/p>\n<table width=\"491\">\n<tbody>\n<tr>\n<td width=\"491\"><strong>Cechy \u00a0<\/strong><strong>\u00a0\u00a0\u00a0<\/strong><strong>(w zale\u017cno\u015bci od typu opakowania)<\/strong><\/td>\n<\/tr>\n<tr>\n<td width=\"491\">Wsp\u00f3\u0142czynnik wst\u0119pnej regulacji mocy od 300% do 400%<\/td>\n<\/tr>\n<tr>\n<td width=\"491\">Automatyczne zaczepianie, ci\u0119cie i zgrzewanie folii<\/td>\n<\/tr>\n<tr>\n<td width=\"491\">Obr\u00f3t sto\u0142u rozpoczyna si\u0119 i zatrzymuje przy niskiej pr\u0119dko\u015bci z kontrol\u0105 cz\u0119stotliwo\u015bci<\/td>\n<\/tr>\n<tr>\n<td width=\"491\">Elektryczny panel sterowania ze sterownikiem PLC i panelem operacyjnym<\/td>\n<\/tr>\n<tr>\n<td width=\"491\">Pr\u0119dko\u015b\u0107 przesuwu rolki folii w g\u00f3r\u0119 i w d\u00f3\u0142 regulowana za pomoc\u0105 sterownika cz\u0119stotliwo\u015bci<\/td>\n<\/tr>\n<tr>\n<td width=\"491\">Regulacja napi\u0119cia rozci\u0105gliwej folii<\/td>\n<\/tr>\n<tr>\n<td width=\"491\">Rozpocz\u0119cie i zatrzymanie obrotu ramienia przy niskiej pr\u0119dko\u015bci kontrolowane przez sterownik cz\u0119stotliwo\u015bci<\/td>\n<\/tr>\n<tr>\n<td width=\"491\">Fotokom\u00f3rka do automatycznego wykrywania wysoko\u015bci peletu<\/td>\n<\/tr>\n<tr>\n<td width=\"491\">Wizualny wy\u015bwietlacz do sygnalizacji b\u0142\u0119d\u00f3w i ustawiania czas\u00f3w cykli<\/td>\n<\/tr>\n<tr>\n<td width=\"491\">G\u00f3rna prasa pneumatyczna typu pantograf (model pier\u015bcieniowy)<\/td>\n<\/tr>\n<tr>\n<td width=\"491\">Zintegrowany wodoodporny podajnik arkuszy (model pier\u015bcieniowy)<\/td>\n<\/tr>\n<\/tbody>\n<\/table>\n<p>&nbsp;<\/p>\n<table style=\"height: 227px\" width=\"502\">\n<tbody>\n<tr>\n<td width=\"171\">System owijania foli\u0105 stretch<\/td>\n<td style=\"text-align: center\" colspan=\"2\" width=\"153\">pr\u0119dko\u015bci produkcji<\/td>\n<\/tr>\n<tr>\n<td style=\"text-align: center\"><\/td>\n<td style=\"text-align: center\" colspan=\"2\">RPM<\/td>\n<\/tr>\n<tr>\n<td><\/td>\n<td style=\"text-align: center\">standard<\/td>\n<td style=\"text-align: center\">Specjalne<\/td>\n<\/tr>\n<tr>\n<td>Platforma obrotowa<\/td>\n<td style=\"text-align: center\">16<\/td>\n<td style=\"text-align: center\">18<\/td>\n<\/tr>\n<tr>\n<td>Rami\u0119 obrotowe<\/td>\n<td style=\"text-align: center\">20<\/td>\n<td style=\"text-align: center\">30<\/td>\n<\/tr>\n<tr>\n<td>Pier\u015bcie\u0144 obrotowy<\/td>\n<td style=\"text-align: center\">40<\/td>\n<td style=\"text-align: center\">55<\/td>\n<\/tr>\n<\/tbody>\n<\/table>","protected":false},"excerpt":{"rendered":"<p>Owijarki ta\u015bmowe z obrotow\u0105 platform\u0105, ramieniem lub pier\u015bcieniem.<\/p>","protected":false},"featured_media":3786,"comment_status":"open","ping_status":"closed","template":"","meta":{"uix_meta_title":"","uix_meta_description":"","uix_canonical_url":""},"product_brand":[],"product_cat":[257],"product_tag":[],"class_list":{"0":"post-3787","1":"product","2":"type-product","3":"status-publish","4":"has-post-thumbnail","6":"product_cat-end-of-line-packaging","8":"first","9":"instock","10":"shipping-taxable","11":"product-type-simple"},"_links":{"self":[{"href":"https:\/\/cormac.eu\/pl\/wp-json\/wp\/v2\/product\/3787","targetHints":{"allow":["GET"]}}],"collection":[{"href":"https:\/\/cormac.eu\/pl\/wp-json\/wp\/v2\/product"}],"about":[{"href":"https:\/\/cormac.eu\/pl\/wp-json\/wp\/v2\/types\/product"}],"replies":[{"embeddable":true,"href":"https:\/\/cormac.eu\/pl\/wp-json\/wp\/v2\/comments?post=3787"}],"wp:featuredmedia":[{"embeddable":true,"href":"https:\/\/cormac.eu\/pl\/wp-json\/wp\/v2\/media\/3786"}],"wp:attachment":[{"href":"https:\/\/cormac.eu\/pl\/wp-json\/wp\/v2\/media?parent=3787"}],"wp:term":[{"taxonomy":"product_brand","embeddable":true,"href":"https:\/\/cormac.eu\/pl\/wp-json\/wp\/v2\/product_brand?post=3787"},{"taxonomy":"product_cat","embeddable":true,"href":"https:\/\/cormac.eu\/pl\/wp-json\/wp\/v2\/product_cat?post=3787"},{"taxonomy":"product_tag","embeddable":true,"href":"https:\/\/cormac.eu\/pl\/wp-json\/wp\/v2\/product_tag?post=3787"}],"curies":[{"name":"wp","href":"https:\/\/api.w.org\/{rel}","templated":true}]}}