{"id":3783,"date":"2023-03-05T16:29:34","date_gmt":"2023-03-05T15:29:34","guid":{"rendered":"https:\/\/cormac.eu\/?post_type=product&#038;p=3783"},"modified":"2023-03-05T16:33:43","modified_gmt":"2023-03-05T15:33:43","slug":"system-paletyzacji-skrzyn-i-wiazek","status":"publish","type":"product","link":"https:\/\/cormac.eu\/pl\/product\/palletizing-system-for-cases-and-bundles\/","title":{"rendered":"System paletyzacji skrzy\u0144 i wi\u0105zek"},"content":{"rendered":"<p>Gama paletyzator\u00f3w obejmuje automatyczne paletyzatory wysokiego i niskiego poziomu dla palet sta\u0142ych lub ruchomych. Systemy te s\u0105 w pe\u0142ni dostosowane do wymaga\u0144 klienta. Mog\u0105 by\u0107 zaprojektowane z du\u017c\u0105 lub ma\u0142\u0105 powierzchni\u0105 podstawy, w zale\u017cno\u015bci od dost\u0119pnej przestrzeni.<br \/>\nMog\u0105 by\u0107 wyposa\u017cone w pojedyncze, podw\u00f3jne lub potr\u00f3jne urz\u0105dzenia podaj\u0105ce i formuj\u0105ce warstwy z pojedynczym lub podw\u00f3jnym popychaczem, blokami lub robotami. Wi\u0119kszo\u015b\u0107 system\u00f3w mo\u017cna zaprogramowa\u0107 tak, aby automatycznie dostosowywa\u0142y si\u0119 do r\u00f3\u017cnych rozmiar\u00f3w produkt\u00f3w.<\/p>\n<p>&nbsp;<\/p>\n<table width=\"528\">\n<tbody>\n<tr>\n<td width=\"528\"><strong>Cechy<\/strong><\/td>\n<\/tr>\n<tr>\n<td>Systemy dla ruchomych lub sta\u0142ych palet<\/td>\n<\/tr>\n<tr>\n<td>System przenoszenia warstw pod k\u0105tem 90<\/td>\n<\/tr>\n<tr>\n<td>Wysokopoziomowe lub niskopoziomowe przeno\u015bniki podaj\u0105ce<\/td>\n<\/tr>\n<tr>\n<td>Automatyczna regulacja rozmiaru produktu<\/td>\n<\/tr>\n<tr>\n<td>Dostosowane do wymaga\u0144 klienta<\/td>\n<\/tr>\n<\/tbody>\n<\/table>\n<p>&nbsp;<\/p>\n<p><strong>Mo\u017cliwo\u015bci dla r\u00f3\u017cnych system\u00f3w<\/strong><\/p>\n<table style=\"height: 707px\" width=\"616\">\n<tbody>\n<tr>\n<td width=\"172\"><strong>System paletyzacji<\/strong><\/td>\n<td width=\"57\">\n<p style=\"text-align: center\"><strong>Paleta<\/strong><\/p>\n<\/td>\n<td colspan=\"2\" width=\"131\">\n<p style=\"text-align: center\"><strong>Pr\u0119dko\u015bci produkcji<\/strong><\/p>\n<\/td>\n<\/tr>\n<tr>\n<td width=\"172\"><\/td>\n<td width=\"57\"><\/td>\n<td width=\"67\">\n<p style=\"text-align: center\"><strong>CMP<\/strong><\/p>\n<\/td>\n<td width=\"64\">\n<p style=\"text-align: center\"><strong>SPM<\/strong><\/p>\n<\/td>\n<\/tr>\n<tr>\n<td width=\"172\">Kompaktowy niski poziom<\/td>\n<td width=\"57\">\n<p style=\"text-align: center\">\n<\/td>\n<td style=\"text-align: center\" width=\"67\">25<\/td>\n<td width=\"64\">\n<p style=\"text-align: center\">2,5<\/p>\n<\/td>\n<\/tr>\n<tr>\n<td width=\"172\">Kompaktowa wyspa zrobotyzowana<\/td>\n<td width=\"57\">\n<p style=\"text-align: center\">\n<\/td>\n<td style=\"text-align: center\" width=\"67\">25<\/td>\n<td width=\"64\">\n<p style=\"text-align: center\">2,5<\/p>\n<\/td>\n<\/tr>\n<tr>\n<td width=\"172\">Wyspa robot\u00f3w<\/td>\n<td width=\"57\">\n<p style=\"text-align: center\">\n<\/td>\n<td style=\"text-align: center\" width=\"67\">25<\/td>\n<td width=\"64\">\n<p style=\"text-align: center\">2,5<\/p>\n<\/td>\n<\/tr>\n<tr>\n<td width=\"172\">Kompaktowy wysoki poziom<\/td>\n<td width=\"57\">\n<p style=\"text-align: center\">\n<\/td>\n<td style=\"text-align: center\" width=\"67\">40<\/td>\n<td width=\"64\">\n<p style=\"text-align: center\">4<\/p>\n<\/td>\n<\/tr>\n<tr>\n<td width=\"172\">Wielomarkowo\u015b\u0107 na wysokim poziomie<\/td>\n<td width=\"57\">\n<p style=\"text-align: center\">sta\u0142y<\/p>\n<\/td>\n<td style=\"text-align: center\" width=\"67\">40<\/td>\n<td width=\"64\">\n<p style=\"text-align: center\">4,5<\/p>\n<\/td>\n<\/tr>\n<tr>\n<td width=\"172\">System zrobotyzowany<\/td>\n<td width=\"57\">\n<p style=\"text-align: center\">\n<\/td>\n<td style=\"text-align: center\" width=\"67\">60<\/td>\n<td width=\"64\">\n<p style=\"text-align: center\">4,5<\/p>\n<\/td>\n<\/tr>\n<tr>\n<td width=\"172\">Wysoki poziom podawania<\/td>\n<td width=\"57\">\n<p style=\"text-align: center\">sta\u0142y<\/p>\n<\/td>\n<td style=\"text-align: center\" width=\"67\">60<\/td>\n<td style=\"text-align: center\" width=\"64\">4,5<\/td>\n<\/tr>\n<tr>\n<td width=\"172\">Wysoki poziom podawania<\/td>\n<td width=\"57\">\n<p style=\"text-align: center\">mobilny<\/p>\n<\/td>\n<td style=\"text-align: center\" width=\"67\">120<\/td>\n<td width=\"64\">\n<p style=\"text-align: center\">8<\/p>\n<\/td>\n<\/tr>\n<tr>\n<td width=\"172\">Wysoki poziom podawania<\/td>\n<td width=\"57\">\n<p style=\"text-align: center\">\n<\/td>\n<td style=\"text-align: center\" width=\"67\">140<\/td>\n<td width=\"64\">\n<p style=\"text-align: center\">11<\/p>\n<\/td>\n<\/tr>\n<\/tbody>\n<\/table>","protected":false},"excerpt":{"rendered":"<p>Dostosowany do potrzeb klienta automatyczny system paletyzacji skrzy\u0144 i wi\u0105zek o niskiej, \u015bredniej i wysokiej wydajno\u015bci.<\/p>","protected":false},"featured_media":3785,"comment_status":"open","ping_status":"closed","template":"","meta":{"uix_meta_title":"","uix_meta_description":"","uix_canonical_url":""},"product_brand":[],"product_cat":[257],"product_tag":[],"class_list":{"0":"post-3783","1":"product","2":"type-product","3":"status-publish","4":"has-post-thumbnail","6":"product_cat-end-of-line-packaging","8":"first","9":"instock","10":"shipping-taxable","11":"product-type-simple"},"_links":{"self":[{"href":"https:\/\/cormac.eu\/pl\/wp-json\/wp\/v2\/product\/3783","targetHints":{"allow":["GET"]}}],"collection":[{"href":"https:\/\/cormac.eu\/pl\/wp-json\/wp\/v2\/product"}],"about":[{"href":"https:\/\/cormac.eu\/pl\/wp-json\/wp\/v2\/types\/product"}],"replies":[{"embeddable":true,"href":"https:\/\/cormac.eu\/pl\/wp-json\/wp\/v2\/comments?post=3783"}],"wp:featuredmedia":[{"embeddable":true,"href":"https:\/\/cormac.eu\/pl\/wp-json\/wp\/v2\/media\/3785"}],"wp:attachment":[{"href":"https:\/\/cormac.eu\/pl\/wp-json\/wp\/v2\/media?parent=3783"}],"wp:term":[{"taxonomy":"product_brand","embeddable":true,"href":"https:\/\/cormac.eu\/pl\/wp-json\/wp\/v2\/product_brand?post=3783"},{"taxonomy":"product_cat","embeddable":true,"href":"https:\/\/cormac.eu\/pl\/wp-json\/wp\/v2\/product_cat?post=3783"},{"taxonomy":"product_tag","embeddable":true,"href":"https:\/\/cormac.eu\/pl\/wp-json\/wp\/v2\/product_tag?post=3783"}],"curies":[{"name":"wp","href":"https:\/\/api.w.org\/{rel}","templated":true}]}}