{"id":3775,"date":"2023-03-03T17:50:36","date_gmt":"2023-03-03T16:50:36","guid":{"rendered":"https:\/\/cormac.eu\/?post_type=product&#038;p=3775"},"modified":"2023-03-03T18:08:03","modified_gmt":"2023-03-03T17:08:03","slug":"profesjonalny-sklepowy-palacz-kawy-2","status":"publish","type":"product","link":"https:\/\/cormac.eu\/pl\/product\/shop-coffee-roaster-professional\/","title":{"rendered":"Profesjonalna maszyna do palenia kawy w kawiarni"},"content":{"rendered":"<p>Palarnie kawy z technologi\u0105 wizualizacji krzywej nagrzewania produktu podczas procesu palenia. Idealne krzywe palenia dla ka\u017cdego produktu mo\u017cna zaprojektowa\u0107 za pomoc\u0105 potencjometru lub poprzez wprowadzenie danych. Dodatkowo automatyczna i inteligentna kontrola temperatury pozwala na przechowywanie idealnej krzywej palenia dla danego produktu, dzi\u0119ki czemu mo\u017cna j\u0105 \u0142atwo i dok\u0142adnie odtworzy\u0107, nawet w przypadku wyst\u0105pienia r\u00f3\u017cnic, takich jak wprowadzenie innej ilo\u015bci produktu, wy\u017csza lub ni\u017csza temperatura otoczenia, r\u00f3\u017cnica w wilgotno\u015bci lub temperaturze zielonego produktu itp. Palarnie kawy s\u0105 wyposa\u017cone w ekran dotykowy, modulowane palniki i modu\u0142 WI-FI do zdalnego monitorowania i sterowania z telefonu kom\u00f3rkowego, tabletu lub komputera. Sygna\u0142 ten mo\u017ce by\u0107 wy\u015bwietlany klientom na odleg\u0142o\u015b\u0107, dzi\u0119ki czemu mog\u0105 oni \u015bledzi\u0107 na \u017cywo krzyw\u0105 palenia swojego produktu, potwierdzaj\u0105c, \u017ce ich produkt jest palony optymalnie.<\/p>\n<table width=\"586\">\n<tbody>\n<tr>\n<td colspan=\"2\" width=\"586\"><strong>Cechy<\/strong><\/td>\n<\/tr>\n<tr>\n<td width=\"292\">Sterownik PLC i ekran dotykowy Schneider<\/td>\n<td width=\"293\">Z\u0142o\u017ce \u0142uski<\/td>\n<\/tr>\n<tr>\n<td width=\"292\">Lej za\u0142adowczy<\/td>\n<td width=\"293\">Czyszczenie ch\u0142odnicy drzwiowej<\/td>\n<\/tr>\n<tr>\n<td width=\"292\">Inteligentna kontrola pieczenia<\/td>\n<td width=\"293\">\u00a0Niezale\u017cna karafka<\/td>\n<\/tr>\n<tr>\n<td width=\"292\">Ch\u0142odnica ss\u0105ca<\/td>\n<td width=\"293\">Palnik<\/td>\n<\/tr>\n<tr>\n<td width=\"292\">Pobieranie pr\u00f3bek<\/td>\n<td width=\"293\"><\/td>\n<\/tr>\n<\/tbody>\n<\/table>\n<p>&nbsp;<\/p>\n<table width=\"586\">\n<tbody>\n<tr>\n<td width=\"292\"><strong>Szczeg\u00f3\u0142y techniczne<\/strong><\/td>\n<td width=\"293\"><\/td>\n<\/tr>\n<tr>\n<td width=\"292\">Pojemno\u015b\u0107<\/td>\n<td width=\"293\">6-8 kg\/godz.<\/td>\n<\/tr>\n<tr>\n<td width=\"292\">Wymiary<\/td>\n<td width=\"293\">D\u0142. 99 x szer. 80 x wys. 94 cm<\/td>\n<\/tr>\n<tr>\n<td width=\"292\">Energia<\/td>\n<td width=\"293\">* Gaz ziemny: 0,2 do 0,4 m3\/h<br \/>\n* Gaz butan: 0,1 do 0,3 kg\/h<\/td>\n<\/tr>\n<tr>\n<td width=\"292\">Maksymalna moc cieplna<\/td>\n<td width=\"293\">\u00a05.000 Kcal \/ godz.<\/td>\n<\/tr>\n<tr>\n<td width=\"292\">Napi\u0119cie<\/td>\n<td width=\"293\">\u00a0220 V 50\/60 Hz<\/td>\n<\/tr>\n<tr>\n<td width=\"292\">Moc<\/td>\n<td width=\"293\">0,5 kW<\/td>\n<\/tr>\n<tr>\n<td width=\"292\">Waga<\/td>\n<td width=\"293\">85 kg<\/td>\n<\/tr>\n<\/tbody>\n<\/table>","protected":false},"excerpt":{"rendered":"<p>Profesjonalna palarnia kawy dla sklep\u00f3w i ma\u0142ych obiekt\u00f3w<\/p>","protected":false},"featured_media":3774,"comment_status":"open","ping_status":"closed","template":"","meta":{"uix_meta_title":"","uix_meta_description":"","uix_canonical_url":""},"product_brand":[],"product_cat":[107,104],"product_tag":[],"class_list":{"0":"post-3775","1":"product","2":"type-product","3":"status-publish","4":"has-post-thumbnail","6":"product_cat-artisanal","7":"product_cat-processing","9":"first","10":"instock","11":"shipping-taxable","12":"product-type-simple"},"_links":{"self":[{"href":"https:\/\/cormac.eu\/pl\/wp-json\/wp\/v2\/product\/3775","targetHints":{"allow":["GET"]}}],"collection":[{"href":"https:\/\/cormac.eu\/pl\/wp-json\/wp\/v2\/product"}],"about":[{"href":"https:\/\/cormac.eu\/pl\/wp-json\/wp\/v2\/types\/product"}],"replies":[{"embeddable":true,"href":"https:\/\/cormac.eu\/pl\/wp-json\/wp\/v2\/comments?post=3775"}],"wp:featuredmedia":[{"embeddable":true,"href":"https:\/\/cormac.eu\/pl\/wp-json\/wp\/v2\/media\/3774"}],"wp:attachment":[{"href":"https:\/\/cormac.eu\/pl\/wp-json\/wp\/v2\/media?parent=3775"}],"wp:term":[{"taxonomy":"product_brand","embeddable":true,"href":"https:\/\/cormac.eu\/pl\/wp-json\/wp\/v2\/product_brand?post=3775"},{"taxonomy":"product_cat","embeddable":true,"href":"https:\/\/cormac.eu\/pl\/wp-json\/wp\/v2\/product_cat?post=3775"},{"taxonomy":"product_tag","embeddable":true,"href":"https:\/\/cormac.eu\/pl\/wp-json\/wp\/v2\/product_tag?post=3775"}],"curies":[{"name":"wp","href":"https:\/\/api.w.org\/{rel}","templated":true}]}}