{"id":3773,"date":"2023-03-03T17:22:34","date_gmt":"2023-03-03T16:22:34","guid":{"rendered":"https:\/\/cormac.eu\/?post_type=product&#038;p=3773"},"modified":"2023-03-03T17:25:32","modified_gmt":"2023-03-03T16:25:32","slug":"maszyna-do-palenia-kawy-srednia","status":"publish","type":"product","link":"https:\/\/cormac.eu\/pl\/product\/coffee-shop-roasting-machine-medium\/","title":{"rendered":"Maszyna do palenia kawy (\u015brednia)"},"content":{"rendered":"<p>Ta maszyna do palenia kawy jest odpowiednia dla punkt\u00f3w sprzeda\u017cy detalicznej kawy lub zak\u0142ad\u00f3w rzemie\u015blniczych. Mo\u017ce pra\u017cy\u0107 nie tylko zielone ziarna kawy, ale tak\u017ce inne produkty, takie jak zbo\u017ca i orzechy. Maszyna ma elegancki wygl\u0105d, kt\u00f3ry b\u0119dzie naprawd\u0119 cennym dodatkiem do punktu sprzeda\u017cy detalicznej. Jest \u0142atwa w obs\u0142udze i nie wymaga wielu czynno\u015bci konserwacyjnych. Jako\u015b\u0107 palenia b\u0119dzie doskona\u0142a, a efekt palenia b\u0119dzie sp\u00f3jny ze stabilnym punktem palenia.<\/p>\n<table width=\"586\">\n<tbody>\n<tr>\n<td colspan=\"2\" width=\"586\"><strong>Cechy<\/strong><\/td>\n<\/tr>\n<tr>\n<td width=\"292\">Ch\u0142odnica z aspiracj\u0105<\/td>\n<td width=\"293\">Przyk\u0142adowy pojemnik<\/td>\n<\/tr>\n<tr>\n<td width=\"292\">B\u0142yszcz\u0105ca czarna farba ze z\u0142otymi akcentami<\/td>\n<td width=\"293\">Elegancki wygl\u0105d<\/td>\n<\/tr>\n<tr>\n<td width=\"292\">Niskie koszty utrzymania<\/td>\n<td width=\"293\">\u0141atwa instalacja<\/td>\n<\/tr>\n<tr>\n<td width=\"292\">Lej za\u0142adowczy<\/td>\n<td width=\"293\">Termostat cyfrowy<\/td>\n<\/tr>\n<tr>\n<td width=\"292\">Szuflada na plewy<\/td>\n<td width=\"293\">Przyk\u0142adowy pojemnik<\/td>\n<\/tr>\n<\/tbody>\n<\/table>\n<p>&nbsp;<\/p>\n<table width=\"586\">\n<tbody>\n<tr>\n<td width=\"292\"><strong>Szczeg\u00f3\u0142y techniczne<\/strong><\/td>\n<td width=\"293\">&nbsp;<\/td>\n<\/tr>\n<tr>\n<td width=\"292\">Pojemno\u015b\u0107<\/td>\n<td width=\"293\">6-8 kg\/godz.<\/td>\n<\/tr>\n<tr>\n<td width=\"292\">Wymiary<\/td>\n<td width=\"293\">96 x 46 x 82 cm<\/td>\n<\/tr>\n<tr>\n<td width=\"292\">Waga<\/td>\n<td width=\"293\">79 kg<\/td>\n<\/tr>\n<tr>\n<td width=\"292\">Napi\u0119cie<\/td>\n<td width=\"293\">220 V 50 Hz<\/td>\n<\/tr>\n<tr>\n<td width=\"292\">moc<\/td>\n<td width=\"293\">2,84 kW; pob\u00f3r pr\u0105du 12,9 A<\/td>\n<\/tr>\n<\/tbody>\n<\/table>","protected":false},"excerpt":{"rendered":"<p>Palarnia kawy, odpowiednia jako palarnia pr\u00f3bna lub do u\u017cytku w dedykowanych sklepach, kt\u00f3re chc\u0105 wypali\u0107 kaw\u0119 przed klientem.<\/p>\n<p>&nbsp;<\/p>","protected":false},"featured_media":3771,"comment_status":"open","ping_status":"closed","template":"","meta":{"uix_meta_title":"","uix_meta_description":"","uix_canonical_url":""},"product_brand":[],"product_cat":[107],"product_tag":[],"class_list":{"0":"post-3773","1":"product","2":"type-product","3":"status-publish","4":"has-post-thumbnail","6":"product_cat-artisanal","8":"first","9":"instock","10":"shipping-taxable","11":"product-type-simple"},"_links":{"self":[{"href":"https:\/\/cormac.eu\/pl\/wp-json\/wp\/v2\/product\/3773","targetHints":{"allow":["GET"]}}],"collection":[{"href":"https:\/\/cormac.eu\/pl\/wp-json\/wp\/v2\/product"}],"about":[{"href":"https:\/\/cormac.eu\/pl\/wp-json\/wp\/v2\/types\/product"}],"replies":[{"embeddable":true,"href":"https:\/\/cormac.eu\/pl\/wp-json\/wp\/v2\/comments?post=3773"}],"wp:featuredmedia":[{"embeddable":true,"href":"https:\/\/cormac.eu\/pl\/wp-json\/wp\/v2\/media\/3771"}],"wp:attachment":[{"href":"https:\/\/cormac.eu\/pl\/wp-json\/wp\/v2\/media?parent=3773"}],"wp:term":[{"taxonomy":"product_brand","embeddable":true,"href":"https:\/\/cormac.eu\/pl\/wp-json\/wp\/v2\/product_brand?post=3773"},{"taxonomy":"product_cat","embeddable":true,"href":"https:\/\/cormac.eu\/pl\/wp-json\/wp\/v2\/product_cat?post=3773"},{"taxonomy":"product_tag","embeddable":true,"href":"https:\/\/cormac.eu\/pl\/wp-json\/wp\/v2\/product_tag?post=3773"}],"curies":[{"name":"wp","href":"https:\/\/api.w.org\/{rel}","templated":true}]}}