{"id":3765,"date":"2023-03-03T16:29:40","date_gmt":"2023-03-03T15:29:40","guid":{"rendered":"https:\/\/cormac.eu\/?post_type=product&#038;p=3765"},"modified":"2023-03-03T16:58:38","modified_gmt":"2023-03-03T15:58:38","slug":"przemyslowy-mlynek-do-kawy-2","status":"publish","type":"product","link":"https:\/\/cormac.eu\/pl\/product\/industrial-coffee-grinder\/","title":{"rendered":"Przemys\u0142owy m\u0142ynek do kawy (ma\u0142y)"},"content":{"rendered":"<p>Przemys\u0142owy m\u0142ynek do kawy, specjalnie zaprojektowany do \u015bredniej wielko\u015bci produkcji. Specjalna konstrukcja tarcz miel\u0105cych zapewnia pe\u0142ne i jednolite mielenie.  Urz\u0105dzenie mo\u017cna \u0142atwo regulowa\u0107, obracaj\u0105c g\u00f3rn\u0105 okr\u0105g\u0142\u0105 cz\u0119\u015b\u0107, zmieniaj\u0105c w ten spos\u00f3b stopie\u0144 zmielenia. Wewn\u0105trz komory mielenia wyrzutniki zapewniaj\u0105 mieszanie, a tak\u017ce kruszenie plew, kt\u00f3re mog\u0105 zosta\u0107 zmielone. Komora mielenia jest wentylowana powietrzem, co zapobiega przegrzaniu kawy i pozwala uzyska\u0107 optymaln\u0105 jako\u015b\u0107 i aromat. Temperatura kawy jest kontrolowana za pomoc\u0105 sondy. Urz\u0105dzenie mo\u017ce z \u0142atwo\u015bci\u0105 mieli\u0107 kaw\u0119 od bardzo drobnej do grubej.<\/p>\n<p>&nbsp;<\/p>\n<table width=\"586\">\n<tbody>\n<tr>\n<td colspan=\"2\" width=\"586\"><strong>Cechy<\/strong><\/td>\n<\/tr>\n<tr>\n<td width=\"283\">Zbiornik \u0142adunkowy<\/td>\n<td width=\"303\">Czysto\u015b\u0107 drzwi<\/td>\n<\/tr>\n<tr>\n<td width=\"283\">Magnes neodymowy<\/td>\n<td width=\"303\">Silnik i nap\u0119dzane ko\u0142a pasowe<\/td>\n<\/tr>\n<tr>\n<td width=\"283\">Rejestr r\u0119czny<\/td>\n<td width=\"303\">Ochrona termiczna<\/td>\n<\/tr>\n<tr>\n<td width=\"283\">Obw\u00f3d wentylacji<\/td>\n<td width=\"303\">Centrala telefoniczna<\/td>\n<\/tr>\n<tr>\n<td width=\"283\">Tarcze Halb platte o specjalnej twardo\u015bci<\/td>\n<td width=\"303\">Termometr<\/td>\n<\/tr>\n<tr>\n<td width=\"283\">Obudowa monoblokowa<\/td>\n<td width=\"303\">Sonda temperatury<\/td>\n<\/tr>\n<\/tbody>\n<\/table>\n<p>&nbsp;<\/p>\n<table width=\"586\">\n<tbody>\n<tr>\n<td><strong>Szczeg\u00f3\u0142y techniczne<\/strong><\/td>\n<td><\/td>\n<\/tr>\n<tr>\n<td>Pojemno\u015b\u0107<\/td>\n<td>150-300 kg\/godz.<\/td>\n<\/tr>\n<tr>\n<td>Moc<\/td>\n<td>7,5 KM<\/td>\n<\/tr>\n<tr>\n<td>Napi\u0119cie<\/td>\n<td>Tr\u00f3jfazowy 230\/400V 50Hz<\/td>\n<\/tr>\n<\/tbody>\n<\/table>","protected":false},"excerpt":{"rendered":"<p>M\u0142ynek tarczowy do ma\u0142ej i \u015bredniej produkcji kawy z \u0142atwymi ustawieniami mielenia kawy od bardzo drobnego do grubego. M\u0142ynek mo\u017ce pracowa\u0107 nieprzerwanie przez wiele godzin z rz\u0119du. Urz\u0105dzenie jest ch\u0142odzone powietrzem i posiada system wentylacji zapobiegaj\u0105cy nagrzewaniu si\u0119 kawy.<\/p>","protected":false},"featured_media":3766,"comment_status":"open","ping_status":"closed","template":"","meta":{"uix_meta_title":"","uix_meta_description":"","uix_canonical_url":""},"product_brand":[],"product_cat":[104],"product_tag":[],"class_list":{"0":"post-3765","1":"product","2":"type-product","3":"status-publish","4":"has-post-thumbnail","6":"product_cat-processing","8":"first","9":"instock","10":"shipping-taxable","11":"product-type-simple"},"_links":{"self":[{"href":"https:\/\/cormac.eu\/pl\/wp-json\/wp\/v2\/product\/3765","targetHints":{"allow":["GET"]}}],"collection":[{"href":"https:\/\/cormac.eu\/pl\/wp-json\/wp\/v2\/product"}],"about":[{"href":"https:\/\/cormac.eu\/pl\/wp-json\/wp\/v2\/types\/product"}],"replies":[{"embeddable":true,"href":"https:\/\/cormac.eu\/pl\/wp-json\/wp\/v2\/comments?post=3765"}],"wp:featuredmedia":[{"embeddable":true,"href":"https:\/\/cormac.eu\/pl\/wp-json\/wp\/v2\/media\/3766"}],"wp:attachment":[{"href":"https:\/\/cormac.eu\/pl\/wp-json\/wp\/v2\/media?parent=3765"}],"wp:term":[{"taxonomy":"product_brand","embeddable":true,"href":"https:\/\/cormac.eu\/pl\/wp-json\/wp\/v2\/product_brand?post=3765"},{"taxonomy":"product_cat","embeddable":true,"href":"https:\/\/cormac.eu\/pl\/wp-json\/wp\/v2\/product_cat?post=3765"},{"taxonomy":"product_tag","embeddable":true,"href":"https:\/\/cormac.eu\/pl\/wp-json\/wp\/v2\/product_tag?post=3765"}],"curies":[{"name":"wp","href":"https:\/\/api.w.org\/{rel}","templated":true}]}}