{"id":3761,"date":"2023-03-03T13:39:55","date_gmt":"2023-03-03T12:39:55","guid":{"rendered":"https:\/\/cormac.eu\/?post_type=product&#038;p=3761"},"modified":"2023-03-03T16:53:10","modified_gmt":"2023-03-03T15:53:10","slug":"palarnia-kawy-mieszanej-2","status":"publish","type":"product","link":"https:\/\/cormac.eu\/pl\/product\/mixed-coffee-roaster\/","title":{"rendered":"Mieszana palarnia kawy"},"content":{"rendered":"<p>P\u00f3\u0142automatyczna instalacja do pra\u017cenia g\u0142\u00f3wnie kawy i orzech\u00f3w, odpowiednia dla ma\u0142ych i \u015brednich zak\u0142ad\u00f3w produkcyjnych. Palarnia nadaje si\u0119 do naturalnego i mieszanego palenia kawy przy u\u017cyciu granulowanych dodatk\u00f3w, takich jak s\u00f3l, cukier itp. Palarni\u0119 mo\u017cna r\u00f3wnie\u017c zmodyfikowa\u0107 do naturalnego palenia zb\u00f3\u017c w r\u00f3\u017cnych rozmiarach. Sterownik PLC z inteligentnym oprogramowaniem do automatycznego \u015bledzenia krzywej pra\u017cenia, wykresami, umo\u017cliwia przechowywanie do 20 receptur pra\u017cenia, kontrolowanie pr\u0119dko\u015bci obrotowej b\u0119bna i wentylatora ss\u0105cego dla ka\u017cdej krzywej pra\u017cenia. Oprogramowanie zosta\u0142o opracowane we w\u0142asnym zakresie i jest zintegrowane z pra\u017calnikiem, bez dodatkowych koszt\u00f3w jego u\u017cytkowania. Ch\u0142odnica jest specjalna dla produkt\u00f3w naturalnych lub z dodatkami z centralnym wewn\u0119trznym sto\u017ckiem, kt\u00f3ry sp\u0142ywa do odp\u0142ywu klienta, aby odprowadzi\u0107 wod\u0119 z czyszczenia b\u0119bna pra\u017calniczego i samej ch\u0142odnicy. Cyklon dekantacyjny DCI zawiera izolowany zbiornik do spalania \u0142upin ziaren kawy. Palarnie te wykorzystuj\u0105 najnowsze osi\u0105gni\u0119cia technologiczne i s\u0105 wyposa\u017cone w opracowane przez nas oprogramowanie do tworzenia spersonalizowanych profili palenia. Oprogramowanie to jest do\u0142\u0105czone do palarni.<\/p>\n<p><strong>Pojemno\u015b\u0107<\/strong><\/p>\n<p>Ud\u017awig 15 kg - 30 kg ziaren kawy<br \/>\nZdolno\u015b\u0107 produkcyjna: Regulowane cykle 15-22 minut w zale\u017cno\u015bci od produktu i punktu kawy.<\/p>\n<p>&nbsp;<\/p>\n<table style=\"height: 382px\" width=\"713\">\n<tbody>\n<tr>\n<td width=\"402\"><strong>Cechy<\/strong><\/td>\n<td width=\"184\"><strong>Korzy\u015bci<\/strong><\/td>\n<\/tr>\n<tr>\n<td>B\u0119ben i obszary styku z produktem wykonane ze stali nierdzewnej<\/td>\n<td>Higieniczna konstrukcja<\/td>\n<\/tr>\n<tr>\n<td>Piekarnik umo\u017cliwia czyszczenie wod\u0105 ju\u017c dostosowan\u0105 do systemu.<\/td>\n<td>\u0141atwe czyszczenie<\/td>\n<\/tr>\n<tr>\n<td>Odzysk i recykling gor\u0105cego powietrza<\/td>\n<td>Oszcz\u0119dno\u015b\u0107 energii do 30%<\/td>\n<\/tr>\n<tr>\n<td>System modulacji temperatury<\/td>\n<td>Lepsza kontrola temperatury<br \/>\nEfektywno\u015b\u0107 energetyczna<\/td>\n<\/tr>\n<\/tbody>\n<\/table>\n<p>&nbsp;<\/p>\n<p>&nbsp;<\/p>\n<p>&nbsp;<\/p>","protected":false},"excerpt":{"rendered":"<p>Palarnia mieszana do naturalnego i mieszanego palenia kawy naturalnej, kawy palonej (kawy z cukrem), zb\u00f3\u017c, suszonych owoc\u00f3w, kakao i innych produkt\u00f3w granulowanych o przybli\u017conej wielko\u015bci 8 mm.<\/p>","protected":false},"featured_media":3763,"comment_status":"open","ping_status":"closed","template":"","meta":{"uix_meta_title":"","uix_meta_description":"","uix_canonical_url":""},"product_brand":[],"product_cat":[104],"product_tag":[],"class_list":{"0":"post-3761","1":"product","2":"type-product","3":"status-publish","4":"has-post-thumbnail","6":"product_cat-processing","8":"first","9":"instock","10":"shipping-taxable","11":"product-type-simple"},"_links":{"self":[{"href":"https:\/\/cormac.eu\/pl\/wp-json\/wp\/v2\/product\/3761","targetHints":{"allow":["GET"]}}],"collection":[{"href":"https:\/\/cormac.eu\/pl\/wp-json\/wp\/v2\/product"}],"about":[{"href":"https:\/\/cormac.eu\/pl\/wp-json\/wp\/v2\/types\/product"}],"replies":[{"embeddable":true,"href":"https:\/\/cormac.eu\/pl\/wp-json\/wp\/v2\/comments?post=3761"}],"wp:featuredmedia":[{"embeddable":true,"href":"https:\/\/cormac.eu\/pl\/wp-json\/wp\/v2\/media\/3763"}],"wp:attachment":[{"href":"https:\/\/cormac.eu\/pl\/wp-json\/wp\/v2\/media?parent=3761"}],"wp:term":[{"taxonomy":"product_brand","embeddable":true,"href":"https:\/\/cormac.eu\/pl\/wp-json\/wp\/v2\/product_brand?post=3761"},{"taxonomy":"product_cat","embeddable":true,"href":"https:\/\/cormac.eu\/pl\/wp-json\/wp\/v2\/product_cat?post=3761"},{"taxonomy":"product_tag","embeddable":true,"href":"https:\/\/cormac.eu\/pl\/wp-json\/wp\/v2\/product_tag?post=3761"}],"curies":[{"name":"wp","href":"https:\/\/api.w.org\/{rel}","templated":true}]}}