{"id":3758,"date":"2023-03-03T11:10:45","date_gmt":"2023-03-03T10:10:45","guid":{"rendered":"https:\/\/cormac.eu\/?post_type=product&#038;p=3758"},"modified":"2023-03-03T13:35:24","modified_gmt":"2023-03-03T12:35:24","slug":"przemyslowa-palarnia-kawy-2","status":"publish","type":"product","link":"https:\/\/cormac.eu\/pl\/product\/industrial-coffee-roaster\/","title":{"rendered":"Przemys\u0142owa palarnia kawy"},"content":{"rendered":"<p>Maszyna do naturalnego palenia ziaren zielonej kawy, orzech\u00f3w, zb\u00f3\u017c o wydajno\u015bci palenia od 15 kg do 30 kg\/cykl, uzyskuj\u0105ca od 3 do 5 cykli palenia na godzin\u0119, w zale\u017cno\u015bci od rodzaju kawy i punktu palenia. Zapewnia modulowan\u0105 kontrol\u0119 temperatury, PLC z inteligentnym oprogramowaniem i ekranem dotykowym w celu generowania i \u015bledzenia profili palenia. Wszystkie cykle palenia uzyskuj\u0105 ten sam profil palenia, a receptury palenia mo\u017cna dostosowywa\u0107 i przechowywa\u0107 zgodnie z pochodzeniem ka\u017cdego produktu.<br \/>\nDzi\u0119ki \u015brednim rozmiarom mo\u017cna go zamontowa\u0107 niemal wsz\u0119dzie i nieprzerwanie pracowa\u0107 w trybie automatycznym lub p\u00f3\u0142automatycznym przez ca\u0142y czas, zachowuj\u0105c doskona\u0142\u0105 jako\u015b\u0107.<\/p>\n<p>&nbsp;<\/p>\n<table width=\"586\">\n<tbody>\n<tr>\n<td width=\"251\"><strong>Cechy<\/strong><\/td>\n<td width=\"335\"><strong>Korzy\u015bci<\/strong><\/td>\n<\/tr>\n<tr>\n<td>Lej za\u0142adowczy<\/td>\n<td>\u0141atwa instalacja<\/td>\n<\/tr>\n<tr>\n<td>Ogrzewanie gazowe<\/td>\n<td>Elegancki wygl\u0105d<\/td>\n<\/tr>\n<tr>\n<td>Odzysk i recykling gor\u0105cego powietrza<\/td>\n<td>Niskie koszty utrzymania<\/td>\n<\/tr>\n<tr>\n<td>Izolacja w\u0142\u00f3knem kremowym o temperaturze 1250 \u00b0C<\/td>\n<td>Bezpiecze\u0144stwo, oszcz\u0119dno\u015b\u0107 energii, wydajno\u015b\u0107<\/td>\n<\/tr>\n<tr>\n<td>Palenisko ze stali ogniotrwa\u0142ej<\/td>\n<td>Brak konserwacji<\/td>\n<\/tr>\n<tr>\n<td>Niezale\u017cne wentylatory do pieczenia i ch\u0142odzenia.<\/td>\n<td>Kontrola temperatury<\/td>\n<\/tr>\n<tr>\n<td>Spalarnia cyklonowa plew.<\/td>\n<td><\/td>\n<\/tr>\n<tr>\n<td>Niezale\u017cna szafka elektryczna.<\/td>\n<td>Zwi\u0119kszone bezpiecze\u0144stwo i kontrola<\/td>\n<\/tr>\n<tr>\n<td>Palnik modulowany<\/td>\n<td>Oszcz\u0119dno\u015b\u0107 energii<\/td>\n<\/tr>\n<tr>\n<td>PLC i ekran dotykowy<\/td>\n<td>Pe\u0142na kontrola parametr\u00f3w procesu<\/td>\n<\/tr>\n<\/tbody>\n<\/table>\n<p>&nbsp;<\/p>\n<table width=\"586\">\n<tbody>\n<tr>\n<td><strong>Szczeg\u00f3\u0142y techniczne<\/strong><\/td>\n<td><\/td>\n<\/tr>\n<tr>\n<td>Wymiary<\/td>\n<td>D\u0142. 2300 x szer. 1800 x wys. 2170-2480 mm<\/td>\n<\/tr>\n<tr>\n<td>Waga<\/td>\n<td>1500 kg<\/td>\n<\/tr>\n<tr>\n<td>Napi\u0119cie<\/td>\n<td>Tr\u00f3jfazowy 380V + N+E 50\/60 Hz<\/td>\n<\/tr>\n<\/tbody>\n<\/table>","protected":false},"excerpt":{"rendered":"<p>P\u00f3\u0142automatyczna lub w pe\u0142ni automatyczna instalacja do pra\u017cenia umo\u017cliwiaj\u0105ca pra\u017cenie szerokiej gamy produkt\u00f3w w naturalny spos\u00f3b.<\/p>","protected":false},"featured_media":3759,"comment_status":"open","ping_status":"closed","template":"","meta":{"uix_meta_title":"","uix_meta_description":"","uix_canonical_url":""},"product_brand":[],"product_cat":[104],"product_tag":[],"class_list":{"0":"post-3758","1":"product","2":"type-product","3":"status-publish","4":"has-post-thumbnail","6":"product_cat-processing","8":"first","9":"instock","10":"shipping-taxable","11":"product-type-simple"},"_links":{"self":[{"href":"https:\/\/cormac.eu\/pl\/wp-json\/wp\/v2\/product\/3758","targetHints":{"allow":["GET"]}}],"collection":[{"href":"https:\/\/cormac.eu\/pl\/wp-json\/wp\/v2\/product"}],"about":[{"href":"https:\/\/cormac.eu\/pl\/wp-json\/wp\/v2\/types\/product"}],"replies":[{"embeddable":true,"href":"https:\/\/cormac.eu\/pl\/wp-json\/wp\/v2\/comments?post=3758"}],"wp:featuredmedia":[{"embeddable":true,"href":"https:\/\/cormac.eu\/pl\/wp-json\/wp\/v2\/media\/3759"}],"wp:attachment":[{"href":"https:\/\/cormac.eu\/pl\/wp-json\/wp\/v2\/media?parent=3758"}],"wp:term":[{"taxonomy":"product_brand","embeddable":true,"href":"https:\/\/cormac.eu\/pl\/wp-json\/wp\/v2\/product_brand?post=3758"},{"taxonomy":"product_cat","embeddable":true,"href":"https:\/\/cormac.eu\/pl\/wp-json\/wp\/v2\/product_cat?post=3758"},{"taxonomy":"product_tag","embeddable":true,"href":"https:\/\/cormac.eu\/pl\/wp-json\/wp\/v2\/product_tag?post=3758"}],"curies":[{"name":"wp","href":"https:\/\/api.w.org\/{rel}","templated":true}]}}