{"id":3756,"date":"2023-03-03T10:19:24","date_gmt":"2023-03-03T09:19:24","guid":{"rendered":"https:\/\/cormac.eu\/?post_type=product&#038;p=3756"},"modified":"2023-03-03T17:14:19","modified_gmt":"2023-03-03T16:14:19","slug":"maszyna-do-palenia-kawy","status":"publish","type":"product","link":"https:\/\/cormac.eu\/pl\/product\/coffee-roasting-machine\/","title":{"rendered":"Maszyna do palenia kawy (ma\u0142a)"},"content":{"rendered":"<p>Ta maszyna do palenia kawy jest odpowiednia dla punkt\u00f3w sprzeda\u017cy detalicznej kawy lub zak\u0142ad\u00f3w rzemie\u015blniczych. Mo\u017ce pra\u017cy\u0107 nie tylko zielone ziarna kawy, ale tak\u017ce inne produkty, takie jak zbo\u017ca i orzechy. Maszyna ma elegancki wygl\u0105d, kt\u00f3ry doda prawdziwej promocji i warto\u015bci produktu do punktu sprzeda\u017cy detalicznej. Jest \u0142atwa w obs\u0142udze i nie wymaga wielu czynno\u015bci konserwacyjnych. Jako\u015b\u0107 palenia b\u0119dzie doskona\u0142a, a efekt palenia b\u0119dzie sp\u00f3jny ze stabilnym punktem palenia.<\/p>\n<table width=\"586\">\n<tbody>\n<tr>\n<td colspan=\"2\" width=\"586\"><strong>Cechy<\/strong><\/td>\n<\/tr>\n<tr>\n<td width=\"292\">Plug and play<\/td>\n<td width=\"293\">\u0141atwa instalacja<\/td>\n<\/tr>\n<tr>\n<td width=\"292\">B\u0142yszcz\u0105ca czarna farba ze z\u0142otymi akcentami<\/td>\n<td width=\"293\">Elegancki wygl\u0105d<\/td>\n<\/tr>\n<tr>\n<td width=\"292\">Niskie koszty utrzymania<\/td>\n<td width=\"293\">Niskie koszty utrzymania<\/td>\n<\/tr>\n<tr>\n<td width=\"292\">Lej za\u0142adowczy<\/td>\n<td width=\"293\">Termostat cyfrowy<\/td>\n<\/tr>\n<tr>\n<td width=\"292\">Szuflada na plewy<\/td>\n<td width=\"293\">Przyk\u0142adowy pojemnik<\/td>\n<\/tr>\n<\/tbody>\n<\/table>\n<p>&nbsp;<\/p>\n<table width=\"586\">\n<tbody>\n<tr>\n<td width=\"292\"><strong>Szczeg\u00f3\u0142y techniczne<\/strong><\/td>\n<td width=\"293\"><\/td>\n<\/tr>\n<tr>\n<td width=\"292\">Pojemno\u015b\u0107<\/td>\n<td width=\"293\">Do 2 kg\/godz.<\/td>\n<\/tr>\n<tr>\n<td width=\"292\">Wymiary<\/td>\n<td width=\"293\">67 x 44 x 68 cm<\/td>\n<\/tr>\n<tr>\n<td width=\"292\">Waga<\/td>\n<td width=\"293\">65 kg<\/td>\n<\/tr>\n<tr>\n<td width=\"292\">Napi\u0119cie<\/td>\n<td width=\"293\">220 V 50 Hz<\/td>\n<\/tr>\n<tr>\n<td width=\"292\">moc<\/td>\n<td width=\"293\">1,5 kW<\/td>\n<\/tr>\n<\/tbody>\n<\/table>\n<p>&nbsp;<\/p>","protected":false},"excerpt":{"rendered":"<p>Ma\u0142a maszyna do palenia kawy dla smakoszy i kawiarni<\/p>","protected":false},"featured_media":3748,"comment_status":"open","ping_status":"closed","template":"","meta":{"uix_meta_title":"","uix_meta_description":"","uix_canonical_url":""},"product_brand":[],"product_cat":[107],"product_tag":[],"class_list":{"0":"post-3756","1":"product","2":"type-product","3":"status-publish","4":"has-post-thumbnail","6":"product_cat-artisanal","8":"first","9":"instock","10":"shipping-taxable","11":"product-type-simple"},"_links":{"self":[{"href":"https:\/\/cormac.eu\/pl\/wp-json\/wp\/v2\/product\/3756","targetHints":{"allow":["GET"]}}],"collection":[{"href":"https:\/\/cormac.eu\/pl\/wp-json\/wp\/v2\/product"}],"about":[{"href":"https:\/\/cormac.eu\/pl\/wp-json\/wp\/v2\/types\/product"}],"replies":[{"embeddable":true,"href":"https:\/\/cormac.eu\/pl\/wp-json\/wp\/v2\/comments?post=3756"}],"wp:featuredmedia":[{"embeddable":true,"href":"https:\/\/cormac.eu\/pl\/wp-json\/wp\/v2\/media\/3748"}],"wp:attachment":[{"href":"https:\/\/cormac.eu\/pl\/wp-json\/wp\/v2\/media?parent=3756"}],"wp:term":[{"taxonomy":"product_brand","embeddable":true,"href":"https:\/\/cormac.eu\/pl\/wp-json\/wp\/v2\/product_brand?post=3756"},{"taxonomy":"product_cat","embeddable":true,"href":"https:\/\/cormac.eu\/pl\/wp-json\/wp\/v2\/product_cat?post=3756"},{"taxonomy":"product_tag","embeddable":true,"href":"https:\/\/cormac.eu\/pl\/wp-json\/wp\/v2\/product_tag?post=3756"}],"curies":[{"name":"wp","href":"https:\/\/api.w.org\/{rel}","templated":true}]}}