{"id":3704,"date":"2022-06-23T16:26:06","date_gmt":"2022-06-23T14:26:06","guid":{"rendered":"https:\/\/cormac.eu\/?post_type=product&#038;p=3704"},"modified":"2022-06-23T16:26:06","modified_gmt":"2022-06-23T14:26:06","slug":"dekorator-3d","status":"publish","type":"product","link":"https:\/\/cormac.eu\/pl\/product\/3d-decorator\/","title":{"rendered":"3D Decorator"},"content":{"rendered":"<p>Dekorator 3 D jest w stanie nanie\u015b\u0107 dekoracj\u0119 na pod\u0142o\u017ce produktu poprzez 3-osiowy ruch kolektora osadzaj\u0105cego. Maszyna mo\u017ce by\u0107 u\u017cywana nad dowolnym przeno\u015bnikiem ta\u015bmowym lub na ko\u0144cu tunelu ch\u0142odz\u0105cego, na przyk\u0142ad linii do oblewania czekolad\u0105. Masa dekoracyjna mo\u017ce by\u0107 dostarczana za po\u015brednictwem rur z p\u0142aszczem wodnym na g\u0142\u00f3wnym pier\u015bcieniu.<\/p>\n<p><img decoding=\"async\" class=\"alignnone  wp-image-3705\" src=\"https:\/\/cormac.eu\/wp-content\/uploads\/2022\/06\/wymbs-supply-tank-station-283x300.jpg\" alt=\"\" width=\"189\" height=\"200\" srcset=\"https:\/\/cormac.eu\/wp-content\/uploads\/2022\/06\/wymbs-supply-tank-station-283x300.jpg 283w, https:\/\/cormac.eu\/wp-content\/uploads\/2022\/06\/wymbs-supply-tank-station.jpg 456w\" sizes=\"(max-width: 189px) 100vw, 189px\" \/><\/p>\n<p>Dysze do osadzania lub dekorowania mog\u0105 by\u0107 dostosowane do produktu (produkt\u00f3w).<br \/>\nG\u0142owica deponuj\u0105ca zosta\u0142a zaprojektowana w taki spos\u00f3b, aby cz\u0119\u015bci mo\u017cna by\u0142o \u0142atwo konserwowa\u0107 lub wymienia\u0107.<\/p>\n<table>\n<tbody>\n<tr>\n<td width=\"302\"><strong>Cechy<\/strong><\/td>\n<td width=\"302\"><strong>Korzy\u015bci<\/strong><\/td>\n<\/tr>\n<tr>\n<td width=\"302\">Rami\u0119 robota Fanuc Scara<\/td>\n<td width=\"302\">W pe\u0142ni programowalny<\/td>\n<\/tr>\n<tr>\n<td width=\"302\">3 osie ruchu<\/td>\n<td width=\"302\">Elastyczny projekt dekoracji<br \/>\nNadaje si\u0119 do produkt\u00f3w o r\u00f3\u017cnej wysoko\u015bci<\/td>\n<\/tr>\n<tr>\n<td width=\"302\">Standard IP65<\/td>\n<td width=\"302\">Odporno\u015b\u0107 na kurz i wod\u0119<\/td>\n<\/tr>\n<tr>\n<td width=\"302\">Zintegrowana kontrola<\/td>\n<td width=\"302\">Funkcja uczenia<br \/>\nMulti program<\/td>\n<\/tr>\n<tr>\n<td width=\"302\">Zintegrowany przeno\u015bnik z enkoderem synchronizuj\u0105cym<\/td>\n<td width=\"302\">Depozyty zsynchronizowane z ruchem przeno\u015bnika<\/td>\n<\/tr>\n<tr>\n<td width=\"302\">Chowany pasek<\/td>\n<td width=\"302\">\u0141atwe czyszczenie<\/td>\n<\/tr>\n<tr>\n<td width=\"302\">Rama na k\u00f3\u0142kach<\/td>\n<td width=\"302\">Mobilno\u015b\u0107<\/td>\n<\/tr>\n<tr>\n<td width=\"302\">&nbsp;<\/td>\n<td width=\"302\">&nbsp;<\/td>\n<\/tr>\n<\/tbody>\n<\/table>\n<p>&nbsp;<\/p>","protected":false},"excerpt":{"rendered":"<p>Ruchoma jednostka dekoracyjna 3D do sznurk\u00f3w i innych wzor\u00f3w dekoracyjnych<\/p>","protected":false},"featured_media":3703,"comment_status":"open","ping_status":"closed","template":"","meta":{"uix_meta_title":"","uix_meta_description":"","uix_canonical_url":""},"product_brand":[],"product_cat":[104],"product_tag":[],"class_list":{"0":"post-3704","1":"product","2":"type-product","3":"status-publish","4":"has-post-thumbnail","6":"product_cat-processing","8":"first","9":"instock","10":"shipping-taxable","11":"product-type-simple"},"_links":{"self":[{"href":"https:\/\/cormac.eu\/pl\/wp-json\/wp\/v2\/product\/3704","targetHints":{"allow":["GET"]}}],"collection":[{"href":"https:\/\/cormac.eu\/pl\/wp-json\/wp\/v2\/product"}],"about":[{"href":"https:\/\/cormac.eu\/pl\/wp-json\/wp\/v2\/types\/product"}],"replies":[{"embeddable":true,"href":"https:\/\/cormac.eu\/pl\/wp-json\/wp\/v2\/comments?post=3704"}],"wp:featuredmedia":[{"embeddable":true,"href":"https:\/\/cormac.eu\/pl\/wp-json\/wp\/v2\/media\/3703"}],"wp:attachment":[{"href":"https:\/\/cormac.eu\/pl\/wp-json\/wp\/v2\/media?parent=3704"}],"wp:term":[{"taxonomy":"product_brand","embeddable":true,"href":"https:\/\/cormac.eu\/pl\/wp-json\/wp\/v2\/product_brand?post=3704"},{"taxonomy":"product_cat","embeddable":true,"href":"https:\/\/cormac.eu\/pl\/wp-json\/wp\/v2\/product_cat?post=3704"},{"taxonomy":"product_tag","embeddable":true,"href":"https:\/\/cormac.eu\/pl\/wp-json\/wp\/v2\/product_tag?post=3704"}],"curies":[{"name":"wp","href":"https:\/\/api.w.org\/{rel}","templated":true}]}}