{"id":3659,"date":"2022-06-06T00:05:01","date_gmt":"2022-06-05T22:05:01","guid":{"rendered":"https:\/\/cormac.eu\/?post_type=product&#038;p=3659"},"modified":"2022-06-06T00:10:38","modified_gmt":"2022-06-05T22:10:38","slug":"rolki-do-formowania-soczewicy","status":"publish","type":"product","link":"https:\/\/cormac.eu\/pl\/product\/lentil-forming-rollers\/","title":{"rendered":"Rolki formuj\u0105ce do soczewicy"},"content":{"rendered":"<p>Jeden zestaw sk\u0142ada si\u0119 z dw\u00f3ch odwirowanych cylindr\u00f3w z br\u0105zu do formowania soczewek, zaprojektowanych do produkcji symetrycznych i solidnych centr\u00f3w czekoladowych, takich jak soczewki, ma\u0142e kulki, serca i podobne kszta\u0142ty. Na powierzchni cylindr\u00f3w wymagane centra s\u0105 precyzyjnie wygrawerowane. Ka\u017cde wygrawerowane wg\u0142\u0119bienie odpowiada po\u0142owie gotowego produktu. Dwa walce s\u0105 precyzyjnie ustawione i zsynchronizowane za pomoc\u0105 k\u00f3\u0142 z\u0119batych, dzi\u0119ki czemu wg\u0142\u0119bienie na jednym walcu zawsze dok\u0142adnie pasuje do wg\u0142\u0119bienia na drugim walcu, dzi\u0119ki czemu obie po\u0142\u00f3wki tworz\u0105 idealny produkt. Oba walce obracaj\u0105 si\u0119 przeciwbie\u017cnie z t\u0105 sam\u0105 pr\u0119dko\u015bci\u0105. Czekolada lub masa jest podawana przez rur\u0119 z podw\u00f3jnym p\u0142aszczem i regulowanymi dyszami na walce. Obw\u00f3d ka\u017cdego z walc\u00f3w przesuwa si\u0119 w d\u00f3\u0142, wt\u0142aczaj\u0105c czekolad\u0119 pomi\u0119dzy nie w celu ca\u0142kowitego wype\u0142nienia grawerunku. Wn\u0119trze cylindr\u00f3w jest puste i zawiera specjalne rurki z wymuszonym obiegiem sch\u0142odzonej wody lub glikolu, co zapewnia jednolit\u0105, nisk\u0105 temperatur\u0119 na powierzchni z br\u0105zu. Dzi\u0119ki temu \"super ch\u0142odzeniu\" czekolada natychmiast krystalizuje si\u0119 mi\u0119dzy wg\u0142\u0119bieniami. Dzi\u0119ki precyzyjnie regulowanej szczelinie mi\u0119dzy dwoma walcami, powstaje dywan (lub \"wst\u0119ga\") czekolady, kt\u00f3ry utrzymuje wszystkie uformowane soczewki. Grubo\u015b\u0107 tej wst\u0119gi jest precyzyjnie kontrolowana poprzez mechaniczn\u0105 regulacj\u0119, dzi\u0119ki czemu soczewki mo\u017cna \u0142atwo oddzieli\u0107 od wst\u0119gi po sch\u0142odzeniu. Wlot i wylot glikolu z cylindr\u00f3w s\u0105 skrzy\u017cowane, zapewniaj\u0105c sta\u0142\u0105 r\u00f3\u017cnic\u0119 temperatur wzd\u0142u\u017c walc\u00f3w.<\/p>\n<p>Rolki s\u0105 zamontowane z wa\u0142kami w \u0142o\u017cyskach kulkowych w zamkni\u0119tej komorze ze stali nierdzewnej i wsparte na dw\u00f3ch ramach ze stali nierdzewnej. Do komory mo\u017ce by\u0107 wt\u0142aczane osuszone powietrze. Boczne ko\u0142nierze rolek s\u0105 wykonane ze stali nierdzewnej.  Ca\u0142a grupa rolek jest zamontowana na prowadnicach, aby umo\u017cliwi\u0107 szybk\u0105 wymian\u0119. Ka\u017cda rolka jest wyposa\u017cona w plastikowy skrobak.<\/p>\n<p>Rolki s\u0105 nap\u0119dzane motoreduktorem z regulacj\u0105 cz\u0119stotliwo\u015bci w celu regulacji pr\u0119dko\u015bci obrotowej.<br \/>\nSzafa elektryczna si\u0142ownik\u00f3w jest zintegrowana z szaf\u0105 tunelu ch\u0142odz\u0105cego.<\/p>\n<p>Kompletna linia do formowania soczewicy obejmuje zbiornik(i) do przechowywania czekolady, w zale\u017cno\u015bci od produktu ko\u0144cowego, maszyn\u0119 do temperowania, zestaw cylindr\u00f3w formuj\u0105cych zamontowanych nad przeno\u015bnikiem ta\u015bmowym na wlocie do tunelu ch\u0142odz\u0105cego, system doprowadzania wody ch\u0142odz\u0105cej lub glikolu, tunel ch\u0142odz\u0105cy i b\u0119ben oddzielaj\u0105cy. Czekolada z ta\u015bmy jest ponownie kierowana do zbiornika do przechowywania i mieszania czekolady. Cz\u0119sto, po oddzieleniu od ta\u015bmy, uformowana soczewica jest powlekana cukrem w b\u0119bnach powlekaj\u0105cych i polerowana w b\u0119bnach poleruj\u0105cych, a nast\u0119pnie jest gotowa do pakowania.<\/p>\n<p><img decoding=\"async\" class=\"alignnone wp-image-3665\" src=\"https:\/\/cormac.eu\/wp-content\/uploads\/2022\/06\/Fecoatec-lentil-P1000419-1024x769-1-300x225.jpg\" alt=\"\" width=\"182\" height=\"136\" srcset=\"https:\/\/cormac.eu\/wp-content\/uploads\/2022\/06\/Fecoatec-lentil-P1000419-1024x769-1-300x225.jpg 300w, https:\/\/cormac.eu\/wp-content\/uploads\/2022\/06\/Fecoatec-lentil-P1000419-1024x769-1-768x577.jpg 768w, https:\/\/cormac.eu\/wp-content\/uploads\/2022\/06\/Fecoatec-lentil-P1000419-1024x769-1-600x451.jpg 600w, https:\/\/cormac.eu\/wp-content\/uploads\/2022\/06\/Fecoatec-lentil-P1000419-1024x769-1.jpg 1024w\" sizes=\"(max-width: 182px) 100vw, 182px\" \/>\u00a0 \u00a0 \u00a0<img decoding=\"async\" class=\"wp-image-3662\" src=\"https:\/\/cormac.eu\/wp-content\/uploads\/2022\/06\/Fecoatec-dark-chocolate-lentils--300x200.jpg\" alt=\"\" width=\"210\" height=\"140\" srcset=\"https:\/\/cormac.eu\/wp-content\/uploads\/2022\/06\/Fecoatec-dark-chocolate-lentils--300x200.jpg 300w, https:\/\/cormac.eu\/wp-content\/uploads\/2022\/06\/Fecoatec-dark-chocolate-lentils--600x399.jpg 600w, https:\/\/cormac.eu\/wp-content\/uploads\/2022\/06\/Fecoatec-dark-chocolate-lentils-.jpg 640w\" sizes=\"(max-width: 210px) 100vw, 210px\" \/>\u00a0 \u00a0 <img decoding=\"async\" class=\"wp-image-3661\" src=\"https:\/\/cormac.eu\/wp-content\/uploads\/2022\/06\/Fecoatec-chocolate-hearts--300x200.jpg\" alt=\"\" width=\"200\" height=\"133\" srcset=\"https:\/\/cormac.eu\/wp-content\/uploads\/2022\/06\/Fecoatec-chocolate-hearts--300x200.jpg 300w, https:\/\/cormac.eu\/wp-content\/uploads\/2022\/06\/Fecoatec-chocolate-hearts--600x399.jpg 600w, https:\/\/cormac.eu\/wp-content\/uploads\/2022\/06\/Fecoatec-chocolate-hearts-.jpg 640w\" sizes=\"(max-width: 200px) 100vw, 200px\" \/>\u00a0 \u00a0 <img loading=\"lazy\" decoding=\"async\" class=\"alignnone wp-image-3660\" src=\"https:\/\/cormac.eu\/wp-content\/uploads\/2022\/06\/Fecoatec-cake-pops-693645_640-300x225.jpg\" alt=\"\" width=\"187\" height=\"140\" srcset=\"https:\/\/cormac.eu\/wp-content\/uploads\/2022\/06\/Fecoatec-cake-pops-693645_640-300x225.jpg 300w, https:\/\/cormac.eu\/wp-content\/uploads\/2022\/06\/Fecoatec-cake-pops-693645_640-600x450.jpg 600w, https:\/\/cormac.eu\/wp-content\/uploads\/2022\/06\/Fecoatec-cake-pops-693645_640.jpg 640w\" sizes=\"(max-width: 187px) 100vw, 187px\" \/><\/p>\n<div class=\"mceTemp\"><\/div>\n<table style=\"height: 946px\" width=\"715\">\n<tbody>\n<tr>\n<td width=\"230\"><strong>Cechy<\/strong><\/td>\n<td width=\"355\"><strong>Korzy\u015bci<\/strong><\/td>\n<\/tr>\n<tr>\n<td>Rama ze stali nierdzewnej, g\u00f3rna cz\u0119\u015b\u0107 ze stali obrabianej maszynowo<\/td>\n<td>\n<ul>\n<li>\u0141atwe czyszczenie<\/li>\n<li>Wytrzyma\u0142y<\/li>\n<\/ul>\n<\/td>\n<\/tr>\n<tr>\n<td>Ochrona elektroniczna<\/td>\n<td>\n<ul>\n<li>Rolki zatrzymuj\u0105 si\u0119 w przypadku przeci\u0105\u017cenia<\/li>\n<\/ul>\n<\/td>\n<\/tr>\n<tr>\n<td>Rolki zamontowane na prowadnicach<\/td>\n<td>\n<ul>\n<li>Szybka zmiana<\/li>\n<\/ul>\n<\/td>\n<\/tr>\n<tr>\n<td>Skrzy\u017cowany wlot\/wylot glikolu<\/td>\n<td>\n<ul>\n<li>Sta\u0142a r\u00f3\u017cnica temperatur wzd\u0142u\u017c rolek<\/li>\n<\/ul>\n<\/td>\n<\/tr>\n<tr>\n<td>Boczne ko\u0142nierze rolek ze stali nierdzewnej<\/td>\n<td>\n<ul>\n<li>Higiena<\/li>\n<li>\u0141atwe czyszczenie<\/li>\n<\/ul>\n<\/td>\n<\/tr>\n<tr>\n<td>Os\u0142ony z poliw\u0119glanu<\/td>\n<td>\n<ul>\n<li>Bezpiecze\u0144stwo operatora<\/li>\n<li>Widoczny obszar formowania<\/li>\n<\/ul>\n<\/td>\n<\/tr>\n<tr>\n<td>OPCJE<\/td>\n<td><\/td>\n<\/tr>\n<tr>\n<td>Maszyna do odpuszczania<\/td>\n<td><\/td>\n<\/tr>\n<tr>\n<td>Zbiornik magazynowy\/buforowy\/rekuperacyjny<\/td>\n<td><\/td>\n<\/tr>\n<tr>\n<td>Tunel ch\u0142odz\u0105cy<\/td>\n<td><\/td>\n<\/tr>\n<tr>\n<td>B\u0119ben separacyjny<\/td>\n<td><\/td>\n<\/tr>\n<tr>\n<td>Patelnie do powlekania<\/td>\n<td><\/td>\n<\/tr>\n<tr>\n<td>Osuszacz powietrza dla obszaru formowania<\/td>\n<td><\/td>\n<\/tr>\n<\/tbody>\n<\/table>","protected":false},"excerpt":{"rendered":"<p>Zestaw cylindr\u00f3w formuj\u0105cych do produkcji symetrycznych i solidnych czekoladowych \u015brodk\u00f3w, takich jak soczewice, ma\u0142e kulki, serca i podobne kszta\u0142ty.<\/p>","protected":false},"featured_media":3664,"comment_status":"open","ping_status":"closed","template":"","meta":{"uix_meta_title":"","uix_meta_description":"","uix_canonical_url":""},"product_brand":[],"product_cat":[104],"product_tag":[204,243,177],"class_list":{"0":"post-3659","1":"product","2":"type-product","3":"status-publish","4":"has-post-thumbnail","6":"product_cat-processing","7":"product_tag-chocolate-balls","8":"product_tag-chocolate-coffee-beans","9":"product_tag-lentils","11":"first","12":"instock","13":"shipping-taxable","14":"product-type-simple"},"_links":{"self":[{"href":"https:\/\/cormac.eu\/pl\/wp-json\/wp\/v2\/product\/3659","targetHints":{"allow":["GET"]}}],"collection":[{"href":"https:\/\/cormac.eu\/pl\/wp-json\/wp\/v2\/product"}],"about":[{"href":"https:\/\/cormac.eu\/pl\/wp-json\/wp\/v2\/types\/product"}],"replies":[{"embeddable":true,"href":"https:\/\/cormac.eu\/pl\/wp-json\/wp\/v2\/comments?post=3659"}],"wp:featuredmedia":[{"embeddable":true,"href":"https:\/\/cormac.eu\/pl\/wp-json\/wp\/v2\/media\/3664"}],"wp:attachment":[{"href":"https:\/\/cormac.eu\/pl\/wp-json\/wp\/v2\/media?parent=3659"}],"wp:term":[{"taxonomy":"product_brand","embeddable":true,"href":"https:\/\/cormac.eu\/pl\/wp-json\/wp\/v2\/product_brand?post=3659"},{"taxonomy":"product_cat","embeddable":true,"href":"https:\/\/cormac.eu\/pl\/wp-json\/wp\/v2\/product_cat?post=3659"},{"taxonomy":"product_tag","embeddable":true,"href":"https:\/\/cormac.eu\/pl\/wp-json\/wp\/v2\/product_tag?post=3659"}],"curies":[{"name":"wp","href":"https:\/\/api.w.org\/{rel}","templated":true}]}}