{"id":3652,"date":"2022-06-05T20:22:55","date_gmt":"2022-06-05T18:22:55","guid":{"rendered":"https:\/\/cormac.eu\/?post_type=product&#038;p=3652"},"modified":"2022-06-17T17:12:33","modified_gmt":"2022-06-17T15:12:33","slug":"melting-and-mixing-tank-unit","status":"publish","type":"product","link":"https:\/\/cormac.eu\/pl\/product\/melting-and-mixing-tank-unit\/","title":{"rendered":"Zestaw zbiornik\u00f3w do topienia i mieszania"},"content":{"rendered":"<p>Compact tank set for melting, mixing, storing or buffering chocolate, compound, fat masses and creams. This is a custom built installation made to the customer\u2019s specifications and needs. Generally, this installation comprises several tanks for the mixing, controlled melting and storage or buffering of masses, including an (optional) automatic CIP system, intermediate pumps and piping, plus dosed discharge to the consumption point. Tanks are of a vertical design and are excecuted with triple jacket: product zone, heating medium circulation and thermal insulation. They furthermore include an automatic heating media generation system with centrifugal pump, electrical heater, temperature probe and control elements.<\/p>\n<p>&nbsp;<\/p>\n<p><img decoding=\"async\" class=\"alignnone wp-image-3650\" src=\"https:\/\/cormac.eu\/wp-content\/uploads\/2022\/06\/fecoatec-melted-chocolate-300x300.jpg\" alt=\"\" width=\"130\" height=\"130\" srcset=\"https:\/\/cormac.eu\/wp-content\/uploads\/2022\/06\/fecoatec-melted-chocolate-300x300.jpg 300w, https:\/\/cormac.eu\/wp-content\/uploads\/2022\/06\/fecoatec-melted-chocolate-1024x1024.jpg 1024w, https:\/\/cormac.eu\/wp-content\/uploads\/2022\/06\/fecoatec-melted-chocolate-150x150.jpg 150w, https:\/\/cormac.eu\/wp-content\/uploads\/2022\/06\/fecoatec-melted-chocolate-768x768.jpg 768w, https:\/\/cormac.eu\/wp-content\/uploads\/2022\/06\/fecoatec-melted-chocolate-600x600.jpg 600w, https:\/\/cormac.eu\/wp-content\/uploads\/2022\/06\/fecoatec-melted-chocolate-100x100.jpg 100w, https:\/\/cormac.eu\/wp-content\/uploads\/2022\/06\/fecoatec-melted-chocolate.jpg 1180w\" sizes=\"(max-width: 130px) 100vw, 130px\" \/>\u00a0 \u00a0<img decoding=\"async\" class=\"wp-image-3648\" src=\"https:\/\/cormac.eu\/wp-content\/uploads\/2022\/06\/Fecoatec-bowl-of-chocolate-and-milk-vanilla-cream-300x300.jpg\" alt=\"\" width=\"156\" height=\"156\" srcset=\"https:\/\/cormac.eu\/wp-content\/uploads\/2022\/06\/Fecoatec-bowl-of-chocolate-and-milk-vanilla-cream-300x300.jpg 300w, https:\/\/cormac.eu\/wp-content\/uploads\/2022\/06\/Fecoatec-bowl-of-chocolate-and-milk-vanilla-cream.jpg 1024w, https:\/\/cormac.eu\/wp-content\/uploads\/2022\/06\/Fecoatec-bowl-of-chocolate-and-milk-vanilla-cream-150x150.jpg 150w, https:\/\/cormac.eu\/wp-content\/uploads\/2022\/06\/Fecoatec-bowl-of-chocolate-and-milk-vanilla-cream-768x768.jpg 768w, https:\/\/cormac.eu\/wp-content\/uploads\/2022\/06\/Fecoatec-bowl-of-chocolate-and-milk-vanilla-cream-600x600.jpg 600w, https:\/\/cormac.eu\/wp-content\/uploads\/2022\/06\/Fecoatec-bowl-of-chocolate-and-milk-vanilla-cream-100x100.jpg 100w\" sizes=\"(max-width: 156px) 100vw, 156px\" \/> \u00a0<img decoding=\"async\" class=\"wp-image-3649\" src=\"https:\/\/cormac.eu\/wp-content\/uploads\/2022\/06\/fecoatec-chocolate-cream-swirl-300x300.jpg\" alt=\"\" width=\"160\" height=\"160\" srcset=\"https:\/\/cormac.eu\/wp-content\/uploads\/2022\/06\/fecoatec-chocolate-cream-swirl-300x300.jpg 300w, https:\/\/cormac.eu\/wp-content\/uploads\/2022\/06\/fecoatec-chocolate-cream-swirl.jpg 1024w, https:\/\/cormac.eu\/wp-content\/uploads\/2022\/06\/fecoatec-chocolate-cream-swirl-150x150.jpg 150w, https:\/\/cormac.eu\/wp-content\/uploads\/2022\/06\/fecoatec-chocolate-cream-swirl-768x768.jpg 768w, https:\/\/cormac.eu\/wp-content\/uploads\/2022\/06\/fecoatec-chocolate-cream-swirl-600x600.jpg 600w, https:\/\/cormac.eu\/wp-content\/uploads\/2022\/06\/fecoatec-chocolate-cream-swirl-100x100.jpg 100w\" sizes=\"(max-width: 160px) 100vw, 160px\" \/><\/p>\n<div class=\"mceTemp\"><\/div>\n<div class=\"mceTemp\"><\/div>\n<p>&nbsp;<\/p>\n<table style=\"height: 1030px\" width=\"701\">\n<tbody>\n<tr>\n<td width=\"230\"><strong>Cechy<\/strong><\/td>\n<td width=\"355\"><strong>Korzy\u015bci<\/strong><\/td>\n<\/tr>\n<tr>\n<td>Completely in Stainless Steel AISI304L<\/td>\n<td>\n<ul>\n<li>Higiena<\/li>\n<li>\u0141atwe czyszczenie<\/li>\n<\/ul>\n<\/td>\n<\/tr>\n<tr>\n<td>On load cells<\/td>\n<td>\n<ul>\n<li>Recipee and dosage controle control<\/li>\n<\/ul>\n<\/td>\n<\/tr>\n<tr>\n<td>2 mixers<\/td>\n<td>\n<ul>\n<li>Fast dissolution.<\/li>\n<li>Homogene mass.<\/li>\n<li>HMI controlled rotation speed<\/li>\n<\/ul>\n<\/td>\n<\/tr>\n<tr>\n<td>Food grade wall scrapers with oil leak detection<\/td>\n<td>\n<ul>\n<li>Avoid gear box oil entering tank<\/li>\n<\/ul>\n<\/td>\n<\/tr>\n<tr>\n<td>Pumps and piping integrated<\/td>\n<td>\n<ul>\n<li>Plug and play set on skid<\/li>\n<\/ul>\n<\/td>\n<\/tr>\n<tr>\n<td>Jacketed<\/td>\n<td>\n<ul>\n<li>Temperature control<\/li>\n<li>Prevent mass crystallziation<\/li>\n<\/ul>\n<\/td>\n<\/tr>\n<tr>\n<td>PLC \/ HMI controlled<\/td>\n<td>\n<ul>\n<li>Precise parameter control<\/li>\n<li>Recipee storage<\/li>\n<li>Setting of mass levels and flows<\/li>\n<\/ul>\n<\/td>\n<\/tr>\n<tr>\n<td>OPTIONAL<\/td>\n<td><\/td>\n<\/tr>\n<tr>\n<td>Access platform<\/td>\n<td>\n<ul>\n<li>Access to high tank doors<\/li>\n<\/ul>\n<\/td>\n<\/tr>\n<tr>\n<td>CIP System<\/td>\n<td>\n<ul>\n<li>Automated cleaning process.<\/li>\n<li>Less downtime.<\/li>\n<\/ul>\n<\/td>\n<\/tr>\n<tr>\n<td>AISI 316L execution<\/td>\n<td>\n<ul>\n<li>Recommended in case CIP is using aggressive agents<\/li>\n<\/ul>\n<\/td>\n<\/tr>\n<tr>\n<td>Automatic loading system<\/td>\n<td>\n<ul>\n<li>Wy\u017csza wydajno\u015b\u0107<\/li>\n<li>Better product consistency<\/li>\n<\/ul>\n<\/td>\n<\/tr>\n<\/tbody>\n<\/table>\n<p>&nbsp;<\/p>","protected":false},"excerpt":{"rendered":"<p>Kompaktowy zestaw zbiornik\u00f3w do topienia, mieszania i buforowania na p\u0142ozach, wraz z pompami i orurowaniem<\/p>","protected":false},"featured_media":3651,"comment_status":"open","ping_status":"closed","template":"","meta":{"uix_meta_title":"","uix_meta_description":"","uix_canonical_url":""},"product_brand":[],"product_cat":[104],"product_tag":[187,238,241,190,237,201],"class_list":{"0":"post-3652","1":"product","2":"type-product","3":"status-publish","4":"has-post-thumbnail","6":"product_cat-processing","7":"product_tag-biscuit-creams","8":"product_tag-chocolate-mass","9":"product_tag-compound","10":"product_tag-dairy-creams","11":"product_tag-fat-masses","12":"product_tag-wafer-creams","14":"first","15":"instock","16":"shipping-taxable","17":"product-type-simple"},"_links":{"self":[{"href":"https:\/\/cormac.eu\/pl\/wp-json\/wp\/v2\/product\/3652","targetHints":{"allow":["GET"]}}],"collection":[{"href":"https:\/\/cormac.eu\/pl\/wp-json\/wp\/v2\/product"}],"about":[{"href":"https:\/\/cormac.eu\/pl\/wp-json\/wp\/v2\/types\/product"}],"replies":[{"embeddable":true,"href":"https:\/\/cormac.eu\/pl\/wp-json\/wp\/v2\/comments?post=3652"}],"wp:featuredmedia":[{"embeddable":true,"href":"https:\/\/cormac.eu\/pl\/wp-json\/wp\/v2\/media\/3651"}],"wp:attachment":[{"href":"https:\/\/cormac.eu\/pl\/wp-json\/wp\/v2\/media?parent=3652"}],"wp:term":[{"taxonomy":"product_brand","embeddable":true,"href":"https:\/\/cormac.eu\/pl\/wp-json\/wp\/v2\/product_brand?post=3652"},{"taxonomy":"product_cat","embeddable":true,"href":"https:\/\/cormac.eu\/pl\/wp-json\/wp\/v2\/product_cat?post=3652"},{"taxonomy":"product_tag","embeddable":true,"href":"https:\/\/cormac.eu\/pl\/wp-json\/wp\/v2\/product_tag?post=3652"}],"curies":[{"name":"wp","href":"https:\/\/api.w.org\/{rel}","templated":true}]}}