{"id":3632,"date":"2022-06-05T14:58:31","date_gmt":"2022-06-05T12:58:31","guid":{"rendered":"https:\/\/cormac.eu\/?post_type=product&#038;p=3632"},"modified":"2022-06-05T18:11:51","modified_gmt":"2022-06-05T16:11:51","slug":"linia-do-przetwarzania-smietany","status":"publish","type":"product","link":"https:\/\/cormac.eu\/pl\/product\/cream-processing-line\/","title":{"rendered":"Linia do przetwarzania \u015bmietany"},"content":{"rendered":"<p>Niestandardowe linie do przetwarzania krem\u00f3w odbieraj\u0105 produkt z g\u0142\u00f3wnego przeno\u015bnika procesowego lub s\u0105 \u0142adowane r\u0119cznie. Linia przetw\u00f3rcza zazwyczaj \u0142\u0105czy w sobie wieloosiowe stacje osadzania i stacje wtrysku z jednostkami dekoruj\u0105cymi i posypuj\u0105cymi w celu wykonania wielu operacji na tym samym produkcie, podczas gdy przemieszcza si\u0119 on w spos\u00f3b ci\u0105g\u0142y na dedykowanym przeno\u015bniku transportowym. Produkty mog\u0105 by\u0107 przenoszone na przeno\u015bniku w bezpo\u015brednim kontakcie z przeno\u015bnikiem, g\u0142\u00f3wnie przy u\u017cyciu listew o niskim wsp\u00f3\u0142czynniku tarcia lub w termoformowanych tacach. Linia przetw\u00f3rcza mo\u017ce by\u0107 zaprojektowana dla r\u00f3\u017cnych rodzaj\u00f3w produkt\u00f3w. Mo\u017cna na przyk\u0142ad pomy\u015ble\u0107 o linii do przetwarzania ekler\u00f3w. W kt\u00f3rym najpierw wtryskiwana jest napowietrzona \u015bwie\u017ca \u015bmietana, a nast\u0119pnie polewa z fondantu lub lukru. Innym przyk\u0142adem takiej linii mo\u017ce by\u0107 wtrysk \u015bwie\u017cej \u015bmietany do bu\u0142eczek parzonych lub profiteroles, a nast\u0119pnie dekoracja polew\u0105 czekoladow\u0105. Mo\u017cna te\u017c pomy\u015ble\u0107 o wstrzykiwaniu d\u017cemu do p\u0105czk\u00f3w berli\u0144skich lub krojeniu i otwieraniu d\u0142ugich paluszk\u00f3w z paskami d\u017cemu, kremu lub przecieru jab\u0142kowego, a nast\u0119pnie nak\u0142adaniu \u015bwie\u017cej napowietrzonej \u015bmietany. Linie te obejmuj\u0105 r\u00f3wnie\u017c nak\u0142adanie fondantu i dekorowanie ciastek.  Kombinacje produkt\u00f3w s\u0105 nieograniczone, a linie te stanowi\u0105 cenn\u0105 i elastyczn\u0105 inwestycj\u0119 dla klienta.<\/p>\n<p><img decoding=\"async\" class=\"alignnone size-medium wp-image-3634\" src=\"https:\/\/cormac.eu\/wp-content\/uploads\/2022\/06\/wymbs-processing-line-01-300x53.jpg\" alt=\"\" width=\"300\" height=\"53\" srcset=\"https:\/\/cormac.eu\/wp-content\/uploads\/2022\/06\/wymbs-processing-line-01-300x53.jpg 300w, https:\/\/cormac.eu\/wp-content\/uploads\/2022\/06\/wymbs-processing-line-01-1024x180.jpg 1024w, https:\/\/cormac.eu\/wp-content\/uploads\/2022\/06\/wymbs-processing-line-01-768x135.jpg 768w, https:\/\/cormac.eu\/wp-content\/uploads\/2022\/06\/wymbs-processing-line-01-600x105.jpg 600w, https:\/\/cormac.eu\/wp-content\/uploads\/2022\/06\/wymbs-processing-line-01.jpg 1140w\" sizes=\"(max-width: 300px) 100vw, 300px\" \/>\u00a0 \u00a0<img decoding=\"async\" class=\"alignnone wp-image-3640\" src=\"https:\/\/cormac.eu\/wp-content\/uploads\/2022\/06\/wymbs-processing-line-6-300x245.jpg\" alt=\"\" width=\"127\" height=\"104\" srcset=\"https:\/\/cormac.eu\/wp-content\/uploads\/2022\/06\/wymbs-processing-line-6-300x245.jpg 300w, https:\/\/cormac.eu\/wp-content\/uploads\/2022\/06\/wymbs-processing-line-6.jpg 430w\" sizes=\"(max-width: 127px) 100vw, 127px\" \/> <img decoding=\"async\" class=\"alignnone size-full wp-image-3639\" src=\"https:\/\/cormac.eu\/wp-content\/uploads\/2022\/06\/wymbs-processing-line-5.jpg\" alt=\"\" width=\"150\" height=\"112\" \/> <img loading=\"lazy\" decoding=\"async\" class=\"alignnone size-full wp-image-3638\" src=\"https:\/\/cormac.eu\/wp-content\/uploads\/2022\/06\/wymbs-processing-line-4.jpg\" alt=\"\" width=\"150\" height=\"112\" \/> <img loading=\"lazy\" decoding=\"async\" class=\"alignnone size-full wp-image-3637\" src=\"https:\/\/cormac.eu\/wp-content\/uploads\/2022\/06\/wymbs-processing-line-3.jpg\" alt=\"\" width=\"150\" height=\"112\" \/> <img loading=\"lazy\" decoding=\"async\" class=\"alignnone size-full wp-image-3636\" src=\"https:\/\/cormac.eu\/wp-content\/uploads\/2022\/06\/wymbs-processing-line-2.jpg\" alt=\"\" width=\"150\" height=\"112\" \/><\/p>\n<p>&nbsp;<\/p>\n<table>\n<tbody>\n<tr>\n<td width=\"276\">\u00a0<strong>Cechy<\/strong><\/td>\n<td width=\"328\">\u00a0<strong>Korzy\u015bci<\/strong><\/td>\n<\/tr>\n<tr>\n<td>Ok\u0142adzina i system no\u015bny ze stali nierdzewnej<\/td>\n<td>\n<ul>\n<li>niewielka waga<\/li>\n<li>silny<\/li>\n<li>\u0142atwe czyszczenie<\/li>\n<\/ul>\n<\/td>\n<\/tr>\n<tr>\n<td>Lokalny ekran dotykowy HMI ze zdalnym panelem elektrycznym<\/td>\n<td>\n<ul>\n<li>przechowywanie parametr\u00f3w<\/li>\n<li>kontrola procesu<\/li>\n<li>\u0142atwa obs\u0142uga<\/li>\n<\/ul>\n<\/td>\n<\/tr>\n<tr>\n<td>Opcje<\/td>\n<td>\n<ul>\n<li>zintegrowany przeno\u015bnik deponuj\u0105cy<\/li>\n<li>stacje wtryskowe<\/li>\n<li>system folii<\/li>\n<li>dekoratory \u0142a\u0144cuchowe<\/li>\n<li>i wi\u0119cej<\/li>\n<\/ul>\n<\/td>\n<\/tr>\n<\/tbody>\n<\/table>\n<p>&nbsp;<\/p>\n<p>&nbsp;<\/p>","protected":false},"excerpt":{"rendered":"<p>Wszechstronna i elastyczna linia produkcyjna \u0142\u0105cz\u0105ca wiele system\u00f3w osadzania z jednostkami wtryskowymi, dekompresyjnymi i zraszaj\u0105cymi.<\/p>","protected":false},"featured_media":3633,"comment_status":"open","ping_status":"closed","template":"","meta":{"uix_meta_title":"","uix_meta_description":"","uix_canonical_url":""},"product_brand":[],"product_cat":[104],"product_tag":[187,229,227,228,225,226],"class_list":{"0":"post-3632","1":"product","2":"type-product","3":"status-publish","4":"has-post-thumbnail","6":"product_cat-processing","7":"product_tag-biscuit-creams","8":"product_tag-biscuits","9":"product_tag-choux-buns","10":"product_tag-doughnuts","11":"product_tag-eclairs","12":"product_tag-profiteroles","14":"first","15":"instock","16":"shipping-taxable","17":"product-type-simple"},"_links":{"self":[{"href":"https:\/\/cormac.eu\/pl\/wp-json\/wp\/v2\/product\/3632","targetHints":{"allow":["GET"]}}],"collection":[{"href":"https:\/\/cormac.eu\/pl\/wp-json\/wp\/v2\/product"}],"about":[{"href":"https:\/\/cormac.eu\/pl\/wp-json\/wp\/v2\/types\/product"}],"replies":[{"embeddable":true,"href":"https:\/\/cormac.eu\/pl\/wp-json\/wp\/v2\/comments?post=3632"}],"wp:featuredmedia":[{"embeddable":true,"href":"https:\/\/cormac.eu\/pl\/wp-json\/wp\/v2\/media\/3633"}],"wp:attachment":[{"href":"https:\/\/cormac.eu\/pl\/wp-json\/wp\/v2\/media?parent=3632"}],"wp:term":[{"taxonomy":"product_brand","embeddable":true,"href":"https:\/\/cormac.eu\/pl\/wp-json\/wp\/v2\/product_brand?post=3632"},{"taxonomy":"product_cat","embeddable":true,"href":"https:\/\/cormac.eu\/pl\/wp-json\/wp\/v2\/product_cat?post=3632"},{"taxonomy":"product_tag","embeddable":true,"href":"https:\/\/cormac.eu\/pl\/wp-json\/wp\/v2\/product_tag?post=3632"}],"curies":[{"name":"wp","href":"https:\/\/api.w.org\/{rel}","templated":true}]}}