{"id":3630,"date":"2022-06-05T14:25:33","date_gmt":"2022-06-05T12:25:33","guid":{"rendered":"https:\/\/cormac.eu\/?post_type=product&#038;p=3630"},"modified":"2022-06-05T14:56:26","modified_gmt":"2022-06-05T12:56:26","slug":"system-deponowania-pod-tasma","status":"publish","type":"product","link":"https:\/\/cormac.eu\/pl\/product\/underband-depositing-system\/","title":{"rendered":"System deponowania pod ta\u015bm\u0105"},"content":{"rendered":"<p>Uniwersalny podwieszany uk\u0142ad nap\u0119dowy mo\u017ce by\u0107 zamontowany pomi\u0119dzy powierzchni\u0105 pieczenia i powierzchni\u0105 powrotn\u0105, przeno\u015bnikiem blachy do pieczenia lub na ruchomej stalowej ta\u015bmie pieca, co jest powszechnie stosowane w przypadku ciastek Jaffa. Mo\u017ce by\u0107 r\u00f3wnie\u017c zbudowany jako nowy z w\u0142asnym zintegrowanym przeno\u015bnikiem odk\u0142adaj\u0105cym. Uk\u0142ad nap\u0119dowy pod ta\u015bm\u0105 zosta\u0142 zasadniczo skonstruowany tak, aby pomie\u015bci\u0107 nasz\u0105 gam\u0119 rozdzielaczy do osadzania wolumetrycznego, ale mo\u017ce by\u0107 r\u00f3wnie\u017c wyposa\u017cony w r\u00f3\u017cne typy rozdzielaczy, do osadzania pod ci\u015bnieniem produkt\u00f3w zwyk\u0142ych lub kombinowanych lub pianek ci\u0119tych drutem.<\/p>\n<p>&nbsp;<\/p>\n<p><img decoding=\"async\" class=\"alignnone size-full wp-image-3631\" src=\"https:\/\/cormac.eu\/wp-content\/uploads\/2022\/06\/Afbeelding-jaffa-cake.jpg\" alt=\"\" width=\"173\" height=\"119\" \/>\u00a0 <img decoding=\"async\" class=\"alignnone wp-image-3629\" src=\"https:\/\/cormac.eu\/wp-content\/uploads\/2022\/06\/piskoty.jpg\" alt=\"\" width=\"116\" height=\"120\" \/>\u00a0 <img decoding=\"async\" class=\"alignnone wp-image-3074\" src=\"https:\/\/cormac.eu\/wp-content\/uploads\/2022\/05\/Wymbs-Universal-MDS-ladyfinger-2.jpg\" alt=\"\" width=\"182\" height=\"107\" \/>\u00a0 <img loading=\"lazy\" decoding=\"async\" class=\"alignnone wp-image-3626\" src=\"https:\/\/cormac.eu\/wp-content\/uploads\/2022\/06\/Underband-application-300x259.jpg\" alt=\"\" width=\"138\" height=\"119\" srcset=\"https:\/\/cormac.eu\/wp-content\/uploads\/2022\/06\/Underband-application-300x259.jpg 300w, https:\/\/cormac.eu\/wp-content\/uploads\/2022\/06\/Underband-application.jpg 330w\" sizes=\"(max-width: 138px) 100vw, 138px\" \/><\/p>\n<p>&nbsp;<\/p>\n<table>\n<tbody>\n<tr>\n<td width=\"276\">\u00a0<strong>Cechy<\/strong><\/td>\n<td width=\"328\">\u00a0<strong>Korzy\u015bci<\/strong><\/td>\n<\/tr>\n<tr>\n<td>Ok\u0142adzina i system no\u015bny ze stali nierdzewnej<\/td>\n<td>\n<ul>\n<li>niewielka waga<\/li>\n<li>silny<\/li>\n<li>\u0142atwe czyszczenie<\/li>\n<\/ul>\n<\/td>\n<\/tr>\n<tr>\n<td>Lokalny ekran dotykowy HMI ze zdalnym panelem elektrycznym<\/td>\n<td>\n<ul>\n<li>przechowywanie parametr\u00f3w<\/li>\n<li>kontrola procesu<\/li>\n<li>\u0142atwa obs\u0142uga<\/li>\n<\/ul>\n<\/td>\n<\/tr>\n<tr>\n<td>Opcje<\/td>\n<td>\n<ul>\n<li>Zintegrowany przeno\u015bnik deponuj\u0105cy<\/li>\n<li>jednostka dozuj\u0105ca i ustawiaj\u0105ca ciastka<\/li>\n<\/ul>\n<\/td>\n<\/tr>\n<\/tbody>\n<\/table>\n<p>&nbsp;<\/p>","protected":false},"excerpt":{"rendered":"<p>Uk\u0142ad nap\u0119dowy do monta\u017cu pomi\u0119dzy powierzchni\u0105 wypiekow\u0105 i powrotn\u0105 linii produkcyjnej do wypiek\u00f3w.<\/p>","protected":false},"featured_media":3627,"comment_status":"open","ping_status":"closed","template":"","meta":{"uix_meta_title":"","uix_meta_description":"","uix_canonical_url":""},"product_brand":[],"product_cat":[104],"product_tag":[223,219,194,195,196,197,198,222,207,202],"class_list":{"0":"post-3630","1":"product","2":"type-product","3":"status-publish","4":"has-post-thumbnail","6":"product_cat-processing","7":"product_tag-ganache","8":"product_tag-jaffa-cakes","9":"product_tag-jams-jellies","10":"product_tag-lady-fingers","11":"product_tag-marshmallows","12":"product_tag-meringues","13":"product_tag-muffins-cupcakes","14":"product_tag-piskoty","15":"product_tag-pralines","16":"product_tag-sponge-drops","18":"first","19":"instock","20":"shipping-taxable","21":"product-type-simple"},"_links":{"self":[{"href":"https:\/\/cormac.eu\/pl\/wp-json\/wp\/v2\/product\/3630","targetHints":{"allow":["GET"]}}],"collection":[{"href":"https:\/\/cormac.eu\/pl\/wp-json\/wp\/v2\/product"}],"about":[{"href":"https:\/\/cormac.eu\/pl\/wp-json\/wp\/v2\/types\/product"}],"replies":[{"embeddable":true,"href":"https:\/\/cormac.eu\/pl\/wp-json\/wp\/v2\/comments?post=3630"}],"wp:featuredmedia":[{"embeddable":true,"href":"https:\/\/cormac.eu\/pl\/wp-json\/wp\/v2\/media\/3627"}],"wp:attachment":[{"href":"https:\/\/cormac.eu\/pl\/wp-json\/wp\/v2\/media?parent=3630"}],"wp:term":[{"taxonomy":"product_brand","embeddable":true,"href":"https:\/\/cormac.eu\/pl\/wp-json\/wp\/v2\/product_brand?post=3630"},{"taxonomy":"product_cat","embeddable":true,"href":"https:\/\/cormac.eu\/pl\/wp-json\/wp\/v2\/product_cat?post=3630"},{"taxonomy":"product_tag","embeddable":true,"href":"https:\/\/cormac.eu\/pl\/wp-json\/wp\/v2\/product_tag?post=3630"}],"curies":[{"name":"wp","href":"https:\/\/api.w.org\/{rel}","templated":true}]}}