{"id":3186,"date":"2022-05-29T22:54:30","date_gmt":"2022-05-29T20:54:30","guid":{"rendered":"https:\/\/cormac.eu\/?post_type=product&#038;p=3186"},"modified":"2022-06-01T11:34:35","modified_gmt":"2022-06-01T09:34:35","slug":"panewka-do-powlekania-2","status":"publish","type":"product","link":"https:\/\/cormac.eu\/pl\/product\/coating-pan-2\/","title":{"rendered":"Automatyczna miska do powlekania"},"content":{"rendered":"<p>Automatyczna powlekarka do powlekania syropem cukrowym, roztworem bezcukrowym, czekolad\u0105 lub mas\u0105 t\u0142uszczow\u0105. Samo naczynie do powlekania jest poziomym cylindrem wspartym na 4 swobodnie obracaj\u0105cych si\u0119 ko\u0142ach wa\u0142u, nap\u0119dzanym pasem z\u0119batym na ca\u0142ym obwodzie zewn\u0119trznym. Podczas powlekania poziom produktu wewn\u0105trz jest niski i szeroko roz\u0142o\u017cony, dzi\u0119ki czemu produkt schnie szybciej i podlega mniejszemu tarciu i naciskowi podczas procesu powlekania. R\u00f3wnomierne rozprowadzanie powietrza wzd\u0142u\u017c wanny do powlekania zapewnia r\u00f3wnomierne wystawienie produktu na dzia\u0142anie powietrza, a poniewa\u017c wewn\u0105trz utrzymywane jest ujemne ci\u015bnienie, py\u0142 nie wydostaje si\u0119 na zewn\u0105trz. Wewn\u0105trz kadzi powlekaj\u0105cej specjalne dysze rozpylaj\u0105 roztw\u00f3r powlekaj\u0105cy na produkty. Aromat, kolor, kapol i dodatki w proszku mog\u0105 by\u0107 nak\u0142adane za pomoc\u0105 dodatkowych urz\u0105dze\u0144. Podczas ca\u0142ego cyklu powlekania nie jest potrzebny \u017caden operator. Maszyna charakteryzuje si\u0119 kr\u00f3tkimi czasami cyklu, na przyk\u0142ad oko\u0142o 4 godzin dla pow\u0142oki cukrowej 30%, \u0142\u0105cznie z polerowaniem. Cykl polerowania odbywa si\u0119 automatycznie po zako\u0144czeniu cyklu powlekania.<\/p>\n<p>Og\u00f3lnie rzecz bior\u0105c, misy do powlekania s\u0105 dostarczane pod klucz i kompletne, w tym wyposa\u017cenie dodatkowe, w zale\u017cno\u015bci od zastosowania, takie jak kuchenki do syropu, rozpuszczalniki do roztwor\u00f3w bezcukrowych, systemy zbierania py\u0142u i zasysania powietrza, zbiorniki na syrop, zbiorniki na czekolad\u0119, systemy dystrybucji proszku, automatyczne systemy za\u0142adunku i roz\u0142adunku oraz systemy CIP. Dedykowana jednostka uzdatniania i osuszania powietrza jest jedn\u0105 z wa\u017cnych maszyn pomocniczych stanowi\u0105cych cz\u0119\u015b\u0107 ca\u0142ej dostawy.<\/p>\n<table>\n<tbody>\n<tr>\n<td colspan=\"6\" width=\"604\">\n<p style=\"text-align: center\"><strong>Dost\u0119pne pojemno\u015bci \u00a0<\/strong><\/p>\n<\/td>\n<\/tr>\n<tr>\n<td width=\"123\">\n<p style=\"text-align: center\"><strong>Produkcja:<\/strong><\/p>\n<\/td>\n<td style=\"text-align: center\" width=\"88\"><strong>waga laboratoryjna<\/strong><\/td>\n<td style=\"text-align: center\" width=\"101\"><strong>Ma\u0142y<\/strong><\/td>\n<td style=\"text-align: center\" width=\"104\"><strong>\u015bredni<\/strong><\/td>\n<td colspan=\"2\" width=\"189\">\n<p style=\"text-align: center\"><strong>Du\u017cy<\/strong><\/p>\n<\/td>\n<\/tr>\n<tr>\n<td width=\"123\"><strong>Pojemno\u015b\u0107 patelni<\/strong><\/td>\n<td width=\"88\">\n<p style=\"text-align: center\">25<\/p>\n<\/td>\n<td style=\"text-align: center\" width=\"101\">600<\/td>\n<td style=\"text-align: center\" width=\"104\">1050<\/td>\n<td style=\"text-align: center\" width=\"97\">2250<\/td>\n<td width=\"92\">\n<p style=\"text-align: center\">3650<\/p>\n<\/td>\n<\/tr>\n<tr>\n<td width=\"123\"><strong>Gotowy produkt<\/strong><\/td>\n<td width=\"88\">\n<p style=\"text-align: center\">20<\/p>\n<\/td>\n<td style=\"text-align: center\" width=\"101\">500<\/td>\n<td style=\"text-align: center\" width=\"104\">875<\/td>\n<td style=\"text-align: center\" width=\"97\">1875<\/td>\n<td width=\"92\">\n<p style=\"text-align: center\">3000<\/p>\n<\/td>\n<\/tr>\n<\/tbody>\n<\/table>\n<p>&nbsp;<\/p>\n<p><strong>Przyk\u0142ady zastosowa\u0144:<\/strong><\/p>\n<p><img decoding=\"async\" class=\"wp-image-3185\" src=\"https:\/\/cormac.eu\/wp-content\/uploads\/2022\/05\/fecoatec-Bombo-sugar-coated-300x300.jpg\" alt=\"\" width=\"137\" height=\"137\" srcset=\"https:\/\/cormac.eu\/wp-content\/uploads\/2022\/05\/fecoatec-Bombo-sugar-coated-300x300.jpg 300w, https:\/\/cormac.eu\/wp-content\/uploads\/2022\/05\/fecoatec-Bombo-sugar-coated.jpg 1024w, https:\/\/cormac.eu\/wp-content\/uploads\/2022\/05\/fecoatec-Bombo-sugar-coated-150x150.jpg 150w, https:\/\/cormac.eu\/wp-content\/uploads\/2022\/05\/fecoatec-Bombo-sugar-coated-768x768.jpg 768w, https:\/\/cormac.eu\/wp-content\/uploads\/2022\/05\/fecoatec-Bombo-sugar-coated-600x600.jpg 600w, https:\/\/cormac.eu\/wp-content\/uploads\/2022\/05\/fecoatec-Bombo-sugar-coated-100x100.jpg 100w\" sizes=\"(max-width: 137px) 100vw, 137px\" \/>\u00a0 \u00a0 <img decoding=\"async\" class=\"wp-image-3184\" src=\"https:\/\/cormac.eu\/wp-content\/uploads\/2022\/05\/Fecoatec-Bombo-chocolate-coated-300x300.jpg\" alt=\"\" width=\"138\" height=\"138\" srcset=\"https:\/\/cormac.eu\/wp-content\/uploads\/2022\/05\/Fecoatec-Bombo-chocolate-coated-300x300.jpg 300w, https:\/\/cormac.eu\/wp-content\/uploads\/2022\/05\/Fecoatec-Bombo-chocolate-coated.jpg 1024w, https:\/\/cormac.eu\/wp-content\/uploads\/2022\/05\/Fecoatec-Bombo-chocolate-coated-150x150.jpg 150w, https:\/\/cormac.eu\/wp-content\/uploads\/2022\/05\/Fecoatec-Bombo-chocolate-coated-768x768.jpg 768w, https:\/\/cormac.eu\/wp-content\/uploads\/2022\/05\/Fecoatec-Bombo-chocolate-coated-600x600.jpg 600w, https:\/\/cormac.eu\/wp-content\/uploads\/2022\/05\/Fecoatec-Bombo-chocolate-coated-100x100.jpg 100w\" sizes=\"(max-width: 138px) 100vw, 138px\" \/> \u00a0<img decoding=\"async\" class=\"alignnone wp-image-3183\" src=\"https:\/\/cormac.eu\/wp-content\/uploads\/2022\/05\/Fecoatec-bombo-chewing-gum-300x300.jpg\" alt=\"\" width=\"136\" height=\"136\" srcset=\"https:\/\/cormac.eu\/wp-content\/uploads\/2022\/05\/Fecoatec-bombo-chewing-gum-300x300.jpg 300w, https:\/\/cormac.eu\/wp-content\/uploads\/2022\/05\/Fecoatec-bombo-chewing-gum.jpg 1024w, https:\/\/cormac.eu\/wp-content\/uploads\/2022\/05\/Fecoatec-bombo-chewing-gum-150x150.jpg 150w, https:\/\/cormac.eu\/wp-content\/uploads\/2022\/05\/Fecoatec-bombo-chewing-gum-768x768.jpg 768w, https:\/\/cormac.eu\/wp-content\/uploads\/2022\/05\/Fecoatec-bombo-chewing-gum-600x600.jpg 600w, https:\/\/cormac.eu\/wp-content\/uploads\/2022\/05\/Fecoatec-bombo-chewing-gum-100x100.jpg 100w\" sizes=\"(max-width: 136px) 100vw, 136px\" \/> \u00a0<img loading=\"lazy\" decoding=\"async\" class=\"wp-image-3182\" src=\"https:\/\/cormac.eu\/wp-content\/uploads\/2022\/05\/Fecoatec-Bombo-jelly-bean-300x300.jpg\" alt=\"\" width=\"135\" height=\"135\" srcset=\"https:\/\/cormac.eu\/wp-content\/uploads\/2022\/05\/Fecoatec-Bombo-jelly-bean-300x300.jpg 300w, https:\/\/cormac.eu\/wp-content\/uploads\/2022\/05\/Fecoatec-Bombo-jelly-bean.jpg 1024w, https:\/\/cormac.eu\/wp-content\/uploads\/2022\/05\/Fecoatec-Bombo-jelly-bean-150x150.jpg 150w, https:\/\/cormac.eu\/wp-content\/uploads\/2022\/05\/Fecoatec-Bombo-jelly-bean-768x768.jpg 768w, https:\/\/cormac.eu\/wp-content\/uploads\/2022\/05\/Fecoatec-Bombo-jelly-bean-600x600.jpg 600w, https:\/\/cormac.eu\/wp-content\/uploads\/2022\/05\/Fecoatec-Bombo-jelly-bean-100x100.jpg 100w\" sizes=\"(max-width: 135px) 100vw, 135px\" \/><\/p>\n<table width=\"586\">\n<tbody>\n<tr>\n<td width=\"234\">\n<p style=\"text-align: center\"><strong>Cechy<\/strong><\/p>\n<\/td>\n<td width=\"352\">\n<p style=\"text-align: center\"><strong>Korzy\u015bci<\/strong><\/p>\n<\/td>\n<\/tr>\n<tr>\n<td>Konstrukcja Stal nierdzewna AISI304L<\/td>\n<td>\n<ul>\n<li>Solid-Hygenic<\/li>\n<\/ul>\n<\/td>\n<\/tr>\n<tr>\n<td>Prosta konstrukcja<\/td>\n<td>\n<ul>\n<li>\u0141atwa konserwacja - kr\u00f3tszy czas czyszczenia - szybka wymiana produktu<\/li>\n<\/ul>\n<\/td>\n<\/tr>\n<tr>\n<td>Patelnia wsparta na 4 wolnych ko\u0142ach<\/td>\n<td>\n<ul>\n<li>P\u0142ynny i stabilny obr\u00f3t panoramiczny<\/li>\n<\/ul>\n<\/td>\n<\/tr>\n<tr>\n<td>Dysze rozpylaj\u0105ce o specjalnej konstrukcji<\/td>\n<td>\n<ul>\n<li>R\u00f3wnomierna aplikacja materia\u0142u pow\u0142okowego<\/li>\n<\/ul>\n<\/td>\n<\/tr>\n<tr>\n<td>\n<p style=\"text-align: center\">OPCJE:<\/p>\n<\/td>\n<td><\/td>\n<\/tr>\n<tr>\n<td>\n<ul>\n<li>Dedykowana jednostka uzdatniania i osuszania powietrza<\/li>\n<\/ul>\n<\/td>\n<td>\u00a0 \u00a0- Do szybkiego suszenia produktu<br \/>\n- R\u00f3wnomierna dystrybucja powietrza<\/td>\n<\/tr>\n<tr>\n<td>\n<ul>\n<li>Systemy dozowania aromat\u00f3w, barwnik\u00f3w i \u015brodk\u00f3w nab\u0142yszczaj\u0105cych<\/li>\n<\/ul>\n<\/td>\n<td><\/td>\n<\/tr>\n<tr>\n<td>\n<ul>\n<li>Automatyczne systemy za\u0142adunku\/roz\u0142adunku<\/li>\n<\/ul>\n<\/td>\n<td><\/td>\n<\/tr>\n<tr>\n<td>\n<ul>\n<li>Urz\u0105dzenia do gotowania syropu<\/li>\n<\/ul>\n<\/td>\n<td><\/td>\n<\/tr>\n<tr>\n<td>\n<ul>\n<li>Zbiorniki do rozpuszczania<\/li>\n<\/ul>\n<\/td>\n<td>\u00a0 \u00a0- Bezcukrowe roztwory do powlekania<\/td>\n<\/tr>\n<tr>\n<td>\n<ul>\n<li>Zbiorniki na syrop i czekolad\u0119<\/li>\n<\/ul>\n<\/td>\n<td><\/td>\n<\/tr>\n<tr>\n<td>\n<ul>\n<li>Systemy CIP<\/li>\n<\/ul>\n<\/td>\n<td><\/td>\n<\/tr>\n<tr>\n<td>\n<ul>\n<li>Sie\u0107 Scada<\/li>\n<\/ul>\n<\/td>\n<td>\u00a0 \u00a0- Kontrola \u015bledzenia, rejestrowanie danych, receptury<br \/>\nprzechowywanie, rejestrowanie parametr\u00f3w produkcji<\/td>\n<\/tr>\n<\/tbody>\n<\/table>","protected":false},"excerpt":{"rendered":"<p>Automatyczna instalacja kadzi do powlekania, kompletna i pod klucz, do powlekania cukrem, czekolad\u0105, mas\u0105 t\u0142uszczow\u0105 i roztworami bezcukrowymi.<\/p>","protected":false},"featured_media":3181,"comment_status":"open","ping_status":"closed","template":"","meta":{"uix_meta_title":"","uix_meta_description":"","uix_canonical_url":""},"product_brand":[],"product_cat":[135,104],"product_tag":[179,204,178,177],"class_list":{"0":"post-3186","1":"product","2":"type-product","3":"status-publish","4":"has-post-thumbnail","6":"product_cat-laboratory","7":"product_cat-processing","8":"product_tag-chewing-gums","9":"product_tag-chocolate-balls","10":"product_tag-jelly-beans","11":"product_tag-lentils","13":"first","14":"instock","15":"shipping-taxable","16":"product-type-simple"},"_links":{"self":[{"href":"https:\/\/cormac.eu\/pl\/wp-json\/wp\/v2\/product\/3186","targetHints":{"allow":["GET"]}}],"collection":[{"href":"https:\/\/cormac.eu\/pl\/wp-json\/wp\/v2\/product"}],"about":[{"href":"https:\/\/cormac.eu\/pl\/wp-json\/wp\/v2\/types\/product"}],"replies":[{"embeddable":true,"href":"https:\/\/cormac.eu\/pl\/wp-json\/wp\/v2\/comments?post=3186"}],"wp:featuredmedia":[{"embeddable":true,"href":"https:\/\/cormac.eu\/pl\/wp-json\/wp\/v2\/media\/3181"}],"wp:attachment":[{"href":"https:\/\/cormac.eu\/pl\/wp-json\/wp\/v2\/media?parent=3186"}],"wp:term":[{"taxonomy":"product_brand","embeddable":true,"href":"https:\/\/cormac.eu\/pl\/wp-json\/wp\/v2\/product_brand?post=3186"},{"taxonomy":"product_cat","embeddable":true,"href":"https:\/\/cormac.eu\/pl\/wp-json\/wp\/v2\/product_cat?post=3186"},{"taxonomy":"product_tag","embeddable":true,"href":"https:\/\/cormac.eu\/pl\/wp-json\/wp\/v2\/product_tag?post=3186"}],"curies":[{"name":"wp","href":"https:\/\/api.w.org\/{rel}","templated":true}]}}