{"id":3178,"date":"2022-05-29T15:22:36","date_gmt":"2022-05-29T13:22:36","guid":{"rendered":"https:\/\/cormac.eu\/?post_type=product&#038;p=3178"},"modified":"2022-06-05T19:09:17","modified_gmt":"2022-06-05T17:09:17","slug":"tunel-chlodzacy-2","status":"publish","type":"product","link":"https:\/\/cormac.eu\/pl\/product\/cooling-tunnel\/","title":{"rendered":"Tunel ch\u0142odz\u0105cy"},"content":{"rendered":"<p>Tunel ch\u0142odz\u0105cy z 2 lub 4 r\u00f3\u017cnymi strefami ch\u0142odzenia z niezale\u017cnym sterowaniem wod\u0105 ch\u0142odz\u0105c\u0105 i powietrzem ch\u0142odz\u0105cym. Tunel o specjalnej konstrukcji przenosi temperatur\u0119 na produkt za pomoc\u0105 konwekcji i przewodzenia, zapewniaj\u0105c maksymalne ch\u0142odzenie przy niskim zu\u017cyciu energii.<\/p>\n<p>Ch\u0142odzenie odbywa si\u0119 za pomoc\u0105 powietrza o kontrolowanej temperaturze i sta\u0142ej pr\u0119dko\u015bci\/przep\u0142ywie. Ka\u017cda strefa ch\u0142odzenia ma grup\u0119 ch\u0142odz\u0105c\u0105 sk\u0142adaj\u0105c\u0105 si\u0119 z wymiennika ciep\u0142a, kt\u00f3ry przenosi temperatur\u0119 z wody ch\u0142odz\u0105cej na powietrze ch\u0142odz\u0105ce, wentylatora od\u015brodkowego o wysokiej wydajno\u015bci w celu wytworzenia wymaganego przep\u0142ywu powietrza oraz filtra powietrza o wydajno\u015bci G4. Temperatura powietrza jest kontrolowana przez sond\u0119 temperatury, kt\u00f3ra steruje 3-drogowymi zaworami modulacyjnymi w uk\u0142adzie wody ch\u0142odz\u0105cej. Ch\u0142odzenie dolne uzyskuje si\u0119 poprzez recyrkulacj\u0119 zimnej wody przez zimne p\u0142yty zamontowane na powierzchni systemu transportu ta\u015bmowego. Osuszacz powietrza mo\u017ce by\u0107 dostarczony do wtrysku do tunelu suchego powietrza w celu kontrolowania wilgotno\u015bci wewn\u0105trz tunelu.<\/p>\n<p>Os\u0142ony typu Sandwhich s\u0105 wykonane ze stali nierdzewnej i posiadaj\u0105 wtryskiwan\u0105 izolacj\u0119 poliuretanow\u0105 o wysokiej g\u0119sto\u015bci. Pokrywy mo\u017cna \u0142atwo podnosi\u0107 po obu stronach tunelu ch\u0142odz\u0105cego za pomoc\u0105 butli gazowych. Ta\u015bma przeno\u015bnika wykonana jest z poliuretanu klasy spo\u017cywczej i jest antystatyczna. Powierzchnia \u015blizgowa ta\u015bmy wykonana jest ze stali nierdzewnej. Tunel ch\u0142odz\u0105cy jest wyposa\u017cony w automatyczne urz\u0105dzenia \u015bledz\u0105ce umieszczone na wlocie i wylocie tunelu ch\u0142odz\u0105cego, z czujnikami laserowymi i si\u0142ownikami pneumatycznymi. Pozwala to na odpowiedni\u0105 kontrol\u0119 napi\u0119cia ta\u015bmy i zapobiega po\u015blizgowi.<\/p>\n<p>D\u0142ugo\u015b\u0107 tunelu ch\u0142odz\u0105cego jest obliczana i dostosowywana do procesu klienta.<\/p>\n<p><strong>Przyk\u0142ady zastosowa\u0144<\/strong><\/p>\n<p><img decoding=\"async\" class=\"alignnone wp-image-3176\" src=\"https:\/\/cormac.eu\/wp-content\/uploads\/2022\/05\/candy-3665529_1920-1024x732-1-300x214.jpg\" alt=\"\" width=\"177\" height=\"127\" srcset=\"https:\/\/cormac.eu\/wp-content\/uploads\/2022\/05\/candy-3665529_1920-1024x732-1-300x214.jpg 300w, https:\/\/cormac.eu\/wp-content\/uploads\/2022\/05\/candy-3665529_1920-1024x732-1-768x549.jpg 768w, https:\/\/cormac.eu\/wp-content\/uploads\/2022\/05\/candy-3665529_1920-1024x732-1-600x429.jpg 600w, https:\/\/cormac.eu\/wp-content\/uploads\/2022\/05\/candy-3665529_1920-1024x732-1.jpg 1024w\" sizes=\"(max-width: 177px) 100vw, 177px\" \/>\u00a0 \u00a0<img decoding=\"async\" class=\"wp-image-3175\" src=\"https:\/\/cormac.eu\/wp-content\/uploads\/2022\/05\/granola-bar-with-nuts-fruit-and-berries-on-white-D7QCZ5B-V2-300x300.jpg\" alt=\"\" width=\"143\" height=\"143\" srcset=\"https:\/\/cormac.eu\/wp-content\/uploads\/2022\/05\/granola-bar-with-nuts-fruit-and-berries-on-white-D7QCZ5B-V2-300x300.jpg 300w, https:\/\/cormac.eu\/wp-content\/uploads\/2022\/05\/granola-bar-with-nuts-fruit-and-berries-on-white-D7QCZ5B-V2.jpg 1024w, https:\/\/cormac.eu\/wp-content\/uploads\/2022\/05\/granola-bar-with-nuts-fruit-and-berries-on-white-D7QCZ5B-V2-150x150.jpg 150w, https:\/\/cormac.eu\/wp-content\/uploads\/2022\/05\/granola-bar-with-nuts-fruit-and-berries-on-white-D7QCZ5B-V2-768x768.jpg 768w, https:\/\/cormac.eu\/wp-content\/uploads\/2022\/05\/granola-bar-with-nuts-fruit-and-berries-on-white-D7QCZ5B-V2-600x600.jpg 600w, https:\/\/cormac.eu\/wp-content\/uploads\/2022\/05\/granola-bar-with-nuts-fruit-and-berries-on-white-D7QCZ5B-V2-100x100.jpg 100w\" sizes=\"(max-width: 143px) 100vw, 143px\" \/> <img decoding=\"async\" class=\"alignnone wp-image-3168\" src=\"https:\/\/cormac.eu\/wp-content\/uploads\/2022\/05\/chocolate-rice-cakes-PZY8PSN-V2-300x300.jpg\" alt=\"\" width=\"156\" height=\"156\" srcset=\"https:\/\/cormac.eu\/wp-content\/uploads\/2022\/05\/chocolate-rice-cakes-PZY8PSN-V2-300x300.jpg 300w, https:\/\/cormac.eu\/wp-content\/uploads\/2022\/05\/chocolate-rice-cakes-PZY8PSN-V2.jpg 1024w, https:\/\/cormac.eu\/wp-content\/uploads\/2022\/05\/chocolate-rice-cakes-PZY8PSN-V2-150x150.jpg 150w, https:\/\/cormac.eu\/wp-content\/uploads\/2022\/05\/chocolate-rice-cakes-PZY8PSN-V2-768x768.jpg 768w, https:\/\/cormac.eu\/wp-content\/uploads\/2022\/05\/chocolate-rice-cakes-PZY8PSN-V2-600x600.jpg 600w, https:\/\/cormac.eu\/wp-content\/uploads\/2022\/05\/chocolate-rice-cakes-PZY8PSN-V2-100x100.jpg 100w\" sizes=\"(max-width: 156px) 100vw, 156px\" \/><img loading=\"lazy\" decoding=\"async\" class=\"alignnone wp-image-2956\" src=\"https:\/\/cormac.eu\/wp-content\/uploads\/2022\/05\/Wymbs-Picture-1-pressurized-DMF-300x168.jpg\" alt=\"\" width=\"192\" height=\"108\" srcset=\"https:\/\/cormac.eu\/wp-content\/uploads\/2022\/05\/Wymbs-Picture-1-pressurized-DMF-300x168.jpg 300w, https:\/\/cormac.eu\/wp-content\/uploads\/2022\/05\/Wymbs-Picture-1-pressurized-DMF.jpg 337w\" sizes=\"(max-width: 192px) 100vw, 192px\" \/><\/p>\n<table>\n<tbody>\n<tr>\n<td width=\"264\"><strong>F<\/strong><strong>cechy<\/strong><\/td>\n<td width=\"340\"><strong>Korzy\u015bci<\/strong><\/td>\n<\/tr>\n<tr>\n<td width=\"264\">2-4 strefy ch\u0142odzenia<\/td>\n<td width=\"340\">\n<ul>\n<li>Niezale\u017cna strefowa kontrola temperatury<\/li>\n<\/ul>\n<\/td>\n<\/tr>\n<tr>\n<td width=\"264\">Poliuretanowy przeno\u015bnik ta\u015bmowy<\/td>\n<td width=\"340\">\n<ul>\n<li>Klasa spo\u017cywcza<\/li>\n<li>Antystatyczny<\/li>\n<\/ul>\n<\/td>\n<\/tr>\n<tr>\n<td width=\"264\">Silnik nap\u0119dowy SEW z przetwornic\u0105 cz\u0119stotliwo\u015bci<\/td>\n<td width=\"340\">\n<ul>\n<li>Regulacja pr\u0119dko\u015bci paska<\/li>\n<\/ul>\n<\/td>\n<\/tr>\n<tr>\n<td width=\"264\">Automatyczne \u015bledzenie i napinanie paska<\/td>\n<td width=\"340\">\n<ul>\n<li>Sta\u0142e napi\u0119cie ta\u015bmy przeno\u015bnika<\/li>\n<li>Zapobieganie po\u015blizgom<\/li>\n<\/ul>\n<\/td>\n<\/tr>\n<tr>\n<td width=\"264\">Konstrukcja ze stali nierdzewnej AISI304<\/td>\n<td width=\"340\">\n<ul>\n<li>Higiena<\/li>\n<li>\u0141atwe czyszczenie<\/li>\n<\/ul>\n<\/td>\n<\/tr>\n<tr>\n<td width=\"264\">R\u00f3\u017cne szeroko\u015bci<\/td>\n<td width=\"340\">\n<ul>\n<li>Od 350 do 1500 mm<\/li>\n<\/ul>\n<\/td>\n<\/tr>\n<tr>\n<td width=\"264\"><strong>Opcjonalnie<\/strong><\/td>\n<td width=\"340\"><\/td>\n<\/tr>\n<tr>\n<td width=\"264\">\n<ul>\n<li>Wtrysk suchego powietrza<\/li>\n<\/ul>\n<\/td>\n<td width=\"340\">Zewn\u0119trzny osuszacz powietrza, wt\u0142aczaj\u0105cy suche powietrze do tunelu ch\u0142odz\u0105cego.<\/td>\n<\/tr>\n<tr>\n<td width=\"264\">\n<ul>\n<li>Dolne ch\u0142odzenie zimnych p\u0142yt<\/li>\n<\/ul>\n<\/td>\n<td width=\"340\">Aby umo\u017cliwi\u0107 dolne ch\u0142odzenie, zainstalowany pod paskiem ch\u0142odzony wod\u0105 lub glikolem<\/td>\n<\/tr>\n<tr>\n<td width=\"264\">\n<ul>\n<li>Agregat wody lodowej<\/li>\n<\/ul>\n<\/td>\n<td width=\"340\">W przypadku braku fabrycznej linii zasilania zimn\u0105 wod\u0105, mo\u017cna zainstalowa\u0107 zewn\u0119trzny agregat ch\u0142odniczy, pracuj\u0105cy z wod\u0105 lub glikolem.<\/td>\n<\/tr>\n<tr>\n<td width=\"264\">\n<ul>\n<li>Elektryczna nagrzewnica powietrza<\/li>\n<\/ul>\n<\/td>\n<td width=\"340\">Zainstalowany w punkcie powrotu pas\u00f3w w celu zmniejszenia wilgotno\u015bci sch\u0142odzonego powietrza poprzez jego ponowne podgrzanie.<\/td>\n<\/tr>\n<tr>\n<td width=\"264\">\n<ul>\n<li>Automatyczny w\u00f3zek do mycia ta\u015bm<\/li>\n<\/ul>\n<\/td>\n<td width=\"340\">Zainstalowany w punkcie powrotnym pasa, aby go osuszy\u0107. Rama na k\u00f3\u0142kach, dzi\u0119ki czemu mo\u017cna j\u0105 \u0142atwo zdemontowa\u0107. Ze skrobakami susz\u0105cymi, zbiornikiem na gor\u0105c\u0105 wod\u0119, szczotkami z nap\u0119dem silnikowym i si\u0142ownikami pneumatycznymi podnosz\u0105cymi w\u00f3zek do pozycji mycia i opuszczaj\u0105cymi go w celu demonta\u017cu.<\/td>\n<\/tr>\n<\/tbody>\n<\/table>\n<p>&nbsp;<\/p>\n<p>&nbsp;<\/p>","protected":false},"excerpt":{"rendered":"<p>Tunel ch\u0142odz\u0105cy do ch\u0142odzenia produkt\u00f3w oblanych czekolad\u0105, mieszank\u0105 lub mas\u0105 t\u0142uszczow\u0105<\/p>","protected":false},"featured_media":3179,"comment_status":"open","ping_status":"closed","template":"","meta":{"uix_meta_title":"","uix_meta_description":"","uix_canonical_url":""},"product_brand":[],"product_cat":[104],"product_tag":[205,206,208,207],"class_list":{"0":"post-3178","1":"product","2":"type-product","3":"status-publish","4":"has-post-thumbnail","6":"product_cat-processing","7":"product_tag-candy-bars","8":"product_tag-chocolate-tablets","9":"product_tag-chocolates","10":"product_tag-pralines","12":"first","13":"instock","14":"shipping-taxable","15":"product-type-simple"},"_links":{"self":[{"href":"https:\/\/cormac.eu\/pl\/wp-json\/wp\/v2\/product\/3178","targetHints":{"allow":["GET"]}}],"collection":[{"href":"https:\/\/cormac.eu\/pl\/wp-json\/wp\/v2\/product"}],"about":[{"href":"https:\/\/cormac.eu\/pl\/wp-json\/wp\/v2\/types\/product"}],"replies":[{"embeddable":true,"href":"https:\/\/cormac.eu\/pl\/wp-json\/wp\/v2\/comments?post=3178"}],"wp:featuredmedia":[{"embeddable":true,"href":"https:\/\/cormac.eu\/pl\/wp-json\/wp\/v2\/media\/3179"}],"wp:attachment":[{"href":"https:\/\/cormac.eu\/pl\/wp-json\/wp\/v2\/media?parent=3178"}],"wp:term":[{"taxonomy":"product_brand","embeddable":true,"href":"https:\/\/cormac.eu\/pl\/wp-json\/wp\/v2\/product_brand?post=3178"},{"taxonomy":"product_cat","embeddable":true,"href":"https:\/\/cormac.eu\/pl\/wp-json\/wp\/v2\/product_cat?post=3178"},{"taxonomy":"product_tag","embeddable":true,"href":"https:\/\/cormac.eu\/pl\/wp-json\/wp\/v2\/product_tag?post=3178"}],"curies":[{"name":"wp","href":"https:\/\/api.w.org\/{rel}","templated":true}]}}