{"id":3173,"date":"2022-05-29T14:14:17","date_gmt":"2022-05-29T12:14:17","guid":{"rendered":"https:\/\/cormac.eu\/?post_type=product&#038;p=3173"},"modified":"2022-06-01T11:39:16","modified_gmt":"2022-06-01T09:39:16","slug":"maszyna-do-obciagania","status":"publish","type":"product","link":"https:\/\/cormac.eu\/pl\/product\/enrobing-machine\/","title":{"rendered":"Maszyna do obci\u0105gania"},"content":{"rendered":"<p>Maszyna do obci\u0105gania, dost\u0119pna w szeroko\u015bciach roboczych od 350 do 1500 mm i pr\u0119dko\u015bciach siatki od 1,5 do 12 metr\u00f3w na godzin\u0119. Ta maszyna ma podw\u00f3jn\u0105 kurtyn\u0119 czekoladow\u0105 i jest zaprojektowana do pracy 24\/7. Szybki demonta\u017c leja na czekolad\u0119 i zestawu siatki wraz ze wszystkimi wa\u0142ami i cz\u0119\u015bciami. Zestaw siatkowy jest podtrzymywany przez prowadnice, a lej zasypowy s\u0142u\u017cy do podtrzymywania zestawu siatkowego. Zbiornik na czekolad\u0119 nie ma element\u00f3w elektrycznych, kt\u00f3re mog\u0142yby zosta\u0107 uszkodzone podczas czyszczenia. Z ty\u0142u maszyny, po przeciwnej stronie operatora, znajduje si\u0119 strefa serwisowa, do kt\u00f3rej dost\u0119p mo\u017cna uzyska\u0107 po prostu obracaj\u0105c szafk\u0119 elektryczn\u0105. Dzi\u0119ki zintegrowanemu obiegowi wody wszystkie cz\u0119\u015bci maj\u0105ce kontakt z produktem s\u0105 utrzymywane w \u017c\u0105danej temperaturze.<\/p>\n<p><strong>Zastosowanie<\/strong><\/p>\n<p>Powlekanie produkt\u00f3w prawdziw\u0105 czekolad\u0105, masami z\u0142o\u017conymi lub t\u0142uszczowymi<\/p>\n<p><img decoding=\"async\" class=\"wp-image-3171\" src=\"https:\/\/cormac.eu\/wp-content\/uploads\/2022\/05\/waffles-with-chocolate-topping-GUSW6FC-V2-300x300.jpg\" alt=\"\" width=\"125\" height=\"125\" srcset=\"https:\/\/cormac.eu\/wp-content\/uploads\/2022\/05\/waffles-with-chocolate-topping-GUSW6FC-V2-300x300.jpg 300w, https:\/\/cormac.eu\/wp-content\/uploads\/2022\/05\/waffles-with-chocolate-topping-GUSW6FC-V2.jpg 1024w, https:\/\/cormac.eu\/wp-content\/uploads\/2022\/05\/waffles-with-chocolate-topping-GUSW6FC-V2-150x150.jpg 150w, https:\/\/cormac.eu\/wp-content\/uploads\/2022\/05\/waffles-with-chocolate-topping-GUSW6FC-V2-768x768.jpg 768w, https:\/\/cormac.eu\/wp-content\/uploads\/2022\/05\/waffles-with-chocolate-topping-GUSW6FC-V2-600x600.jpg 600w, https:\/\/cormac.eu\/wp-content\/uploads\/2022\/05\/waffles-with-chocolate-topping-GUSW6FC-V2-100x100.jpg 100w\" sizes=\"(max-width: 125px) 100vw, 125px\" \/>\u00a0 \u00a0<img decoding=\"async\" class=\"wp-image-3170\" src=\"https:\/\/cormac.eu\/wp-content\/uploads\/2022\/05\/glazed-donuts-PB5CCQD-V2-300x300.jpg\" alt=\"\" width=\"133\" height=\"133\" srcset=\"https:\/\/cormac.eu\/wp-content\/uploads\/2022\/05\/glazed-donuts-PB5CCQD-V2-300x300.jpg 300w, https:\/\/cormac.eu\/wp-content\/uploads\/2022\/05\/glazed-donuts-PB5CCQD-V2.jpg 1024w, https:\/\/cormac.eu\/wp-content\/uploads\/2022\/05\/glazed-donuts-PB5CCQD-V2-150x150.jpg 150w, https:\/\/cormac.eu\/wp-content\/uploads\/2022\/05\/glazed-donuts-PB5CCQD-V2-768x768.jpg 768w, https:\/\/cormac.eu\/wp-content\/uploads\/2022\/05\/glazed-donuts-PB5CCQD-V2-600x600.jpg 600w, https:\/\/cormac.eu\/wp-content\/uploads\/2022\/05\/glazed-donuts-PB5CCQD-V2-100x100.jpg 100w\" sizes=\"(max-width: 133px) 100vw, 133px\" \/> \u00a0\u00a0<img decoding=\"async\" class=\"alignnone wp-image-3168\" src=\"https:\/\/cormac.eu\/wp-content\/uploads\/2022\/05\/chocolate-rice-cakes-PZY8PSN-V2-300x300.jpg\" alt=\"\" width=\"152\" height=\"152\" srcset=\"https:\/\/cormac.eu\/wp-content\/uploads\/2022\/05\/chocolate-rice-cakes-PZY8PSN-V2-300x300.jpg 300w, https:\/\/cormac.eu\/wp-content\/uploads\/2022\/05\/chocolate-rice-cakes-PZY8PSN-V2.jpg 1024w, https:\/\/cormac.eu\/wp-content\/uploads\/2022\/05\/chocolate-rice-cakes-PZY8PSN-V2-150x150.jpg 150w, https:\/\/cormac.eu\/wp-content\/uploads\/2022\/05\/chocolate-rice-cakes-PZY8PSN-V2-768x768.jpg 768w, https:\/\/cormac.eu\/wp-content\/uploads\/2022\/05\/chocolate-rice-cakes-PZY8PSN-V2-600x600.jpg 600w, https:\/\/cormac.eu\/wp-content\/uploads\/2022\/05\/chocolate-rice-cakes-PZY8PSN-V2-100x100.jpg 100w\" sizes=\"(max-width: 152px) 100vw, 152px\" \/><img loading=\"lazy\" decoding=\"async\" class=\"wp-image-3166\" src=\"https:\/\/cormac.eu\/wp-content\/uploads\/2022\/05\/chocolate-dessert-PURBMSE-V3-300x300.jpg\" alt=\"\" width=\"149\" height=\"149\" srcset=\"https:\/\/cormac.eu\/wp-content\/uploads\/2022\/05\/chocolate-dessert-PURBMSE-V3-300x300.jpg 300w, https:\/\/cormac.eu\/wp-content\/uploads\/2022\/05\/chocolate-dessert-PURBMSE-V3.jpg 1024w, https:\/\/cormac.eu\/wp-content\/uploads\/2022\/05\/chocolate-dessert-PURBMSE-V3-150x150.jpg 150w, https:\/\/cormac.eu\/wp-content\/uploads\/2022\/05\/chocolate-dessert-PURBMSE-V3-768x768.jpg 768w, https:\/\/cormac.eu\/wp-content\/uploads\/2022\/05\/chocolate-dessert-PURBMSE-V3-600x600.jpg 600w, https:\/\/cormac.eu\/wp-content\/uploads\/2022\/05\/chocolate-dessert-PURBMSE-V3-100x100.jpg 100w\" sizes=\"(max-width: 149px) 100vw, 149px\" \/><\/p>\n<table width=\"586\">\n<tbody>\n<tr>\n<td width=\"245\"><strong>Cechy<\/strong><\/td>\n<td width=\"340\"><strong>Korzy\u015bci<\/strong><\/td>\n<\/tr>\n<tr>\n<td>Podw\u00f3jna kurtyna czekoladowa<\/td>\n<td>\n<ul>\n<li>R\u00f3wnomierna pow\u0142oka<\/li>\n<\/ul>\n<\/td>\n<\/tr>\n<tr>\n<td>R\u00f3wnomierna dystrybucja powietrza w bocznym napinaczu powietrza<\/td>\n<td>\n<ul>\n<li>Kontrola temperatury<\/li>\n<\/ul>\n<\/td>\n<\/tr>\n<tr>\n<td>Cz\u0119\u015bci stykowe produktu z podw\u00f3jnym p\u0142aszczem<\/td>\n<td>\n<ul>\n<li>Utrzymywanie temperatury czekolady w celu r\u00f3wnomiernego powlekania<\/li>\n<\/ul>\n<\/td>\n<\/tr>\n<tr>\n<td>Regulatory temperatury PID<\/td>\n<td>\n<ul>\n<li>W\u0142a\u015bciwo\u015bci trzymania temperowanej czekolady<\/li>\n<\/ul>\n<\/td>\n<\/tr>\n<tr>\n<td>Konstrukcja ze stali nierdzewnej<\/td>\n<td>\n<ul>\n<li>Higieniczne i \u0142atwe czyszczenie<\/li>\n<\/ul>\n<\/td>\n<\/tr>\n<tr>\n<td>Wyjmowany zbiornik na produkt<\/td>\n<td>\n<ul>\n<li>Szybka zmiana rodzaju czekolady skraca czas przestoju<\/li>\n<\/ul>\n<\/td>\n<\/tr>\n<tr>\n<td>Kompletny zdejmowany zestaw siatek<\/td>\n<td>\n<ul>\n<li>Szybka zmiana produktu<\/li>\n<li>\u0142atwe czyszczenie<\/li>\n<li>Mniej przestoj\u00f3w<\/li>\n<\/ul>\n<\/td>\n<\/tr>\n<tr>\n<td>Szybkoz\u0142\u0105czki do rur<\/td>\n<td>\n<ul>\n<li>\u0141atwe czyszczenie i konserwacja<\/li>\n<\/ul>\n<\/td>\n<\/tr>\n<tr>\n<td>Konstrukcja bez dachu<\/td>\n<td>\n<ul>\n<li>\u0141atwy dost\u0119p<\/li>\n<\/ul>\n<\/td>\n<\/tr>\n<tr>\n<td>Sterowanie PLC<\/td>\n<td>\n<ul>\n<li>Precyzyjna kontrola parametr\u00f3w -recipee<\/li>\n<li>Przechowywanie - ustawianie poziomu czekolady<\/li>\n<\/ul>\n<\/td>\n<\/tr>\n<tr>\n<td>Taca wibracyjna, pneumatyczna<\/td>\n<td>\n<ul>\n<li>Jednolity efekt pow\u0142oki<\/li>\n<li>Kontrolowana cz\u0119stotliwo\u015b\u0107<\/li>\n<\/ul>\n<\/td>\n<\/tr>\n<tr>\n<td>Opcje<\/td>\n<td>\n<ul>\n<li>Systemy filtracji<\/li>\n<li>Zbiorniki do mieszania i topienia<\/li>\n<li>Systemy dekoracyjne<\/li>\n<li>Systemy zraszania<\/li>\n<li>Maszyny do odpuszczania<\/li>\n<li>St\u00f3\u0142 podawczy<\/li>\n<li>Alternatywny materia\u0142 paska<\/li>\n<\/ul>\n<\/td>\n<\/tr>\n<\/tbody>\n<\/table>\n<div class=\"mceTemp\"><\/div>\n<div class=\"mceTemp\"><\/div>","protected":false},"excerpt":{"rendered":"<p>Maszyna do oblewania produkt\u00f3w czekolad\u0105, masami z\u0142o\u017conymi lub t\u0142uszczowymi<\/p>","protected":false},"featured_media":3167,"comment_status":"open","ping_status":"closed","template":"","meta":{"uix_meta_title":"","uix_meta_description":"","uix_canonical_url":""},"product_brand":[],"product_cat":[104],"product_tag":[205,211,210,209],"class_list":{"0":"post-3173","1":"product","2":"type-product","3":"status-publish","4":"has-post-thumbnail","6":"product_cat-processing","7":"product_tag-candy-bars","8":"product_tag-chocolate-coated-products","9":"product_tag-cookies","10":"product_tag-wafers","12":"first","13":"instock","14":"shipping-taxable","15":"product-type-simple"},"_links":{"self":[{"href":"https:\/\/cormac.eu\/pl\/wp-json\/wp\/v2\/product\/3173","targetHints":{"allow":["GET"]}}],"collection":[{"href":"https:\/\/cormac.eu\/pl\/wp-json\/wp\/v2\/product"}],"about":[{"href":"https:\/\/cormac.eu\/pl\/wp-json\/wp\/v2\/types\/product"}],"replies":[{"embeddable":true,"href":"https:\/\/cormac.eu\/pl\/wp-json\/wp\/v2\/comments?post=3173"}],"wp:featuredmedia":[{"embeddable":true,"href":"https:\/\/cormac.eu\/pl\/wp-json\/wp\/v2\/media\/3167"}],"wp:attachment":[{"href":"https:\/\/cormac.eu\/pl\/wp-json\/wp\/v2\/media?parent=3173"}],"wp:term":[{"taxonomy":"product_brand","embeddable":true,"href":"https:\/\/cormac.eu\/pl\/wp-json\/wp\/v2\/product_brand?post=3173"},{"taxonomy":"product_cat","embeddable":true,"href":"https:\/\/cormac.eu\/pl\/wp-json\/wp\/v2\/product_cat?post=3173"},{"taxonomy":"product_tag","embeddable":true,"href":"https:\/\/cormac.eu\/pl\/wp-json\/wp\/v2\/product_tag?post=3173"}],"curies":[{"name":"wp","href":"https:\/\/api.w.org\/{rel}","templated":true}]}}