{"id":3160,"date":"2022-05-26T20:38:05","date_gmt":"2022-05-26T18:38:05","guid":{"rendered":"https:\/\/cormac.eu\/?post_type=product&#038;p=3160"},"modified":"2022-06-01T11:42:22","modified_gmt":"2022-06-01T09:42:22","slug":"inteligentny-termometr","status":"publish","type":"product","link":"https:\/\/cormac.eu\/pl\/product\/smart-tempermeter\/","title":{"rendered":"Inteligentny miernik temperatury"},"content":{"rendered":"<p>Ten zaawansowany technologicznie TEMPERMETER mierzy krystalizacj\u0119 czekolady i automatycznie oblicza cztery charakterystyki punktu przegi\u0119cia: nachylenie, temperatur\u0119, czas i RSI (indeks od 1 do 10). Jest por\u00f3wnywalny z wi\u0119kszo\u015bci\u0105 innych maszyn na rynku pod wzgl\u0119dem sondy temperatury PT100, rodzaju kubk\u00f3w, zimnego bloku i obliczania indeksu. Jego st\u00f3\u0142 gwarantuje wysok\u0105 powtarzalno\u015b\u0107, a krzywa indeksu jest bezpo\u015brednio widoczna na ekranie. Identyfikowalno\u015b\u0107, kontrola produkcji, ci\u0105g\u0142e doskonalenie i kontrola jako\u015bci to wa\u017cne zalety tego temperometru.<\/p>\n<p><img decoding=\"async\" class=\"alignnone wp-image-3158\" src=\"https:\/\/cormac.eu\/wp-content\/uploads\/2022\/05\/tempered-chocolate-300x298.jpg\" alt=\"\" width=\"149\" height=\"148\" srcset=\"https:\/\/cormac.eu\/wp-content\/uploads\/2022\/05\/tempered-chocolate-300x300.jpg 300w, https:\/\/cormac.eu\/wp-content\/uploads\/2022\/05\/tempered-chocolate-150x150.jpg 150w, https:\/\/cormac.eu\/wp-content\/uploads\/2022\/05\/tempered-chocolate-100x100.jpg 100w, https:\/\/cormac.eu\/wp-content\/uploads\/2022\/05\/tempered-chocolate.jpg 498w\" sizes=\"(max-width: 149px) 100vw, 149px\" \/>\u00a0 <img decoding=\"async\" class=\"alignnone wp-image-3156\" src=\"https:\/\/cormac.eu\/wp-content\/uploads\/2022\/05\/cups-300x206.jpg\" alt=\"\" width=\"213\" height=\"146\" srcset=\"https:\/\/cormac.eu\/wp-content\/uploads\/2022\/05\/cups-300x206.jpg 300w, https:\/\/cormac.eu\/wp-content\/uploads\/2022\/05\/cups.jpg 392w\" sizes=\"(max-width: 213px) 100vw, 213px\" \/><\/p>\n<p>&nbsp;<\/p>\n<table>\n<tbody>\n<tr>\n<td width=\"295\">\u00a0<strong>Cechy<\/strong><\/td>\n<td width=\"266\">\u00a0<strong>Korzy\u015bci<\/strong><\/td>\n<\/tr>\n<tr>\n<td><\/td>\n<td><\/td>\n<\/tr>\n<tr>\n<td>Tabela zimnych blok\u00f3w<\/td>\n<td>\n<ul>\n<li>Dok\u0142adny pomiar<\/li>\n<li>Wysoka powtarzalno\u015b\u0107<\/li>\n<\/ul>\n<\/td>\n<\/tr>\n<tr>\n<td>Podgrzewana sonda temperatury<\/td>\n<td>\n<ul>\n<li>Pomiar w zale\u017cno\u015bci od temperatury czekolady<\/li>\n<\/ul>\n<\/td>\n<\/tr>\n<tr>\n<td>Kolorowy ekran LCD z wbudowan\u0105 drukark\u0105<\/td>\n<td>\n<ul>\n<li>Krzywa natychmiast widoczna<\/li>\n<li>Natychmiastowe drukowanie krzywej<\/li>\n<li>Specyfikacja na bilecie<\/li>\n<\/ul>\n<\/td>\n<\/tr>\n<tr>\n<td>Korzystanie z aluminiowych kubk\u00f3w<\/td>\n<td>\n<ul>\n<li>Ulepszona wydajno\u015b\u0107 termiczna<\/li>\n<\/ul>\n<\/td>\n<\/tr>\n<tr>\n<td>Kompaktowy<\/td>\n<td>\n<ul>\n<li>Tylko 5,5 KG<\/li>\n<li>Jedno po\u0142\u0105czenie<\/li>\n<li>\u0141atwy transport<\/li>\n<\/ul>\n<\/td>\n<\/tr>\n<\/tbody>\n<\/table>","protected":false},"excerpt":{"rendered":"<p>Kompaktowy i wydajny temperometr do pomiaru krystalizacji czekolady.<\/p>","protected":false},"featured_media":3157,"comment_status":"open","ping_status":"closed","template":"","meta":{"uix_meta_title":"","uix_meta_description":"","uix_canonical_url":""},"product_brand":[],"product_cat":[107,135,104],"product_tag":[208,212],"class_list":{"0":"post-3160","1":"product","2":"type-product","3":"status-publish","4":"has-post-thumbnail","6":"product_cat-artisanal","7":"product_cat-laboratory","8":"product_cat-processing","9":"product_tag-chocolates","10":"product_tag-tempermeter","12":"first","13":"instock","14":"shipping-taxable","15":"product-type-simple"},"_links":{"self":[{"href":"https:\/\/cormac.eu\/pl\/wp-json\/wp\/v2\/product\/3160","targetHints":{"allow":["GET"]}}],"collection":[{"href":"https:\/\/cormac.eu\/pl\/wp-json\/wp\/v2\/product"}],"about":[{"href":"https:\/\/cormac.eu\/pl\/wp-json\/wp\/v2\/types\/product"}],"replies":[{"embeddable":true,"href":"https:\/\/cormac.eu\/pl\/wp-json\/wp\/v2\/comments?post=3160"}],"wp:featuredmedia":[{"embeddable":true,"href":"https:\/\/cormac.eu\/pl\/wp-json\/wp\/v2\/media\/3157"}],"wp:attachment":[{"href":"https:\/\/cormac.eu\/pl\/wp-json\/wp\/v2\/media?parent=3160"}],"wp:term":[{"taxonomy":"product_brand","embeddable":true,"href":"https:\/\/cormac.eu\/pl\/wp-json\/wp\/v2\/product_brand?post=3160"},{"taxonomy":"product_cat","embeddable":true,"href":"https:\/\/cormac.eu\/pl\/wp-json\/wp\/v2\/product_cat?post=3160"},{"taxonomy":"product_tag","embeddable":true,"href":"https:\/\/cormac.eu\/pl\/wp-json\/wp\/v2\/product_tag?post=3160"}],"curies":[{"name":"wp","href":"https:\/\/api.w.org\/{rel}","templated":true}]}}