{"id":3077,"date":"2022-05-20T23:37:45","date_gmt":"2022-05-20T21:37:45","guid":{"rendered":"https:\/\/cormac.eu\/?post_type=product&#038;p=3077"},"modified":"2022-06-05T13:56:08","modified_gmt":"2022-06-05T11:56:08","slug":"uniwersalny-uklad-napedowy-rozdzielacza","status":"publish","type":"product","link":"https:\/\/cormac.eu\/pl\/product\/universal-manifold-drive-system\/","title":{"rendered":"Uniwersalny uk\u0142ad nap\u0119dowy kolektora"},"content":{"rendered":"<p>Uniwersalny podwieszany system osadzania jest zwykle montowany nad istniej\u0105c\u0105 lini\u0105 produkcyjn\u0105, ta\u015bm\u0105 pieca stalowego lub przeno\u015bnikiem tacowym. Mo\u017ce by\u0107 wyposa\u017cony w r\u00f3\u017cne typy ci\u015bnieniowych rozdzielaczy do osadzania, rozdzielaczy kombinowanych lub rozdzielaczy do ci\u0119cia drutu. W przypadku zastosowania do pianek marshmallows umo\u017cliwia producentowi wytwarzanie produkt\u00f3w osadzanych, wyt\u0142aczanych lub ci\u0119tych drutem.<\/p>\n<p><img decoding=\"async\" class=\"alignnone wp-image-3075\" src=\"https:\/\/cormac.eu\/wp-content\/uploads\/2022\/05\/Wymbs-Universal-MDS-peep-1.jpg\" alt=\"\" width=\"153\" height=\"124\" \/> \u00a0<img decoding=\"async\" class=\"alignnone wp-image-2973\" src=\"https:\/\/cormac.eu\/wp-content\/uploads\/2022\/05\/wymbs-wire-cut-product-1.jpg\" alt=\"\" width=\"123\" height=\"111\" \/>\u00a0 \u00a0 <img decoding=\"async\" class=\"alignnone wp-image-2815\" src=\"https:\/\/cormac.eu\/wp-content\/uploads\/2022\/04\/marshmallow-IMG_0607-300x300.webp\" alt=\"\" width=\"135\" height=\"135\" srcset=\"https:\/\/cormac.eu\/wp-content\/uploads\/2022\/04\/marshmallow-IMG_0607-300x300.webp 300w, https:\/\/cormac.eu\/wp-content\/uploads\/2022\/04\/marshmallow-IMG_0607-1024x1024.webp 1024w, https:\/\/cormac.eu\/wp-content\/uploads\/2022\/04\/marshmallow-IMG_0607-150x150.webp 150w, https:\/\/cormac.eu\/wp-content\/uploads\/2022\/04\/marshmallow-IMG_0607-768x768.webp 768w, https:\/\/cormac.eu\/wp-content\/uploads\/2022\/04\/marshmallow-IMG_0607-1536x1536.webp 1536w, https:\/\/cormac.eu\/wp-content\/uploads\/2022\/04\/marshmallow-IMG_0607-600x600.webp 600w, https:\/\/cormac.eu\/wp-content\/uploads\/2022\/04\/marshmallow-IMG_0607-100x100.webp 100w, https:\/\/cormac.eu\/wp-content\/uploads\/2022\/04\/marshmallow-IMG_0607.webp 1920w\" sizes=\"(max-width: 135px) 100vw, 135px\" \/><img loading=\"lazy\" decoding=\"async\" class=\"alignnone wp-image-2958\" src=\"https:\/\/cormac.eu\/wp-content\/uploads\/2022\/05\/Wymbs-picture-3-DMF.jpg\" alt=\"\" width=\"158\" height=\"158\" srcset=\"https:\/\/cormac.eu\/wp-content\/uploads\/2022\/05\/Wymbs-picture-3-DMF.jpg 125w, https:\/\/cormac.eu\/wp-content\/uploads\/2022\/05\/Wymbs-picture-3-DMF-100x100.jpg 100w\" sizes=\"(max-width: 158px) 100vw, 158px\" \/><\/p>\n<p>W przeciwnym razie mo\u017cna wytwarza\u0107 proste wyroby cukiernicze, takie jak produkty umieszczane na przeno\u015bnikach spryskiwanych cukrem lub skrobi\u0105 lub produkty umieszczane na ciasteczkach lub mi\u0119dzy ciasteczkami jako nadzienie.<\/p>\n<p><img loading=\"lazy\" decoding=\"async\" class=\"alignnone wp-image-3073\" src=\"https:\/\/cormac.eu\/wp-content\/uploads\/2022\/05\/Wymbs-Universal-MDS-jaffa-4.jpg\" alt=\"\" width=\"148\" height=\"127\" \/><img loading=\"lazy\" decoding=\"async\" class=\"alignnone wp-image-3074\" src=\"https:\/\/cormac.eu\/wp-content\/uploads\/2022\/05\/Wymbs-Universal-MDS-ladyfinger-2.jpg\" alt=\"\" width=\"222\" height=\"131\" \/> <img loading=\"lazy\" decoding=\"async\" class=\"alignnone wp-image-3076\" src=\"https:\/\/cormac.eu\/wp-content\/uploads\/2022\/05\/Wymbs-Univesral-MDS-marshmallow-3.jpg\" alt=\"\" width=\"191\" height=\"107\" \/> <img loading=\"lazy\" decoding=\"async\" class=\"alignnone wp-image-3079\" src=\"https:\/\/cormac.eu\/wp-content\/uploads\/2022\/05\/Wymbs-Universal-MDS-prod-5.jpg\" alt=\"\" width=\"173\" height=\"130\" \/><\/p>\n<p>Po\u0142\u0105czenie r\u00f3\u017cnych typ\u00f3w rozdzielaczy z tym uniwersalnym systemem nap\u0119dowym rozdzielacza, z integralnie wyposa\u017conymi przeno\u015bnikami procesowymi, obrotowymi systemami indeksowania, magazynami podawania ciastek itp. oferuje producentowi szeroki zakres zastosowa\u0144 osadzania. Zazwyczaj systemy te s\u0105 produkowane dla szeroko\u015bci roboczych 800 mm, 1000 mm, 1200 mm, 1500 mm.<\/p>\n<p>&nbsp;<\/p>\n<table>\n<tbody>\n<tr>\n<td width=\"295\">\n<p style=\"text-align: center\"><strong>Cechy<\/strong><\/p>\n<\/td>\n<td width=\"219\">\n<p style=\"text-align: center\"><strong>Korzy\u015bci<\/strong><\/p>\n<\/td>\n<\/tr>\n<tr>\n<td><\/td>\n<td><\/td>\n<\/tr>\n<tr>\n<td>Ok\u0142adzina i konstrukcja ze stali nierdzewnej<\/td>\n<td>\n<ul>\n<li>Silny<\/li>\n<li>Higiena<\/li>\n<\/ul>\n<\/td>\n<\/tr>\n<tr>\n<td>Ekran dotykowy HMI ze zdalnym panelem elektrycznym<\/td>\n<td>\n<ul>\n<li>Precyzyjna kontrola osadzania<\/li>\n<li>Przechowywanie przepis\u00f3w<br \/>\nPrzechowywanie danych<\/li>\n<li>Monitorowanie proces\u00f3w i temperatury<\/li>\n<\/ul>\n<\/td>\n<\/tr>\n<tr>\n<td>Ruch XYZ<\/td>\n<td>\n<ul>\n<li>Mo\u017cliwe 3 osie ruchu<\/li>\n<\/ul>\n<\/td>\n<\/tr>\n<tr>\n<td>Opcje<\/td>\n<td>\n<ul>\n<li>W\u00f3zek konserwacyjny<\/li>\n<li>zintegrowany przeno\u015bnik deponuj\u0105cy<\/li>\n<li>dozownik ciastek<\/li>\n<\/ul>\n<\/td>\n<\/tr>\n<\/tbody>\n<\/table>\n<p>&nbsp;<\/p>","protected":false},"excerpt":{"rendered":"<p>Uniwersalny system nap\u0119du rozdzielacza do \u0142\u0105czenia z r\u00f3\u017cnymi rozdzielaczami w celu uzyskania szerokiej gamy opcji depoositingu.<\/p>","protected":false},"featured_media":3072,"comment_status":"open","ping_status":"closed","template":"","meta":{"uix_meta_title":"","uix_meta_description":"","uix_canonical_url":""},"product_brand":[],"product_cat":[104],"product_tag":[219,195,196,198,202,200],"class_list":{"0":"post-3077","1":"product","2":"type-product","3":"status-publish","4":"has-post-thumbnail","6":"product_cat-processing","7":"product_tag-jaffa-cakes","8":"product_tag-lady-fingers","9":"product_tag-marshmallows","10":"product_tag-muffins-cupcakes","11":"product_tag-sponge-drops","12":"product_tag-tea0cake-mallows","14":"first","15":"instock","16":"shipping-taxable","17":"product-type-simple"},"_links":{"self":[{"href":"https:\/\/cormac.eu\/pl\/wp-json\/wp\/v2\/product\/3077","targetHints":{"allow":["GET"]}}],"collection":[{"href":"https:\/\/cormac.eu\/pl\/wp-json\/wp\/v2\/product"}],"about":[{"href":"https:\/\/cormac.eu\/pl\/wp-json\/wp\/v2\/types\/product"}],"replies":[{"embeddable":true,"href":"https:\/\/cormac.eu\/pl\/wp-json\/wp\/v2\/comments?post=3077"}],"wp:featuredmedia":[{"embeddable":true,"href":"https:\/\/cormac.eu\/pl\/wp-json\/wp\/v2\/media\/3072"}],"wp:attachment":[{"href":"https:\/\/cormac.eu\/pl\/wp-json\/wp\/v2\/media?parent=3077"}],"wp:term":[{"taxonomy":"product_brand","embeddable":true,"href":"https:\/\/cormac.eu\/pl\/wp-json\/wp\/v2\/product_brand?post=3077"},{"taxonomy":"product_cat","embeddable":true,"href":"https:\/\/cormac.eu\/pl\/wp-json\/wp\/v2\/product_cat?post=3077"},{"taxonomy":"product_tag","embeddable":true,"href":"https:\/\/cormac.eu\/pl\/wp-json\/wp\/v2\/product_tag?post=3077"}],"curies":[{"name":"wp","href":"https:\/\/api.w.org\/{rel}","templated":true}]}}