{"id":2976,"date":"2022-05-20T20:39:17","date_gmt":"2022-05-20T18:39:17","guid":{"rendered":"https:\/\/cormac.eu\/?post_type=product&#038;p=2976"},"modified":"2022-06-01T11:54:24","modified_gmt":"2022-06-01T09:54:24","slug":"wolumetryczny-kolektor-osadzania","status":"publish","type":"product","link":"https:\/\/cormac.eu\/pl\/product\/volumetric-depositing-manifold\/","title":{"rendered":"Wolumetryczny kolektor osadzania"},"content":{"rendered":"<p>Wolumetryczny rozdzielacz osadzania jest stosowany w systemie zamkni\u0119tym, co oznacza brak leja zasypowego, w wyniku czego mo\u017cna uzyska\u0107 doskona\u0142\u0105 kontrol\u0119 obj\u0119to\u015bci osadzania. Ten typ rozdzielacza mo\u017ce by\u0107 zamontowany w uk\u0142adzie nap\u0119dowym rozdzielacza g\u00f3rnego lub dolnego, kt\u00f3ry mo\u017ce by\u0107 instalowany nad\/pod istniej\u0105cymi liniami przetw\u00f3rczymi na skal\u0119 przemys\u0142ow\u0105, ta\u015bmami piec\u00f3w stalowych lub przeno\u015bnikami tacowymi. W przeciwnym razie mo\u017cna go r\u00f3wnie\u017c zamontowa\u0107 na mniejszym uk\u0142adzie nap\u0119dowym OCD dla mniejszych wydajno\u015bci.<\/p>\n<p>Zastosowania (przyk\u0142ady)<\/p>\n<p><img decoding=\"async\" class=\"alignnone wp-image-3055\" src=\"https:\/\/cormac.eu\/wp-content\/uploads\/2022\/05\/fondants-and-icings-298x300.jpg\" alt=\"\" width=\"166\" height=\"167\" srcset=\"https:\/\/cormac.eu\/wp-content\/uploads\/2022\/05\/fondants-and-icings-298x300.jpg 298w, https:\/\/cormac.eu\/wp-content\/uploads\/2022\/05\/fondants-and-icings-150x150.jpg 150w, https:\/\/cormac.eu\/wp-content\/uploads\/2022\/05\/fondants-and-icings-300x300.jpg 300w, https:\/\/cormac.eu\/wp-content\/uploads\/2022\/05\/fondants-and-icings-100x100.jpg 100w, https:\/\/cormac.eu\/wp-content\/uploads\/2022\/05\/fondants-and-icings.jpg 375w\" sizes=\"(max-width: 166px) 100vw, 166px\" \/>\u00a0 <img decoding=\"async\" class=\"alignnone wp-image-3056\" src=\"https:\/\/cormac.eu\/wp-content\/uploads\/2022\/05\/VDM-product-picture-295x300.jpg\" alt=\"\" width=\"191\" height=\"194\" srcset=\"https:\/\/cormac.eu\/wp-content\/uploads\/2022\/05\/VDM-product-picture-295x300.jpg 295w, https:\/\/cormac.eu\/wp-content\/uploads\/2022\/05\/VDM-product-picture.jpg 301w\" sizes=\"(max-width: 191px) 100vw, 191px\" \/> <img decoding=\"async\" class=\"alignnone wp-image-3057\" src=\"https:\/\/cormac.eu\/wp-content\/uploads\/2022\/05\/VDM-spongecake-280x300.jpg\" alt=\"\" width=\"172\" height=\"185\" srcset=\"https:\/\/cormac.eu\/wp-content\/uploads\/2022\/05\/VDM-spongecake-280x300.jpg 280w, https:\/\/cormac.eu\/wp-content\/uploads\/2022\/05\/VDM-spongecake-957x1024.jpg 957w, https:\/\/cormac.eu\/wp-content\/uploads\/2022\/05\/VDM-spongecake-768x821.jpg 768w, https:\/\/cormac.eu\/wp-content\/uploads\/2022\/05\/VDM-spongecake-600x642.jpg 600w, https:\/\/cormac.eu\/wp-content\/uploads\/2022\/05\/VDM-spongecake.jpg 1005w\" sizes=\"(max-width: 172px) 100vw, 172px\" \/>\u00a0 <img loading=\"lazy\" decoding=\"async\" class=\"alignnone wp-image-2815\" src=\"https:\/\/cormac.eu\/wp-content\/uploads\/2022\/04\/marshmallow-IMG_0607-300x300.webp\" alt=\"\" width=\"202\" height=\"202\" srcset=\"https:\/\/cormac.eu\/wp-content\/uploads\/2022\/04\/marshmallow-IMG_0607-300x300.webp 300w, https:\/\/cormac.eu\/wp-content\/uploads\/2022\/04\/marshmallow-IMG_0607-1024x1024.webp 1024w, https:\/\/cormac.eu\/wp-content\/uploads\/2022\/04\/marshmallow-IMG_0607-150x150.webp 150w, https:\/\/cormac.eu\/wp-content\/uploads\/2022\/04\/marshmallow-IMG_0607-768x768.webp 768w, https:\/\/cormac.eu\/wp-content\/uploads\/2022\/04\/marshmallow-IMG_0607-1536x1536.webp 1536w, https:\/\/cormac.eu\/wp-content\/uploads\/2022\/04\/marshmallow-IMG_0607-600x600.webp 600w, https:\/\/cormac.eu\/wp-content\/uploads\/2022\/04\/marshmallow-IMG_0607-100x100.webp 100w, https:\/\/cormac.eu\/wp-content\/uploads\/2022\/04\/marshmallow-IMG_0607.webp 1920w\" sizes=\"(max-width: 202px) 100vw, 202px\" \/><\/p>\n<p>&nbsp;<\/p>\n<table style=\"height: 650px\" width=\"679\">\n<tbody>\n<tr>\n<td width=\"295\">\n<p style=\"text-align: center\">\u00a0<strong>Cechy<\/strong><\/p>\n<\/td>\n<td width=\"197\">\n<p style=\"text-align: center\">\u00a0<strong>Korzy\u015bci<\/strong><\/p>\n<\/td>\n<\/tr>\n<tr>\n<td><\/td>\n<td><\/td>\n<\/tr>\n<tr>\n<td>Po\u0142\u0105czone niemetalowe t\u0142oki nap\u0119dzane serwomechanizmem<br \/>\nz cylindrami ze stali nierdzewnej<\/td>\n<td>\n<ul>\n<li>Wysoka dok\u0142adno\u015b\u0107 osadzania<\/li>\n<\/ul>\n<\/td>\n<\/tr>\n<tr>\n<td>Wewn\u0119trzny obieg wody<\/td>\n<td>\n<ul>\n<li>Doskona\u0142a kontrola temperatury<\/li>\n<\/ul>\n<\/td>\n<\/tr>\n<tr>\n<td>Zawory obrotowe ze stali nierdzewnej<\/td>\n<td>\n<ul>\n<li>Higiena<\/li>\n<li>\u0141atwe czyszczenie<\/li>\n<\/ul>\n<\/td>\n<\/tr>\n<tr>\n<td>Wolumetryczny<\/td>\n<td>\n<ul>\n<li>Nie jest wymagane wywa\u017canie<\/li>\n<\/ul>\n<\/td>\n<\/tr>\n<tr>\n<td>HMI zamontowany na (dodatkowym) uk\u0142adzie nap\u0119du rozdzielacza<\/td>\n<td>\n<ul>\n<li>Kontrola wagi depozytu<\/li>\n<li>Kontrola pr\u0119dko\u015bci<\/li>\n<\/ul>\n<\/td>\n<\/tr>\n<tr>\n<td>Opcje<\/td>\n<td>\n<ul>\n<li>Przystawka czyszcz\u0105ca do CIP<\/li>\n<li>Dysze zwyk\u0142e lub z wieloma szczytami<\/li>\n<li>G\u0142\u00f3wny korpus z tytanu<\/li>\n<\/ul>\n<p>&nbsp;<\/td>\n<\/tr>\n<\/tbody>\n<\/table>","protected":false},"excerpt":{"rendered":"<p>Volumetric Depositing Manifold jest stosowany w systemie zamkni\u0119tym bez leja odbiorczego.<\/p>","protected":false},"featured_media":3061,"comment_status":"open","ping_status":"closed","template":"","meta":{"uix_meta_title":"","uix_meta_description":"","uix_canonical_url":""},"product_brand":[],"product_cat":[104],"product_tag":[203,188,191,194,196,197],"class_list":{"0":"post-2976","1":"product","2":"type-product","3":"status-publish","4":"has-post-thumbnail","6":"product_cat-processing","7":"product_tag-batter","8":"product_tag-caramels-toffees","9":"product_tag-fondants-icings","10":"product_tag-jams-jellies","11":"product_tag-marshmallows","12":"product_tag-meringues","14":"first","15":"instock","16":"shipping-taxable","17":"product-type-simple"},"_links":{"self":[{"href":"https:\/\/cormac.eu\/pl\/wp-json\/wp\/v2\/product\/2976","targetHints":{"allow":["GET"]}}],"collection":[{"href":"https:\/\/cormac.eu\/pl\/wp-json\/wp\/v2\/product"}],"about":[{"href":"https:\/\/cormac.eu\/pl\/wp-json\/wp\/v2\/types\/product"}],"replies":[{"embeddable":true,"href":"https:\/\/cormac.eu\/pl\/wp-json\/wp\/v2\/comments?post=2976"}],"wp:featuredmedia":[{"embeddable":true,"href":"https:\/\/cormac.eu\/pl\/wp-json\/wp\/v2\/media\/3061"}],"wp:attachment":[{"href":"https:\/\/cormac.eu\/pl\/wp-json\/wp\/v2\/media?parent=2976"}],"wp:term":[{"taxonomy":"product_brand","embeddable":true,"href":"https:\/\/cormac.eu\/pl\/wp-json\/wp\/v2\/product_brand?post=2976"},{"taxonomy":"product_cat","embeddable":true,"href":"https:\/\/cormac.eu\/pl\/wp-json\/wp\/v2\/product_cat?post=2976"},{"taxonomy":"product_tag","embeddable":true,"href":"https:\/\/cormac.eu\/pl\/wp-json\/wp\/v2\/product_tag?post=2976"}],"curies":[{"name":"wp","href":"https:\/\/api.w.org\/{rel}","templated":true}]}}