{"id":2971,"date":"2022-05-19T23:29:08","date_gmt":"2022-05-19T21:29:08","guid":{"rendered":"https:\/\/cormac.eu\/?post_type=product&#038;p=2971"},"modified":"2022-06-01T11:56:02","modified_gmt":"2022-06-01T09:56:02","slug":"rozdzielacz-ciety-drutem-2","status":"publish","type":"product","link":"https:\/\/cormac.eu\/pl\/product\/wire-cut-manifold\/","title":{"rendered":"Rozdzielacz ci\u0119ty drutem"},"content":{"rendered":"<p>Ci\u015bnieniowe rozdzielacze do osadzania s\u0105 przeznaczone do bezpo\u015bredniego pod\u0142\u0105czenia do jednostki ci\u0105g\u0142ego dozowania lub systemu dozowania, takiego jak pompa. Poniewa\u017c s\u0105 to systemy zamkni\u0119te, w kt\u00f3rych nie stosuje si\u0119 lej\u00f3w zasypowych, rozdzielacze te s\u0105 szczeg\u00f3lnie odpowiednie do osadzania delikatnych mas i lekkich pianek. Rozdzielacze ci\u0119te drutem mog\u0105 by\u0107 tworzone z <a href=\"https:\/\/cormac.eu\/pl\/produkt\/kolektor-osadzania-2\/\">\"zwyk\u0142y\" rozdzielacz<\/a> dla jednokolorowego z\u0142o\u017ca marshmallow lub z naszych wersji kombinowanych dla dwukolorowego z\u0142o\u017ca. Zawory obrotowe s\u0105 zazwyczaj nap\u0119dzane serwomechanizmem, podczas gdy przystawka do ci\u0119cia drutu t\u0142okowego jest sterowana pneumatycznie.<\/p>\n<p>&nbsp;<\/p>\n<p><strong>Zastosowania<\/strong><\/p>\n<p><img decoding=\"async\" class=\"alignnone wp-image-2975\" src=\"https:\/\/cormac.eu\/wp-content\/uploads\/2022\/05\/wymbs-wire-cut-product-3.jpg\" alt=\"\" width=\"154\" height=\"134\" \/>\u00a0 <img decoding=\"async\" class=\"alignnone wp-image-2974\" src=\"https:\/\/cormac.eu\/wp-content\/uploads\/2022\/05\/wymbs-wire-cut-product-2.jpg\" alt=\"\" width=\"166\" height=\"132\" \/> <img decoding=\"async\" class=\"alignnone wp-image-2973\" src=\"https:\/\/cormac.eu\/wp-content\/uploads\/2022\/05\/wymbs-wire-cut-product-1.jpg\" alt=\"\" width=\"166\" height=\"151\" \/><\/p>\n<p>&nbsp;<\/p>\n<p>&nbsp;<\/p>\n<p>&nbsp;<\/p>\n<table>\n<tbody>\n<tr>\n<td width=\"253\">\u00a0<strong>Cechy<\/strong><\/td>\n<td width=\"351\">\u00a0<strong>Korzy\u015bci<\/strong><\/td>\n<\/tr>\n<tr>\n<td>Konstrukcja z wysokiej jako\u015bci aluminium<\/td>\n<td>\n<ul>\n<li>Niewielka waga<\/li>\n<li>Silny<\/li>\n<\/ul>\n<\/td>\n<\/tr>\n<tr>\n<td>Beznarz\u0119dziowe r\u00f3wnowa\u017cenie systemu<\/td>\n<td>\n<ul>\n<li>\u0141atwe r\u00f3wnowa\u017cenie ci\u015bnienia w uk\u0142adzie<\/li>\n<\/ul>\n<\/td>\n<\/tr>\n<tr>\n<td>Wewn\u0119trzny system cyrkulacji wody<\/td>\n<td>\n<ul>\n<li>Kontrolowane ogrzewanie i ch\u0142odzenie<\/li>\n<\/ul>\n<\/td>\n<\/tr>\n<tr>\n<td>Nap\u0119dzany serwomechanizmem zaw\u00f3r obrotowy uszczelniony niemetalicznym polimerem<\/td>\n<td>\n<ul>\n<li>Wysoka odporno\u015b\u0107<\/li>\n<li>niskie tarcie<\/li>\n<li>doskona\u0142e sterowanie ruchem zaworu<\/li>\n<\/ul>\n<\/td>\n<\/tr>\n<tr>\n<td>Opcje<\/td>\n<td>\n<ul>\n<li>Dodatkowe przystawki czyszcz\u0105ce do czyszczenia w linii (CIP)<\/li>\n<li>Specjalne stopy chroni\u0105ce przed masami o wysokim poziomie kwasowo\u015bci<\/li>\n<\/ul>\n<\/td>\n<\/tr>\n<\/tbody>\n<\/table>\n<p>&nbsp;<\/p>","protected":false},"excerpt":{"rendered":"<p>Rozdzielacz ci\u0119ty drutem, zwykle do produkcji produkt\u00f3w z p\u0142askim dnem marshmallow<\/p>","protected":false},"featured_media":2972,"comment_status":"open","ping_status":"closed","template":"","meta":{"uix_meta_title":"","uix_meta_description":"","uix_canonical_url":""},"product_brand":[],"product_cat":[104],"product_tag":[196],"class_list":{"0":"post-2971","1":"product","2":"type-product","3":"status-publish","4":"has-post-thumbnail","6":"product_cat-processing","7":"product_tag-marshmallows","9":"first","10":"instock","11":"sold-individually","12":"shipping-taxable","13":"purchasable","14":"product-type-simple"},"_links":{"self":[{"href":"https:\/\/cormac.eu\/pl\/wp-json\/wp\/v2\/product\/2971","targetHints":{"allow":["GET"]}}],"collection":[{"href":"https:\/\/cormac.eu\/pl\/wp-json\/wp\/v2\/product"}],"about":[{"href":"https:\/\/cormac.eu\/pl\/wp-json\/wp\/v2\/types\/product"}],"replies":[{"embeddable":true,"href":"https:\/\/cormac.eu\/pl\/wp-json\/wp\/v2\/comments?post=2971"}],"wp:featuredmedia":[{"embeddable":true,"href":"https:\/\/cormac.eu\/pl\/wp-json\/wp\/v2\/media\/2972"}],"wp:attachment":[{"href":"https:\/\/cormac.eu\/pl\/wp-json\/wp\/v2\/media?parent=2971"}],"wp:term":[{"taxonomy":"product_brand","embeddable":true,"href":"https:\/\/cormac.eu\/pl\/wp-json\/wp\/v2\/product_brand?post=2971"},{"taxonomy":"product_cat","embeddable":true,"href":"https:\/\/cormac.eu\/pl\/wp-json\/wp\/v2\/product_cat?post=2971"},{"taxonomy":"product_tag","embeddable":true,"href":"https:\/\/cormac.eu\/pl\/wp-json\/wp\/v2\/product_tag?post=2971"}],"curies":[{"name":"wp","href":"https:\/\/api.w.org\/{rel}","templated":true}]}}