{"id":2969,"date":"2022-05-19T23:25:00","date_gmt":"2022-05-19T21:25:00","guid":{"rendered":"https:\/\/cormac.eu\/?post_type=product&#038;p=2969"},"modified":"2022-06-05T22:25:45","modified_gmt":"2022-06-05T20:25:45","slug":"polaczony-kolektor-cisnieniowy","status":"publish","type":"product","link":"https:\/\/cormac.eu\/pl\/product\/pressurized-combined-manifold\/","title":{"rendered":"Po\u0142\u0105czony kolektor ci\u015bnieniowy"},"content":{"rendered":"<p>Ci\u015bnieniowe rozdzielacze do osadzania s\u0105 przeznaczone do bezpo\u015bredniego pod\u0142\u0105czenia do jednostki ci\u0105g\u0142ego dozowania lub systemu dozowania, takiego jak pompa. Poniewa\u017c s\u0105 to systemy zamkni\u0119te, w kt\u00f3rych nie stosuje si\u0119 lej\u00f3w zasypowych, te kolektory osadzaj\u0105ce s\u0105 szczeg\u00f3lnie odpowiednie do osadzania delikatnych mas i lekkich pianek. Depozytory kombinowane lub z centralnym nape\u0142nianiem maj\u0105 dwie komory masowe i dwa rz\u0119dy zawor\u00f3w steruj\u0105cych przep\u0142ywem. Umo\u017cliwia to jednoczesne nanoszenie r\u00f3\u017cnych mas przez jedn\u0105 dysz\u0119.<\/p>\n<p><strong>Zastosowania:<\/strong><\/p>\n<p>D\u017cem w piance marshmallow, krem czekoladowy w piance marshmallow, mi\u0119kki karmel w piance marshmallow, pianka marshmallow obok siebie, krem biszkoptowy i d\u017cem<\/p>\n<p><img decoding=\"async\" class=\"alignnone wp-image-2966\" src=\"https:\/\/cormac.eu\/wp-content\/uploads\/2022\/05\/wymbs-product-CFD-3.jpg\" alt=\"\" width=\"157\" height=\"130\" \/> <img decoding=\"async\" class=\"alignnone wp-image-2965\" src=\"https:\/\/cormac.eu\/wp-content\/uploads\/2022\/05\/wymbs-product-CFD-2.jpg\" alt=\"\" width=\"159\" height=\"131\" \/> <img decoding=\"async\" class=\"alignnone wp-image-2967\" src=\"https:\/\/cormac.eu\/wp-content\/uploads\/2022\/05\/wymbs-product-CFD-4.jpg\" alt=\"\" width=\"194\" height=\"156\" \/> <img loading=\"lazy\" decoding=\"async\" class=\"alignnone wp-image-2963\" src=\"https:\/\/cormac.eu\/wp-content\/uploads\/2022\/05\/wymbs-product-CFD-1.jpg\" alt=\"\" width=\"180\" height=\"168\" \/><\/p>\n<p>&nbsp;<\/p>\n<table>\n<tbody>\n<tr>\n<td width=\"253\">\u00a0<strong>Cechy<\/strong><\/td>\n<td width=\"351\">\u00a0<strong>Korzy\u015bci<\/strong><\/td>\n<\/tr>\n<tr>\n<td>Konstrukcja z wysokiej jako\u015bci aluminium<\/td>\n<td>\n<ul>\n<li>Niewielka waga<\/li>\n<li>Silny<\/li>\n<\/ul>\n<\/td>\n<\/tr>\n<tr>\n<td>Beznarz\u0119dziowe r\u00f3wnowa\u017cenie systemu<\/td>\n<td>\n<ul>\n<li>\u0141atwe r\u00f3wnowa\u017cenie ci\u015bnienia w uk\u0142adzie<\/li>\n<\/ul>\n<\/td>\n<\/tr>\n<tr>\n<td>Wewn\u0119trzny system cyrkulacji wody<\/td>\n<td>\n<ul>\n<li>Kontrolowane ogrzewanie i ch\u0142odzenie<\/li>\n<\/ul>\n<\/td>\n<\/tr>\n<tr>\n<td>Zaw\u00f3r obrotowy uszczelniony niemetalicznym polimerem<\/td>\n<td>\n<ul>\n<li>Wysoka odporno\u015b\u0107<\/li>\n<li>niskie tarcie<\/li>\n<\/ul>\n<\/td>\n<\/tr>\n<tr>\n<td>Zaw\u00f3r obrotowy nap\u0119dzany serwomechanizmem<\/td>\n<td>\n<ul>\n<li>Dok\u0142adne sterowanie ruchem zaworu<\/li>\n<\/ul>\n<\/td>\n<\/tr>\n<tr>\n<td>Opcje<\/td>\n<td>\n<ul>\n<li>Dodatkowe przystawki czyszcz\u0105ce do czyszczenia w linii (CIP)<\/li>\n<li>Specjalne stopy chroni\u0105ce przed masami o wysokim poziomie kwasowo\u015bci<\/li>\n<li>Specjalne dysze z podw\u00f3jnym z\u0142o\u017cem<\/li>\n<li>Specjalne dysze wielostrumieniowe<\/li>\n<\/ul>\n<\/td>\n<\/tr>\n<\/tbody>\n<\/table>\n<p>&nbsp;<\/p>","protected":false},"excerpt":{"rendered":"<p>Rozdzielacz ci\u015bnieniowy do osadzania centralnego, obok siebie i wielowarstwowego<\/p>","protected":false},"featured_media":2962,"comment_status":"open","ping_status":"closed","template":"","meta":{"uix_meta_title":"","uix_meta_description":"","uix_canonical_url":""},"product_brand":[],"product_cat":[104],"product_tag":[187,196],"class_list":{"0":"post-2969","1":"product","2":"type-product","3":"status-publish","4":"has-post-thumbnail","6":"product_cat-processing","7":"product_tag-biscuit-creams","8":"product_tag-marshmallows","10":"first","11":"instock","12":"shipping-taxable","13":"product-type-simple"},"_links":{"self":[{"href":"https:\/\/cormac.eu\/pl\/wp-json\/wp\/v2\/product\/2969","targetHints":{"allow":["GET"]}}],"collection":[{"href":"https:\/\/cormac.eu\/pl\/wp-json\/wp\/v2\/product"}],"about":[{"href":"https:\/\/cormac.eu\/pl\/wp-json\/wp\/v2\/types\/product"}],"replies":[{"embeddable":true,"href":"https:\/\/cormac.eu\/pl\/wp-json\/wp\/v2\/comments?post=2969"}],"wp:featuredmedia":[{"embeddable":true,"href":"https:\/\/cormac.eu\/pl\/wp-json\/wp\/v2\/media\/2962"}],"wp:attachment":[{"href":"https:\/\/cormac.eu\/pl\/wp-json\/wp\/v2\/media?parent=2969"}],"wp:term":[{"taxonomy":"product_brand","embeddable":true,"href":"https:\/\/cormac.eu\/pl\/wp-json\/wp\/v2\/product_brand?post=2969"},{"taxonomy":"product_cat","embeddable":true,"href":"https:\/\/cormac.eu\/pl\/wp-json\/wp\/v2\/product_cat?post=2969"},{"taxonomy":"product_tag","embeddable":true,"href":"https:\/\/cormac.eu\/pl\/wp-json\/wp\/v2\/product_tag?post=2969"}],"curies":[{"name":"wp","href":"https:\/\/api.w.org\/{rel}","templated":true}]}}