{"id":2951,"date":"2022-05-19T22:53:20","date_gmt":"2022-05-19T20:53:20","guid":{"rendered":"https:\/\/cormac.eu\/?post_type=product&#038;p=2951"},"modified":"2022-06-05T15:15:09","modified_gmt":"2022-06-05T13:15:09","slug":"kolektor-osadzania-2","status":"publish","type":"product","link":"https:\/\/cormac.eu\/pl\/product\/depositing-manifold\/","title":{"rendered":"Kolektor osadzania pod ci\u015bnieniem"},"content":{"rendered":"<p>Ci\u015bnieniowe rozdzielacze do osadzania s\u0105 przeznaczone do bezpo\u015bredniego pod\u0142\u0105czenia do jednostki ci\u0105g\u0142ego dozowania lub systemu dozowania, takiego jak pompa. Poniewa\u017c s\u0105 to systemy zamkni\u0119te, w kt\u00f3rych nie stosuje si\u0119 lej\u00f3w zasypowych, te kolektory do osadzania s\u0105 szczeg\u00f3lnie odpowiednie do osadzania delikatnych mas i lekkich pianek. Wersja \"zwyk\u0142ego osadzania\" ma jedn\u0105 komor\u0119 masow\u0105, w kt\u00f3rej ci\u015bnienie w uk\u0142adzie jest wyr\u00f3wnane. Ka\u017cda dysza osadzaj\u0105ca na kolektorze jest kontrolowana przez oddzielny zaw\u00f3r steruj\u0105cy przep\u0142ywem. W ten spos\u00f3b mo\u017cna uzyska\u0107 dok\u0142adne zr\u00f3wnowa\u017cenie ci\u015bnienia na ca\u0142ej d\u0142ugo\u015bci kolektora.<\/p>\n<p>&nbsp;<\/p>\n<p>Zastosowania<\/p>\n<p><img decoding=\"async\" class=\"alignnone wp-image-2959\" src=\"https:\/\/cormac.eu\/wp-content\/uploads\/2022\/05\/Wymbs-picture-4-DMF.jpg\" alt=\"\" width=\"107\" height=\"107\" srcset=\"https:\/\/cormac.eu\/wp-content\/uploads\/2022\/05\/Wymbs-picture-4-DMF.jpg 125w, https:\/\/cormac.eu\/wp-content\/uploads\/2022\/05\/Wymbs-picture-4-DMF-100x100.jpg 100w\" sizes=\"(max-width: 107px) 100vw, 107px\" \/> <img decoding=\"async\" class=\"alignnone size-full wp-image-2958\" src=\"https:\/\/cormac.eu\/wp-content\/uploads\/2022\/05\/Wymbs-picture-3-DMF.jpg\" alt=\"\" width=\"125\" height=\"125\" srcset=\"https:\/\/cormac.eu\/wp-content\/uploads\/2022\/05\/Wymbs-picture-3-DMF.jpg 125w, https:\/\/cormac.eu\/wp-content\/uploads\/2022\/05\/Wymbs-picture-3-DMF-100x100.jpg 100w\" sizes=\"(max-width: 125px) 100vw, 125px\" \/> <img decoding=\"async\" class=\"alignnone size-full wp-image-2957\" src=\"https:\/\/cormac.eu\/wp-content\/uploads\/2022\/05\/Wymbs-picture-2-DMF.jpg\" alt=\"\" width=\"125\" height=\"125\" srcset=\"https:\/\/cormac.eu\/wp-content\/uploads\/2022\/05\/Wymbs-picture-2-DMF.jpg 125w, https:\/\/cormac.eu\/wp-content\/uploads\/2022\/05\/Wymbs-picture-2-DMF-100x100.jpg 100w\" sizes=\"(max-width: 125px) 100vw, 125px\" \/>\u00a0 \u00a0 <img loading=\"lazy\" decoding=\"async\" class=\"alignnone wp-image-2960\" src=\"https:\/\/cormac.eu\/wp-content\/uploads\/2022\/05\/strawberry-jaffa-cakes-1-300x227.jpg\" alt=\"\" width=\"139\" height=\"105\" srcset=\"https:\/\/cormac.eu\/wp-content\/uploads\/2022\/05\/strawberry-jaffa-cakes-1-300x227.jpg 300w, https:\/\/cormac.eu\/wp-content\/uploads\/2022\/05\/strawberry-jaffa-cakes-1-768x581.jpg 768w, https:\/\/cormac.eu\/wp-content\/uploads\/2022\/05\/strawberry-jaffa-cakes-1-600x454.jpg 600w, https:\/\/cormac.eu\/wp-content\/uploads\/2022\/05\/strawberry-jaffa-cakes-1.jpg 969w\" sizes=\"(max-width: 139px) 100vw, 139px\" \/><\/p>\n<p>&nbsp;<\/p>\n<table>\n<tbody>\n<tr>\n<td width=\"253\">\u00a0<strong>Cechy<\/strong><\/td>\n<td width=\"351\">\u00a0<strong>Korzy\u015bci<\/strong><\/td>\n<\/tr>\n<tr>\n<td>Konstrukcja z wysokiej jako\u015bci aluminium<\/td>\n<td>\n<ul>\n<li>Niewielka waga<\/li>\n<li>Silny<\/li>\n<\/ul>\n<\/td>\n<\/tr>\n<tr>\n<td>Beznarz\u0119dziowe r\u00f3wnowa\u017cenie systemu<\/td>\n<td>\n<ul>\n<li>\u0141atwe r\u00f3wnowa\u017cenie ci\u015bnienia w uk\u0142adzie<\/li>\n<\/ul>\n<\/td>\n<\/tr>\n<tr>\n<td>Wewn\u0119trzny system cyrkulacji wody<\/td>\n<td>\n<ul>\n<li>Kontrolowane ogrzewanie i ch\u0142odzenie<\/li>\n<\/ul>\n<\/td>\n<\/tr>\n<tr>\n<td>Zaw\u00f3r obrotowy uszczelniony niemetalicznym polimerem<\/td>\n<td>\n<ul>\n<li>Wysoka odporno\u015b\u0107<\/li>\n<li>niskie tarcie<\/li>\n<\/ul>\n<\/td>\n<\/tr>\n<tr>\n<td>Opcje<\/td>\n<td>\n<ul>\n<li>Dodatkowe przystawki czyszcz\u0105ce do czyszczenia w linii (CIP)<\/li>\n<li>Specjalne stopy chroni\u0105ce przed masami o wysokim poziomie kwasowo\u015bci<\/li>\n<li>zaw\u00f3r obrotowy z serwonap\u0119dem lub sterowany pneumatycznie<\/li>\n<\/ul>\n<\/td>\n<\/tr>\n<\/tbody>\n<\/table>\n<p>&nbsp;<\/p>","protected":false},"excerpt":{"rendered":"<p>Kolektor osadzania pod ci\u015bnieniem do pracy w uk\u0142adzie zamkni\u0119tym<\/p>","protected":false},"featured_media":2955,"comment_status":"open","ping_status":"closed","template":"","meta":{"uix_meta_title":"","uix_meta_description":"","uix_canonical_url":""},"product_brand":[],"product_cat":[104],"product_tag":[187,215,210,191,196],"class_list":{"0":"post-2951","1":"product","2":"type-product","3":"status-publish","4":"has-post-thumbnail","6":"product_cat-processing","7":"product_tag-biscuit-creams","8":"product_tag-center-filled-products","9":"product_tag-cookies","10":"product_tag-fondants-icings","11":"product_tag-marshmallows","13":"first","14":"instock","15":"shipping-taxable","16":"product-type-simple"},"_links":{"self":[{"href":"https:\/\/cormac.eu\/pl\/wp-json\/wp\/v2\/product\/2951","targetHints":{"allow":["GET"]}}],"collection":[{"href":"https:\/\/cormac.eu\/pl\/wp-json\/wp\/v2\/product"}],"about":[{"href":"https:\/\/cormac.eu\/pl\/wp-json\/wp\/v2\/types\/product"}],"replies":[{"embeddable":true,"href":"https:\/\/cormac.eu\/pl\/wp-json\/wp\/v2\/comments?post=2951"}],"wp:featuredmedia":[{"embeddable":true,"href":"https:\/\/cormac.eu\/pl\/wp-json\/wp\/v2\/media\/2955"}],"wp:attachment":[{"href":"https:\/\/cormac.eu\/pl\/wp-json\/wp\/v2\/media?parent=2951"}],"wp:term":[{"taxonomy":"product_brand","embeddable":true,"href":"https:\/\/cormac.eu\/pl\/wp-json\/wp\/v2\/product_brand?post=2951"},{"taxonomy":"product_cat","embeddable":true,"href":"https:\/\/cormac.eu\/pl\/wp-json\/wp\/v2\/product_cat?post=2951"},{"taxonomy":"product_tag","embeddable":true,"href":"https:\/\/cormac.eu\/pl\/wp-json\/wp\/v2\/product_tag?post=2951"}],"curies":[{"name":"wp","href":"https:\/\/api.w.org\/{rel}","templated":true}]}}