{"id":2930,"date":"2022-04-24T20:27:13","date_gmt":"2022-04-24T18:27:13","guid":{"rendered":"https:\/\/cormac.eu\/?post_type=product&#038;p=2930"},"modified":"2022-06-01T12:04:54","modified_gmt":"2022-06-01T10:04:54","slug":"linia-do-formowania-jednostrzalowego","status":"publish","type":"product","link":"https:\/\/cormac.eu\/pl\/product\/one-shot-moulding-line\/","title":{"rendered":"Linia do formowania jednostrza\u0142owego"},"content":{"rendered":"<p>Linie do formowania jednostrza\u0142owego Knobel to modu\u0142owe systemy do formowania czekolady, kt\u00f3re rosn\u0105 wraz z potrzebami klienta. Modu\u0142owa koncepcja pozwala producentowi na stopniowe zwi\u0119kszanie wydajno\u015bci poprzez dodawanie nowych komponent\u00f3w w zakresie czterech standard\u00f3w:<br \/>\nKCM 275, przy u\u017cyciu form o wymiarach 275 x 175\/205 mm<br \/>\nKCM 380, przy u\u017cyciu form o wymiarach 380 x 295 mm<br \/>\nKCM 500, przy u\u017cyciu form o wymiarach 450 x 425 mm<br \/>\nKCM 650, przy u\u017cyciu form o wymiarach 650 x 500 mm<\/p>\n<p>Pierwszym krokiem mo\u017ce by\u0107 zastosowanie urz\u0105dzenia KCM Alpha Compact ze sto\u0142em wibracyjnym i spiral\u0105 ch\u0142odz\u0105c\u0105.<\/p>\n<p><img decoding=\"async\" class=\"alignnone size-full wp-image-2931\" src=\"https:\/\/cormac.eu\/wp-content\/uploads\/2022\/04\/Knobel-one-shot-modular-step-1.jpg\" alt=\"\" width=\"220\" height=\"177\" \/><\/p>\n<p>Drugim krokiem mo\u017ce by\u0107 dodanie systemu przeno\u015bnik\u00f3w z podgrzewaniem formy.<\/p>\n<p><img decoding=\"async\" class=\"alignnone size-full wp-image-2932\" src=\"https:\/\/cormac.eu\/wp-content\/uploads\/2022\/04\/Knobel-one-shot-modular-step-2.jpg\" alt=\"\" width=\"220\" height=\"165\" \/><\/p>\n<p>Trzecim krokiem mo\u017ce by\u0107 dodanie systemu automatycznego rozformowywania i wymiany form.<\/p>\n<p><img decoding=\"async\" class=\"alignnone size-full wp-image-2933\" src=\"https:\/\/cormac.eu\/wp-content\/uploads\/2022\/04\/Knobel-one-shot-modular-step-3.jpg\" alt=\"\" width=\"220\" height=\"135\" \/><\/p>\n<p>Depozytory stosowane w tych liniach s\u0105 w stanie wytwarza\u0107 produkty nadziewane w jednym uj\u0119ciu (czekolada + nadzienie), a przy u\u017cyciu odpowiedniego oprzyrz\u0105dowania mo\u017cna nawet wytwarza\u0107 produkty podw\u00f3jnie nadziewane w tzw. potr\u00f3jnym uj\u0119ciu.<\/p>\n<p><img loading=\"lazy\" decoding=\"async\" class=\"alignnone size-full wp-image-2926\" src=\"https:\/\/cormac.eu\/wp-content\/uploads\/2022\/04\/Knobel-one-shot-app-2.jpg\" alt=\"\" width=\"113\" height=\"108\" \/> \u00a0<img loading=\"lazy\" decoding=\"async\" class=\"alignnone size-full wp-image-2925\" src=\"https:\/\/cormac.eu\/wp-content\/uploads\/2022\/04\/Knobel-one-shot-app-1.jpg\" alt=\"\" width=\"107\" height=\"101\" \/><\/p>\n<p>&nbsp;<\/p>\n<table style=\"height: 661px\" width=\"692\">\n<tbody>\n<tr>\n<td width=\"197\">\u00a0<strong>Cechy<\/strong><\/td>\n<td width=\"197\">\u00a0<strong>Korzy\u015bci<\/strong><\/td>\n<\/tr>\n<tr>\n<td>Opatentowany system obrotowego t\u0142oka<\/td>\n<td>\n<ul>\n<li>\u0141atwy demonta\u017c<\/li>\n<li>\u0141atwe czyszczenie i szybka wymiana<\/li>\n<li>Wysoka dok\u0142adno\u015b\u0107 osadzania<\/li>\n<\/ul>\n<\/td>\n<\/tr>\n<tr>\n<td>\u00a0serwonap\u0119d<\/td>\n<td>\n<ul>\n<li>wysoka dok\u0142adno\u015b\u0107<\/li>\n<\/ul>\n<\/td>\n<\/tr>\n<tr>\n<td>canti-lever design<\/td>\n<td>\n<ul>\n<li>\u0142atwe czyszczenie<\/li>\n<li>dobry dost\u0119p<\/li>\n<\/ul>\n<\/td>\n<\/tr>\n<tr>\n<td>\u00a0transport bez\u0142a\u0144cuchowy<\/td>\n<td>\n<ul>\n<li>mo\u017cliwa r\u00f3\u017cnorodno\u015b\u0107 form<\/li>\n<\/ul>\n<\/td>\n<\/tr>\n<tr>\n<td>system wykrywania ple\u015bni<\/td>\n<td>\n<ul>\n<li>dzia\u0142ania specyficzne dla produktu na ka\u017cdym etapie produkcji<\/li>\n<\/ul>\n<\/td>\n<\/tr>\n<tr>\n<td>modu\u0142owa konstrukcja<\/td>\n<td>\n<ul>\n<li>elastyczno\u015b\u0107<\/li>\n<\/ul>\n<\/td>\n<\/tr>\n<\/tbody>\n<\/table>\n<p>&nbsp;<\/p>","protected":false},"excerpt":{"rendered":"<p>Kompletna jednostrza\u0142owa linia do formowania czekolady do produkcji wyrob\u00f3w czekoladowych z nadzieniem.<\/p>","protected":false},"featured_media":2937,"comment_status":"open","ping_status":"closed","template":"","meta":{"uix_meta_title":"","uix_meta_description":"","uix_canonical_url":""},"product_brand":[],"product_cat":[104],"product_tag":[215,208,207],"class_list":{"0":"post-2930","1":"product","2":"type-product","3":"status-publish","4":"has-post-thumbnail","6":"product_cat-processing","7":"product_tag-center-filled-products","8":"product_tag-chocolates","9":"product_tag-pralines","11":"first","12":"instock","13":"shipping-taxable","14":"product-type-simple"},"_links":{"self":[{"href":"https:\/\/cormac.eu\/pl\/wp-json\/wp\/v2\/product\/2930","targetHints":{"allow":["GET"]}}],"collection":[{"href":"https:\/\/cormac.eu\/pl\/wp-json\/wp\/v2\/product"}],"about":[{"href":"https:\/\/cormac.eu\/pl\/wp-json\/wp\/v2\/types\/product"}],"replies":[{"embeddable":true,"href":"https:\/\/cormac.eu\/pl\/wp-json\/wp\/v2\/comments?post=2930"}],"wp:featuredmedia":[{"embeddable":true,"href":"https:\/\/cormac.eu\/pl\/wp-json\/wp\/v2\/media\/2937"}],"wp:attachment":[{"href":"https:\/\/cormac.eu\/pl\/wp-json\/wp\/v2\/media?parent=2930"}],"wp:term":[{"taxonomy":"product_brand","embeddable":true,"href":"https:\/\/cormac.eu\/pl\/wp-json\/wp\/v2\/product_brand?post=2930"},{"taxonomy":"product_cat","embeddable":true,"href":"https:\/\/cormac.eu\/pl\/wp-json\/wp\/v2\/product_cat?post=2930"},{"taxonomy":"product_tag","embeddable":true,"href":"https:\/\/cormac.eu\/pl\/wp-json\/wp\/v2\/product_tag?post=2930"}],"curies":[{"name":"wp","href":"https:\/\/api.w.org\/{rel}","templated":true}]}}