{"id":2922,"date":"2022-04-24T19:56:31","date_gmt":"2022-04-24T17:56:31","guid":{"rendered":"https:\/\/cormac.eu\/?post_type=product&#038;p=2922"},"modified":"2022-06-01T12:08:38","modified_gmt":"2022-06-01T10:08:38","slug":"deponent-czekolady-kcm-eta-theta","status":"publish","type":"product","link":"https:\/\/cormac.eu\/pl\/product\/chocolate-depositor-kcm-eta-theta\/","title":{"rendered":"Depozytariusz czekolady KCM Eta\/Theta"},"content":{"rendered":"<p>Dwurz\u0119dowy model Eta\/Theta to przemys\u0142owy deponator czekolady o konstrukcji wspornikowej, odpowiedni do produkcji sta\u0142ych wyrob\u00f3w czekoladowych i produkt\u00f3w jednorazowych. Mo\u017ce by\u0107 r\u00f3wnie\u017c u\u017cywany do nak\u0142adania dekoracji. Konstrukcja tej maszyny umo\u017cliwia jej \u0142atwe doposa\u017cenie w istniej\u0105ce linie do formowania czekolady, nawet je\u015bli s\u0105 one produkowane przez inne firmy. Dzi\u0119ki unikalnemu systemowi zawor\u00f3w obrotowych Knobel mo\u017cna osi\u0105gn\u0105\u0107 imponuj\u0105c\u0105 dok\u0142adno\u015b\u0107 osadzania. Wszystkie maszyny KCM Eta\/Theta mog\u0105 by\u0107 wyposa\u017cone w trzy osie (CAD), co oznacza, \u017ce g\u0142owica osadzaj\u0105ca mo\u017ce porusza\u0107 si\u0119 tr\u00f3jwymiarowo.  W przypadku wybrania opcjonalnej funkcji osadzania orzech\u00f3w, producent czekolady mo\u017ce dozowa\u0107 ca\u0142e orzechy i inne sk\u0142adniki. W por\u00f3wnaniu do modelu ETA, w kt\u00f3rym o\u015b X (pozioma) mo\u017ce osi\u0105gn\u0105\u0107 maks. 300 mm, THETA mo\u017ce osi\u0105gn\u0105\u0107 do 500 mm w osi X. Jest to najwi\u0119ksza maszyna w asortymencie depozytor\u00f3w Knobel i szczeg\u00f3lnie nadaje si\u0119 do stosowania na wi\u0119kszych liniach formierskich i ta\u015bmach piekarniczych o szeroko\u015bci do 1500 mm.<\/p>\n<p><img decoding=\"async\" class=\"alignnone wp-image-2929\" src=\"https:\/\/cormac.eu\/wp-content\/uploads\/2022\/04\/Chocolate-tablet-with-nuts-300x267.png\" alt=\"\" width=\"170\" height=\"151\" srcset=\"https:\/\/cormac.eu\/wp-content\/uploads\/2022\/04\/Chocolate-tablet-with-nuts-300x267.png 300w, https:\/\/cormac.eu\/wp-content\/uploads\/2022\/04\/Chocolate-tablet-with-nuts.png 600w\" sizes=\"(max-width: 170px) 100vw, 170px\" \/> <img decoding=\"async\" class=\"alignnone wp-image-2928\" src=\"https:\/\/cormac.eu\/wp-content\/uploads\/2022\/04\/Knobel-KCM-Cad-decoration-3.jpg\" alt=\"\" width=\"199\" height=\"133\" \/> <img decoding=\"async\" class=\"alignnone wp-image-2927\" src=\"https:\/\/cormac.eu\/wp-content\/uploads\/2022\/04\/Knobel-KCM-Cad-decoration-2.jpg\" alt=\"\" width=\"127\" height=\"124\" \/>\u00a0 \u00a0\u00a0 <img loading=\"lazy\" decoding=\"async\" class=\"alignnone wp-image-2925\" src=\"https:\/\/cormac.eu\/wp-content\/uploads\/2022\/04\/Knobel-one-shot-app-1.jpg\" alt=\"\" width=\"123\" height=\"115\" \/><\/p>\n<p>&nbsp;<\/p>\n<table style=\"height: 520px\" width=\"676\">\n<tbody>\n<tr>\n<td width=\"226\">\u00a0<strong>Cechy<\/strong><\/td>\n<td width=\"227\">\u00a0<strong>Korzy\u015bci<\/strong><\/td>\n<\/tr>\n<tr>\n<td>Nap\u0119dzany serwomotorem<\/td>\n<td>\n<ul>\n<li>dok\u0142adny<\/li>\n<li>szybki<\/li>\n<li>niezawodny<\/li>\n<\/ul>\n<\/td>\n<\/tr>\n<tr>\n<td>\u00a0Zaprojektowany do integracji liniowej<\/td>\n<td>\n<ul>\n<li>Nadaje si\u0119 do modernizacji<\/li>\n<li>cz\u0119\u015b\u0107 modu\u0142owych system\u00f3w Knobel<\/li>\n<li>umo\u017cliwia wykorzystanie istniej\u0105cego sprz\u0119tu produkcyjnego<\/li>\n<\/ul>\n<\/td>\n<\/tr>\n<tr>\n<td>\u00a0Opatentowany system obrotowego t\u0142oka<\/td>\n<td>\n<ul>\n<li>\u0142atwe czyszczenie<\/li>\n<li>szybkie prze\u0142\u0105czanie<\/li>\n<li>doskona\u0142a dok\u0142adno\u015b\u0107 deponowania<\/li>\n<li>mo\u017cliwe wtr\u0105cenia<\/li>\n<\/ul>\n<\/td>\n<\/tr>\n<tr>\n<td>Zbudowany dla zr\u00f3\u017cnicowanego promienia dzia\u0142ania<\/td>\n<td>\n<ul>\n<li>Dowolne mo\u017cliwo\u015bci ubierania si\u0119<\/li>\n<li>Produkcja produkt\u00f3w warstwowych<\/li>\n<\/ul>\n<\/td>\n<\/tr>\n<\/tbody>\n<\/table>\n<p>&nbsp;<\/p>","protected":false},"excerpt":{"rendered":"<p>Przemys\u0142owy depozytor czekolady o konstrukcji wspornikowej mo\u017cna \u0142atwo zamontowa\u0107 na istniej\u0105cych liniach formierskich i nadaje si\u0119 on do produkcji wyrob\u00f3w czekoladowych, produkt\u00f3w jednorazowych i dekoracji.<\/p>","protected":false},"featured_media":2924,"comment_status":"open","ping_status":"closed","template":"","meta":{"uix_meta_title":"","uix_meta_description":"","uix_canonical_url":""},"product_brand":[],"product_cat":[104],"product_tag":[216,206,208,207],"class_list":{"0":"post-2922","1":"product","2":"type-product","3":"status-publish","4":"has-post-thumbnail","6":"product_cat-processing","7":"product_tag-chocolate-lollies","8":"product_tag-chocolate-tablets","9":"product_tag-chocolates","10":"product_tag-pralines","12":"first","13":"instock","14":"shipping-taxable","15":"product-type-simple"},"_links":{"self":[{"href":"https:\/\/cormac.eu\/pl\/wp-json\/wp\/v2\/product\/2922","targetHints":{"allow":["GET"]}}],"collection":[{"href":"https:\/\/cormac.eu\/pl\/wp-json\/wp\/v2\/product"}],"about":[{"href":"https:\/\/cormac.eu\/pl\/wp-json\/wp\/v2\/types\/product"}],"replies":[{"embeddable":true,"href":"https:\/\/cormac.eu\/pl\/wp-json\/wp\/v2\/comments?post=2922"}],"wp:featuredmedia":[{"embeddable":true,"href":"https:\/\/cormac.eu\/pl\/wp-json\/wp\/v2\/media\/2924"}],"wp:attachment":[{"href":"https:\/\/cormac.eu\/pl\/wp-json\/wp\/v2\/media?parent=2922"}],"wp:term":[{"taxonomy":"product_brand","embeddable":true,"href":"https:\/\/cormac.eu\/pl\/wp-json\/wp\/v2\/product_brand?post=2922"},{"taxonomy":"product_cat","embeddable":true,"href":"https:\/\/cormac.eu\/pl\/wp-json\/wp\/v2\/product_cat?post=2922"},{"taxonomy":"product_tag","embeddable":true,"href":"https:\/\/cormac.eu\/pl\/wp-json\/wp\/v2\/product_tag?post=2922"}],"curies":[{"name":"wp","href":"https:\/\/api.w.org\/{rel}","templated":true}]}}