{"id":2915,"date":"2022-04-24T14:28:14","date_gmt":"2022-04-24T12:28:14","guid":{"rendered":"https:\/\/cormac.eu\/?post_type=product&#038;p=2915"},"modified":"2022-06-01T12:24:06","modified_gmt":"2022-06-01T10:24:06","slug":"depozytor-czekolady-kcm-beta","status":"publish","type":"product","link":"https:\/\/cormac.eu\/pl\/product\/chocolate-depositer-kcm-beta\/","title":{"rendered":"Depozytariusz czekolady KCM Beta"},"content":{"rendered":"<p>Ze wzgl\u0119du na swoj\u0105 wspornikow\u0105 konstrukcj\u0119, jednorz\u0119dowy model Beta jest cz\u0119sto u\u017cywany jako doposa\u017cenie istniej\u0105cych przemys\u0142owych linii do formowania czekolady.  Zosta\u0142 on zaprojektowany specjalnie do umieszczenia na istniej\u0105cych ta\u015bmach transportowych lub do zintegrowania z liniami produkcyjnymi innych firm. Daje to klientowi atrakcyjn\u0105 opcj\u0119 \u0142atwej wymiany zu\u017cytych jednostek deponuj\u0105cych. Maszyna ta jest odpowiednia do osadzania produkt\u00f3w litych, jak r\u00f3wnie\u017c do zastosowa\u0144 dekoracyjnych. Zalet\u0105 w por\u00f3wnaniu z modelami dwurz\u0119dowymi, takimi jak Eta \/ Theta, jest smuk\u0142a konstrukcja korpusu, dzi\u0119ki czemu maszyna Beta mo\u017ce by\u0107 instalowana w miejscach o ograniczonej przestrzeni. Modele Beta s\u0105 wyposa\u017cone w najnowsz\u0105 technologi\u0119 serwo, a konstrukcja wspornikowa umo\u017cliwia \u0142atw\u0105 obs\u0142ug\u0119, czyszczenie i szybk\u0105 zmian\u0119 na inne produkty. Dzi\u0119ki unikalnemu systemowi obrotowego t\u0142oka mo\u017cna uzyska\u0107 bardzo precyzyjn\u0105 obj\u0119to\u015b\u0107.<\/p>\n<p><img fetchpriority=\"high\" decoding=\"async\" class=\"alignnone size-medium wp-image-2920\" src=\"https:\/\/cormac.eu\/wp-content\/uploads\/2022\/04\/Knobel-Piston-system-pic_800031-300x200.jpg\" alt=\"\" width=\"300\" height=\"200\" srcset=\"https:\/\/cormac.eu\/wp-content\/uploads\/2022\/04\/Knobel-Piston-system-pic_800031-300x200.jpg 300w, https:\/\/cormac.eu\/wp-content\/uploads\/2022\/04\/Knobel-Piston-system-pic_800031.jpg 540w\" sizes=\"(max-width: 300px) 100vw, 300px\" \/><\/p>\n<p>Dzi\u0119ki opcjonalnej funkcji Nut-execution, Beta mo\u017ce by\u0107 r\u00f3wnie\u017c u\u017cywana do osadzania ca\u0142ych orzech\u00f3w i innych wtr\u0105ce\u0144. Orzechy, rodzynki, ry\u017c, suszone owoce lub inne wtr\u0105cenia b\u0119d\u0105 podawane do leja zasypowego KCM w po\u017c\u0105danej mieszance. Programowalny poziomy system mieszania wewn\u0105trz leja zasypowego zapewni dobre rozprowadzenie sk\u0142adnik\u00f3w w mieszance. R\u00f3\u017cne wtr\u0105cenia mog\u0105 by\u0107 mieszane w tym samym czasie.<\/p>\n<div data-row=\"1\">\n<div>\n<p>\u00a0 <img decoding=\"async\" class=\"alignnone wp-image-2921\" src=\"https:\/\/cormac.eu\/wp-content\/uploads\/2022\/04\/chocolate-with-nuts-pic_809973-300x225.jpg\" alt=\"\" width=\"263\" height=\"197\" srcset=\"https:\/\/cormac.eu\/wp-content\/uploads\/2022\/04\/chocolate-with-nuts-pic_809973-300x225.jpg 300w, https:\/\/cormac.eu\/wp-content\/uploads\/2022\/04\/chocolate-with-nuts-pic_809973.jpg 540w\" sizes=\"(max-width: 263px) 100vw, 263px\" \/> <img decoding=\"async\" class=\"alignnone wp-image-2917\" src=\"https:\/\/cormac.eu\/wp-content\/uploads\/2022\/04\/Bij-KCM-beta-pic_800033-300x200.png\" alt=\"\" width=\"327\" height=\"218\" srcset=\"https:\/\/cormac.eu\/wp-content\/uploads\/2022\/04\/Bij-KCM-beta-pic_800033-300x200.png 300w, https:\/\/cormac.eu\/wp-content\/uploads\/2022\/04\/Bij-KCM-beta-pic_800033.png 540w\" sizes=\"(max-width: 327px) 100vw, 327px\" \/><\/p>\n<\/div>\n<p>&nbsp;<\/p>\n<p>Wszystkie modele Beta mog\u0105 by\u0107 wyposa\u017cone w 3-osiowy ruch (CAD), co pozwala na przesuwanie g\u0142owicy osadzaj\u0105cej we wszystkich kierunkach.<\/p>\n<\/div>\n<table style=\"height: 544px\" width=\"792\">\n<tbody>\n<tr>\n<td width=\"226\">\u00a0<strong>Cechy<\/strong><\/td>\n<td width=\"227\">\u00a0<strong>Korzy\u015bci<\/strong><\/td>\n<\/tr>\n<tr>\n<td>W pe\u0142ni nap\u0119dzany elektrycznie<\/td>\n<td>\n<ul>\n<li>dok\u0142adny<\/li>\n<li>szybki<\/li>\n<li>niezawodny<\/li>\n<\/ul>\n<\/td>\n<\/tr>\n<tr>\n<td>\u00a0Zaprojektowany do integracji liniowej<\/td>\n<td>\n<ul>\n<li>Nadaje si\u0119 do modernizacji<\/li>\n<li>cz\u0119\u015b\u0107 modu\u0142owych system\u00f3w Knobel<\/li>\n<li>umo\u017cliwia wykorzystanie istniej\u0105cego sprz\u0119tu produkcyjnego<\/li>\n<\/ul>\n<\/td>\n<\/tr>\n<tr>\n<td>\u00a0Opatentowany system obrotowego t\u0142oka<\/td>\n<td>\n<ul>\n<li>\u0142atwe czyszczenie<\/li>\n<li>szybkie prze\u0142\u0105czanie<\/li>\n<li>doskona\u0142a dok\u0142adno\u015b\u0107 deponowania<\/li>\n<\/ul>\n<\/td>\n<\/tr>\n<tr>\n<td>Zbudowany dla zr\u00f3\u017cnicowanego promienia dzia\u0142ania<\/td>\n<td>\n<ul>\n<li>Dowolne mo\u017cliwo\u015bci ubierania si\u0119<\/li>\n<li>Produkcja produkt\u00f3w warstwowych<\/li>\n<\/ul>\n<\/td>\n<\/tr>\n<\/tbody>\n<\/table>\n<div data-row=\"1\">\n<p>&nbsp;<\/p>\n<\/div>","protected":false},"excerpt":{"rendered":"<p>Przemys\u0142owy depozytor czekolady z 3-osiowym ruchem do produkcji produkt\u00f3w sta\u0142ych i sta\u0142ych ze sk\u0142adnikami. Depozytor ten jest szczeg\u00f3lnie odpowiedni do modernizacji istniej\u0105cych linii produkcyjnych, r\u00f3wnie\u017c innych producent\u00f3w.<\/p>","protected":false},"featured_media":2916,"comment_status":"open","ping_status":"closed","template":"","meta":{"uix_meta_title":"","uix_meta_description":"","uix_canonical_url":""},"product_brand":[],"product_cat":[104],"product_tag":[206,217,208,218],"class_list":{"0":"post-2915","1":"product","2":"type-product","3":"status-publish","4":"has-post-thumbnail","6":"product_cat-processing","7":"product_tag-chocolate-tablets","8":"product_tag-chocolate-tablets-with-whole-nuts","9":"product_tag-chocolates","10":"product_tag-chocolates-with-inclusions","12":"first","13":"instock","14":"shipping-taxable","15":"product-type-simple"},"_links":{"self":[{"href":"https:\/\/cormac.eu\/pl\/wp-json\/wp\/v2\/product\/2915","targetHints":{"allow":["GET"]}}],"collection":[{"href":"https:\/\/cormac.eu\/pl\/wp-json\/wp\/v2\/product"}],"about":[{"href":"https:\/\/cormac.eu\/pl\/wp-json\/wp\/v2\/types\/product"}],"replies":[{"embeddable":true,"href":"https:\/\/cormac.eu\/pl\/wp-json\/wp\/v2\/comments?post=2915"}],"wp:featuredmedia":[{"embeddable":true,"href":"https:\/\/cormac.eu\/pl\/wp-json\/wp\/v2\/media\/2916"}],"wp:attachment":[{"href":"https:\/\/cormac.eu\/pl\/wp-json\/wp\/v2\/media?parent=2915"}],"wp:term":[{"taxonomy":"product_brand","embeddable":true,"href":"https:\/\/cormac.eu\/pl\/wp-json\/wp\/v2\/product_brand?post=2915"},{"taxonomy":"product_cat","embeddable":true,"href":"https:\/\/cormac.eu\/pl\/wp-json\/wp\/v2\/product_cat?post=2915"},{"taxonomy":"product_tag","embeddable":true,"href":"https:\/\/cormac.eu\/pl\/wp-json\/wp\/v2\/product_tag?post=2915"}],"curies":[{"name":"wp","href":"https:\/\/api.w.org\/{rel}","templated":true}]}}