{"id":2910,"date":"2022-04-24T13:43:56","date_gmt":"2022-04-24T11:43:56","guid":{"rendered":"https:\/\/cormac.eu\/?post_type=product&#038;p=2910"},"modified":"2022-06-01T11:13:13","modified_gmt":"2022-06-01T09:13:13","slug":"deponent-czekolady-kcm-omega","status":"publish","type":"product","link":"https:\/\/cormac.eu\/pl\/product\/chocolate-depositor-kcm-omega\/","title":{"rendered":"Depozytariusz czekolady KCM Alpha"},"content":{"rendered":"<p>Seria Knobel KCM Alpha to deponatory nowej generacji. Maszyny s\u0105 wykonane w wersji heavy duty i nadaj\u0105 si\u0119 do pracy 3-zmianowej. Dost\u0119pna jest dowolna konfiguracja maszyny od 12 do 144 t\u0142ok\u00f3w. Standardowe cylindry 21, 30\/2, 35 i 45 mm mog\u0105 by\u0107 u\u017cywane z t\u0142okami dost\u0119pnymi w rozmiarach 6,8,10,17,25,30 i 45 mm. D\u0142ugo\u015b\u0107 skoku: 52 mm. Maszyna ta mo\u017ce by\u0107 r\u00f3wnie\u017c dostarczona w wykonaniu CAD z technologi\u0105 serwomechanizm\u00f3w liniowych w osiach X i Y.<br \/>\nO\u015b Z: 150 mm<br \/>\nO\u015b X: 300 mm (opcjonalnie)<br \/>\nO\u015b Y: 150 mm (opcjonalnie).<\/p>\n<p>Seria KCM Alpha mo\u017ce by\u0107 umieszczona bezpo\u015brednio na linii do obci\u0105gania, a gdy nie jest u\u017cywana do obci\u0105gania produkt\u00f3w, maszyna mo\u017ce by\u0107 wyci\u0105gni\u0119ta i u\u017cywana do produkt\u00f3w jednorazowych.<\/p>\n<p>&nbsp;<\/p>\n<table style=\"height: 360px;\" width=\"656\">\n<tbody>\n<tr>\n<td width=\"169\">\u00a0<strong>Cechy<\/strong><\/td>\n<td width=\"169\">\u00a0<strong>Korzy\u015bci<\/strong><\/td>\n<\/tr>\n<tr>\n<td>Wykonanie o du\u017cej wytrzyma\u0142o\u015bci<\/td>\n<td>\n<ul>\n<li>trwa\u0142y<\/li>\n<li>silny<\/li>\n<li>Nadaje si\u0119 do pracy na 3 zmiany<\/li>\n<\/ul>\n<\/td>\n<\/tr>\n<tr>\n<td>W pe\u0142ni elektryczny serwonap\u0119d<\/td>\n<td>\n<ul>\n<li>dok\u0142adny<\/li>\n<li>szybki<\/li>\n<\/ul>\n<\/td>\n<\/tr>\n<tr>\n<td>Konstrukcja wspornikowa<\/td>\n<td>\n<ul>\n<li>\u0142atwa obs\u0142uga<\/li>\n<li>\u0142atwe czyszczenie<\/li>\n<\/ul>\n<\/td>\n<\/tr>\n<\/tbody>\n<\/table>\n<p>&nbsp;<\/p>","protected":false},"excerpt":{"rendered":"<p>Maszyna do nak\u0142adania czekolady do produkcji czekoladek typu one shot i aplikacji free dressing w wymagaj\u0105cych warunkach przemys\u0142owych.<\/p>","protected":false},"featured_media":2914,"comment_status":"open","ping_status":"closed","template":"","meta":{"uix_meta_title":"","uix_meta_description":"","uix_canonical_url":""},"product_brand":[],"product_cat":[104],"product_tag":[],"class_list":{"0":"post-2910","1":"product","2":"type-product","3":"status-publish","4":"has-post-thumbnail","6":"product_cat-processing","8":"first","9":"instock","10":"shipping-taxable","11":"product-type-simple"},"_links":{"self":[{"href":"https:\/\/cormac.eu\/pl\/wp-json\/wp\/v2\/product\/2910","targetHints":{"allow":["GET"]}}],"collection":[{"href":"https:\/\/cormac.eu\/pl\/wp-json\/wp\/v2\/product"}],"about":[{"href":"https:\/\/cormac.eu\/pl\/wp-json\/wp\/v2\/types\/product"}],"replies":[{"embeddable":true,"href":"https:\/\/cormac.eu\/pl\/wp-json\/wp\/v2\/comments?post=2910"}],"wp:featuredmedia":[{"embeddable":true,"href":"https:\/\/cormac.eu\/pl\/wp-json\/wp\/v2\/media\/2914"}],"wp:attachment":[{"href":"https:\/\/cormac.eu\/pl\/wp-json\/wp\/v2\/media?parent=2910"}],"wp:term":[{"taxonomy":"product_brand","embeddable":true,"href":"https:\/\/cormac.eu\/pl\/wp-json\/wp\/v2\/product_brand?post=2910"},{"taxonomy":"product_cat","embeddable":true,"href":"https:\/\/cormac.eu\/pl\/wp-json\/wp\/v2\/product_cat?post=2910"},{"taxonomy":"product_tag","embeddable":true,"href":"https:\/\/cormac.eu\/pl\/wp-json\/wp\/v2\/product_tag?post=2910"}],"curies":[{"name":"wp","href":"https:\/\/api.w.org\/{rel}","templated":true}]}}