{"id":2908,"date":"2022-04-24T13:38:47","date_gmt":"2022-04-24T11:38:47","guid":{"rendered":"https:\/\/cormac.eu\/?post_type=product&#038;p=2908"},"modified":"2022-05-30T16:22:12","modified_gmt":"2022-05-30T14:22:12","slug":"depozytor-czekolady-kcm-alpha-compact","status":"publish","type":"product","link":"https:\/\/cormac.eu\/pl\/product\/chocolate-depositor-kcm-alpha-compact\/","title":{"rendered":"Depozytariusz czekolady KCM Alpha Compact"},"content":{"rendered":"<p>Maszyny do formowania czekolady Knobel z serii KCM s\u0105 doskona\u0142ym narz\u0119dziem do produkcji rzemie\u015blniczej. Maszyna jest dost\u0119pna w wielu wersjach, takich jak KCM 9,12, 9\/18 i 12\/24. Wszystkie te maszyny wykorzystuj\u0105 te same standardowe tuleje cylindrowe 35 mm z t\u0142okami dost\u0119pnymi w rozmiarach 6, 8, 10, 17, 25 i 30 mm, a tak\u017ce KCM 24\/48 z t\u0142okiem 18 mm. D\u0142ugo\u015b\u0107 skoku wynosi 52 mm. D\u0142ugo\u015b\u0107 osi Z wynosi 100 mm. Wszystkie systemy Knobel umo\u017cliwiaj\u0105 \u0142atw\u0105 obs\u0142ug\u0119, \u0142atwe czyszczenie i szybk\u0105 wymian\u0119. Nie trzeba wyci\u0105ga\u0107 wa\u0142u ani wymienia\u0107 g\u0142owic, wystarczy wyj\u0105\u0107 blok t\u0142oka po bloku t\u0142oka.<\/p>\n<p>&nbsp;<\/p>\n<table style=\"height: 284px;\" width=\"613\">\n<tbody>\n<tr>\n<td width=\"159\">\u00a0<strong>Cechy<\/strong><\/td>\n<td width=\"159\">\u00a0<strong>Korzy\u015bci<\/strong><\/td>\n<\/tr>\n<tr>\n<td>\u00a0Elektryczny serwonap\u0119d<\/td>\n<td>\n<ul>\n<li>doskona\u0142a kontrola ruchu<\/li>\n<li>dok\u0142adny<\/li>\n<\/ul>\n<\/td>\n<\/tr>\n<tr>\n<td>\u00a0Konstrukcja wspornikowa<\/td>\n<td>\n<ul>\n<li>\u0141atwa obs\u0142uga<\/li>\n<li>\u0141atwe czyszczenie<\/li>\n<li>\u0141atwy dost\u0119p<\/li>\n<\/ul>\n<\/td>\n<\/tr>\n<\/tbody>\n<\/table>","protected":false},"excerpt":{"rendered":"<p>Idealny dozownik czekolady do produkcji pralin pe\u0142nych i nadziewanych na ma\u0142\u0105 i \u015bredni\u0105 skal\u0119.<\/p>","protected":false},"featured_media":2912,"comment_status":"open","ping_status":"closed","template":"","meta":{"uix_meta_title":"","uix_meta_description":"","uix_canonical_url":""},"product_brand":[],"product_cat":[104],"product_tag":[],"class_list":{"0":"post-2908","1":"product","2":"type-product","3":"status-publish","4":"has-post-thumbnail","6":"product_cat-processing","8":"first","9":"instock","10":"shipping-taxable","11":"product-type-simple"},"_links":{"self":[{"href":"https:\/\/cormac.eu\/pl\/wp-json\/wp\/v2\/product\/2908","targetHints":{"allow":["GET"]}}],"collection":[{"href":"https:\/\/cormac.eu\/pl\/wp-json\/wp\/v2\/product"}],"about":[{"href":"https:\/\/cormac.eu\/pl\/wp-json\/wp\/v2\/types\/product"}],"replies":[{"embeddable":true,"href":"https:\/\/cormac.eu\/pl\/wp-json\/wp\/v2\/comments?post=2908"}],"wp:featuredmedia":[{"embeddable":true,"href":"https:\/\/cormac.eu\/pl\/wp-json\/wp\/v2\/media\/2912"}],"wp:attachment":[{"href":"https:\/\/cormac.eu\/pl\/wp-json\/wp\/v2\/media?parent=2908"}],"wp:term":[{"taxonomy":"product_brand","embeddable":true,"href":"https:\/\/cormac.eu\/pl\/wp-json\/wp\/v2\/product_brand?post=2908"},{"taxonomy":"product_cat","embeddable":true,"href":"https:\/\/cormac.eu\/pl\/wp-json\/wp\/v2\/product_cat?post=2908"},{"taxonomy":"product_tag","embeddable":true,"href":"https:\/\/cormac.eu\/pl\/wp-json\/wp\/v2\/product_tag?post=2908"}],"curies":[{"name":"wp","href":"https:\/\/api.w.org\/{rel}","templated":true}]}}