{"id":2901,"date":"2022-04-24T12:47:37","date_gmt":"2022-04-24T10:47:37","guid":{"rendered":"https:\/\/cormac.eu\/?post_type=product&#038;p=2901"},"modified":"2022-04-24T12:48:50","modified_gmt":"2022-04-24T10:48:50","slug":"coating-system-ade","status":"publish","type":"product","link":"https:\/\/cormac.eu\/pl\/product\/coating-system-ade\/","title":{"rendered":"Coating system ADE"},"content":{"rendered":"<p>ADE type coating system is tiltable. The pan can be swiveled by means of a gear motor from -90\u00b0 to +90\u00b0 to the horizontal line. The machine is equipped with a hood for the guidance of supply and exhaust air and connections for a spraying system. The ADE is operated by a graphical display (touch panel) with which the control of the periphery (vessel for the medium, air treatment station, automated spraying) can be realized. For a high degree of automation the system can of course be equipped with a recipe controlling unit.<\/p>\n<p>&nbsp;<\/p>\n<table style=\"height: 413px\" width=\"589\">\n<tbody>\n<tr>\n<td width=\"153\">\u00a0<strong>Cechy<\/strong><\/td>\n<td width=\"153\">\u00a0<strong>Korzy\u015bci<\/strong><\/td>\n<\/tr>\n<tr>\n<td>Tilting mechanism<\/td>\n<td>\n<ul>\n<li>Przyjazny dla operatora<\/li>\n<li>Easier emptying<\/li>\n<\/ul>\n<\/td>\n<\/tr>\n<tr>\n<td>Stal nierdzewna 1.4301<\/td>\n<td>\n<ul>\n<li>Higieniczny<\/li>\n<li>Silny<\/li>\n<\/ul>\n<\/td>\n<\/tr>\n<tr>\n<td>Nap\u0119d sterowany cz\u0119stotliwo\u015bci\u0105<\/td>\n<td>\n<ul>\n<li>kontrola pr\u0119dko\u015bci<\/li>\n<\/ul>\n<\/td>\n<\/tr>\n<tr>\n<td>Cyfrowy wska\u017anik pr\u0119dko\u015bci<\/td>\n<td>\n<ul>\n<li>Process control<\/li>\n<\/ul>\n<\/td>\n<\/tr>\n<\/tbody>\n<\/table>\n<p>&nbsp;<\/p>\n<p>&nbsp;<\/p>","protected":false},"excerpt":{"rendered":"<p>Titltable coating system for industrial scale sugar coating.<\/p>","protected":false},"featured_media":2900,"comment_status":"open","ping_status":"closed","template":"","meta":{"uix_meta_title":"","uix_meta_description":"","uix_canonical_url":""},"product_brand":[],"product_cat":[104],"product_tag":[],"class_list":{"0":"post-2901","1":"product","2":"type-product","3":"status-publish","4":"has-post-thumbnail","6":"product_cat-processing","8":"first","9":"instock","10":"shipping-taxable","11":"product-type-simple"},"_links":{"self":[{"href":"https:\/\/cormac.eu\/pl\/wp-json\/wp\/v2\/product\/2901","targetHints":{"allow":["GET"]}}],"collection":[{"href":"https:\/\/cormac.eu\/pl\/wp-json\/wp\/v2\/product"}],"about":[{"href":"https:\/\/cormac.eu\/pl\/wp-json\/wp\/v2\/types\/product"}],"replies":[{"embeddable":true,"href":"https:\/\/cormac.eu\/pl\/wp-json\/wp\/v2\/comments?post=2901"}],"wp:featuredmedia":[{"embeddable":true,"href":"https:\/\/cormac.eu\/pl\/wp-json\/wp\/v2\/media\/2900"}],"wp:attachment":[{"href":"https:\/\/cormac.eu\/pl\/wp-json\/wp\/v2\/media?parent=2901"}],"wp:term":[{"taxonomy":"product_brand","embeddable":true,"href":"https:\/\/cormac.eu\/pl\/wp-json\/wp\/v2\/product_brand?post=2901"},{"taxonomy":"product_cat","embeddable":true,"href":"https:\/\/cormac.eu\/pl\/wp-json\/wp\/v2\/product_cat?post=2901"},{"taxonomy":"product_tag","embeddable":true,"href":"https:\/\/cormac.eu\/pl\/wp-json\/wp\/v2\/product_tag?post=2901"}],"curies":[{"name":"wp","href":"https:\/\/api.w.org\/{rel}","templated":true}]}}