{"id":2897,"date":"2022-04-24T12:40:29","date_gmt":"2022-04-24T10:40:29","guid":{"rendered":"https:\/\/cormac.eu\/?post_type=product&#038;p=2897"},"modified":"2022-04-24T12:40:29","modified_gmt":"2022-04-24T10:40:29","slug":"rozszerzona-laboratoryjna-maszyna-do-powlekania","status":"publish","type":"product","link":"https:\/\/cormac.eu\/pl\/product\/extended-laboratory-coating-machine\/","title":{"rendered":"Rozszerzona laboratoryjna maszyna do powlekania"},"content":{"rendered":"<p>Powlekarka ADG jest maszyn\u0105 laboratoryjn\u0105 wyposa\u017con\u0105 w urz\u0105dzenie do ogrzewania i\/lub ch\u0142odzenia powietrza procesowego. Ca\u0142y system klimatyzacji jest zamkni\u0119ty w jednostce bazowej, na kt\u00f3rej zamocowana jest powlekarka laboratoryjna. Panel sterowania jest zainstalowany w pobli\u017cu maszyny do powlekania, dzi\u0119ki czemu panel sterowania i maszyna stanowi\u0105 jedn\u0105 przyjazn\u0105 dla u\u017cytkownika jednostk\u0119. Podobnie jak w przypadku powlekarki ADO, wszystkie misy maj\u0105 takie samo po\u0142\u0105czenie ko\u0142nierzowe. Dzi\u0119ki temu mo\u017cna je \u0142atwo wymienia\u0107. K\u0105t nachylenia kadzi wynosi od 0\u00b0 do 50\u00b0 wzgl\u0119dem linii poziomej i mo\u017ce by\u0107 zmieniany za pomoc\u0105 r\u0119cznie obs\u0142ugiwanej d\u017awigni. K\u0105t nachylenia kadzi mo\u017cna zatem dostosowa\u0107 do r\u00f3\u017cnych produkt\u00f3w.<\/p>\n<p>&nbsp;<\/p>\n<table style=\"height: 356px\" width=\"633\">\n<tbody>\n<tr>\n<td width=\"171\">\u00a0<strong>Cechy<\/strong><\/td>\n<td width=\"171\">\u00a0<strong>Korzy\u015bci<\/strong><\/td>\n<\/tr>\n<tr>\n<td>Stal nierdzewna 1.4301<\/td>\n<td>\n<ul>\n<li>Higieniczne wykonanie<\/li>\n<\/ul>\n<\/td>\n<\/tr>\n<tr>\n<td>\u00a0Nap\u0119d sterowany cz\u0119stotliwo\u015bci\u0105<\/td>\n<td>\n<ul>\n<li>kontrola pr\u0119dko\u015bci<\/li>\n<\/ul>\n<\/td>\n<\/tr>\n<tr>\n<td>\u00a0Cyfrowy wska\u017anik pr\u0119dko\u015bci<\/td>\n<td>\n<ul>\n<li>kontrola procesu<\/li>\n<\/ul>\n<\/td>\n<\/tr>\n<tr>\n<td>Kontrola receptur na \u017c\u0105danie<\/td>\n<td>\n<ul>\n<li>r\u00f3\u017cnorodne prace laboratoryjne<\/li>\n<\/ul>\n<\/td>\n<\/tr>\n<\/tbody>\n<\/table>","protected":false},"excerpt":{"rendered":"<p>Laboratoryjna wanna do powlekania, w pe\u0142ni wyposa\u017cona w urz\u0105dzenie do ogrzewania i\/lub ch\u0142odzenia powietrza procesowego.<\/p>","protected":false},"featured_media":2896,"comment_status":"open","ping_status":"closed","template":"","meta":{"uix_meta_title":"","uix_meta_description":"","uix_canonical_url":""},"product_brand":[],"product_cat":[107,135,104],"product_tag":[],"class_list":{"0":"post-2897","1":"product","2":"type-product","3":"status-publish","4":"has-post-thumbnail","6":"product_cat-artisanal","7":"product_cat-laboratory","8":"product_cat-processing","10":"first","11":"instock","12":"shipping-taxable","13":"product-type-simple"},"_links":{"self":[{"href":"https:\/\/cormac.eu\/pl\/wp-json\/wp\/v2\/product\/2897","targetHints":{"allow":["GET"]}}],"collection":[{"href":"https:\/\/cormac.eu\/pl\/wp-json\/wp\/v2\/product"}],"about":[{"href":"https:\/\/cormac.eu\/pl\/wp-json\/wp\/v2\/types\/product"}],"replies":[{"embeddable":true,"href":"https:\/\/cormac.eu\/pl\/wp-json\/wp\/v2\/comments?post=2897"}],"wp:featuredmedia":[{"embeddable":true,"href":"https:\/\/cormac.eu\/pl\/wp-json\/wp\/v2\/media\/2896"}],"wp:attachment":[{"href":"https:\/\/cormac.eu\/pl\/wp-json\/wp\/v2\/media?parent=2897"}],"wp:term":[{"taxonomy":"product_brand","embeddable":true,"href":"https:\/\/cormac.eu\/pl\/wp-json\/wp\/v2\/product_brand?post=2897"},{"taxonomy":"product_cat","embeddable":true,"href":"https:\/\/cormac.eu\/pl\/wp-json\/wp\/v2\/product_cat?post=2897"},{"taxonomy":"product_tag","embeddable":true,"href":"https:\/\/cormac.eu\/pl\/wp-json\/wp\/v2\/product_tag?post=2897"}],"curies":[{"name":"wp","href":"https:\/\/api.w.org\/{rel}","templated":true}]}}