{"id":2895,"date":"2022-04-24T12:37:20","date_gmt":"2022-04-24T10:37:20","guid":{"rendered":"https:\/\/cormac.eu\/?post_type=product&#038;p=2895"},"modified":"2022-04-24T12:37:20","modified_gmt":"2022-04-24T10:37:20","slug":"laboratoryjna-miska-do-powlekania-cukrem","status":"publish","type":"product","link":"https:\/\/cormac.eu\/pl\/product\/laboratory-sugar-coating-pan\/","title":{"rendered":"Laboratoryjna miska do powlekania cukrem"},"content":{"rendered":"<p>Maszyna do powlekania typu ADO to mniejsza maszyna odpowiednia do laboratorium. K\u0105t panewki wynosi od 0\u00b0 do 50\u00b0 w stosunku do linii poziomej i mo\u017ce by\u0107 zmieniany za pomoc\u0105 r\u0119cznie obs\u0142ugiwanej d\u017awigni. W zwi\u0105zku z tym, k\u0105t panewki mo\u017ce by\u0107 dostosowany do r\u00f3\u017cnych produkt\u00f3w. Ty\u0142 szalki, wa\u0142y, \u0142o\u017cyska itp. s\u0105 pokryte dwusk\u0142adnikow\u0105 farb\u0105. Na \u017cyczenie tylna cz\u0119\u015b\u0107 panewki i wa\u0142y mog\u0105 by\u0107 r\u00f3wnie\u017c wykonane ze stali nierdzewnej. Mo\u017cliwa jest dostawa maszyn do powlekania sterowanych receptur\u0105.<\/p>\n<p>&nbsp;<\/p>\n<table style=\"height: 350px\" width=\"620\">\n<tbody>\n<tr>\n<td width=\"153\">\u00a0<strong>Cechy<\/strong><\/td>\n<td width=\"153\">\u00a0<strong>Korzy\u015bci<\/strong><\/td>\n<\/tr>\n<tr>\n<td>Wykonanie ze stali nierdzewnej<\/td>\n<td>\n<ul>\n<li>Higieniczny<\/li>\n<\/ul>\n<\/td>\n<\/tr>\n<tr>\n<td>Wytrzyma\u0142a konstrukcja<\/td>\n<td>\n<ul>\n<li>Trwa\u0142o\u015b\u0107<\/li>\n<\/ul>\n<\/td>\n<\/tr>\n<tr>\n<td>Nap\u0119d sterowany cz\u0119stotliwo\u015bci\u0105<\/td>\n<td>\n<ul>\n<li>kontrola pr\u0119dko\u015bci<\/li>\n<\/ul>\n<\/td>\n<\/tr>\n<tr>\n<td>Cyfrowy wska\u017anik pr\u0119dko\u015bci<\/td>\n<td>\n<ul>\n<li>kontrola procesu<\/li>\n<\/ul>\n<\/td>\n<\/tr>\n<\/tbody>\n<\/table>","protected":false},"excerpt":{"rendered":"<p>Szalka do powlekania cukrem do zastosowa\u0144 laboratoryjnych i rzemie\u015blniczych.<\/p>","protected":false},"featured_media":2894,"comment_status":"open","ping_status":"closed","template":"","meta":{"uix_meta_title":"","uix_meta_description":"","uix_canonical_url":""},"product_brand":[],"product_cat":[107,135,104],"product_tag":[],"class_list":{"0":"post-2895","1":"product","2":"type-product","3":"status-publish","4":"has-post-thumbnail","6":"product_cat-artisanal","7":"product_cat-laboratory","8":"product_cat-processing","10":"first","11":"instock","12":"shipping-taxable","13":"product-type-simple"},"_links":{"self":[{"href":"https:\/\/cormac.eu\/pl\/wp-json\/wp\/v2\/product\/2895","targetHints":{"allow":["GET"]}}],"collection":[{"href":"https:\/\/cormac.eu\/pl\/wp-json\/wp\/v2\/product"}],"about":[{"href":"https:\/\/cormac.eu\/pl\/wp-json\/wp\/v2\/types\/product"}],"replies":[{"embeddable":true,"href":"https:\/\/cormac.eu\/pl\/wp-json\/wp\/v2\/comments?post=2895"}],"wp:featuredmedia":[{"embeddable":true,"href":"https:\/\/cormac.eu\/pl\/wp-json\/wp\/v2\/media\/2894"}],"wp:attachment":[{"href":"https:\/\/cormac.eu\/pl\/wp-json\/wp\/v2\/media?parent=2895"}],"wp:term":[{"taxonomy":"product_brand","embeddable":true,"href":"https:\/\/cormac.eu\/pl\/wp-json\/wp\/v2\/product_brand?post=2895"},{"taxonomy":"product_cat","embeddable":true,"href":"https:\/\/cormac.eu\/pl\/wp-json\/wp\/v2\/product_cat?post=2895"},{"taxonomy":"product_tag","embeddable":true,"href":"https:\/\/cormac.eu\/pl\/wp-json\/wp\/v2\/product_tag?post=2895"}],"curies":[{"name":"wp","href":"https:\/\/api.w.org\/{rel}","templated":true}]}}