{"id":2868,"date":"2022-04-24T11:30:16","date_gmt":"2022-04-24T09:30:16","guid":{"rendered":"https:\/\/cormac.eu\/?post_type=product&#038;p=2868"},"modified":"2022-07-04T16:44:13","modified_gmt":"2022-07-04T14:44:13","slug":"beben-powlekajacy-2","status":"publish","type":"product","link":"https:\/\/cormac.eu\/pl\/product\/coating-drum\/","title":{"rendered":"B\u0119ben powlekaj\u0105cy"},"content":{"rendered":"<p>B\u0119ben s\u0142odz\u0105cy Vomacoat nak\u0142ada pow\u0142ok\u0119 z drobnokrystalicznego cukru na galaretki i gumy. Za pomoc\u0105 ta\u015bmy parowej sproszkowane produkty s\u0105 podawane do komory parowej, gdzie staj\u0105 si\u0119 lepkie poprzez wystawienie ich na dzia\u0142anie suchej pary. Nast\u0119pnie produkty s\u0105 wprowadzane do b\u0119bna cukrowniczego.  Rowek transportowy wewn\u0105trz b\u0119bna przesuwa produkt i cukier krystaliczny przez b\u0119ben. Na ko\u0144cu wy\u0142adowczym dwu\u015bcienny b\u0119ben ma perforowan\u0105 stref\u0119. Tutaj produkt i nadmiar cukru s\u0105 oddzielane. Nadmiar cukru jest mieszany ze \u015bwie\u017cym cukrem i - podczas suszenia - jest transportowany z powrotem do obszaru dozowania cukru za pomoc\u0105 spiralnej konstrukcji mi\u0119dzy wewn\u0119trznym i zewn\u0119trznym b\u0119bnem. Produkt pokryty cukrem opuszcza b\u0119ben. Ta instalacja jest wyposa\u017cona w suszark\u0119 parow\u0105 z gor\u0105cym powietrzem do usuwania wilgoci. B\u0119ben mo\u017ce obraca\u0107 si\u0119 w lewo i w prawo. Jest to konieczne do usuwania cukru z b\u0119bna podczas czyszczenia. Pr\u0119dko\u015b\u0107 obrotowa b\u0119bna jest regulowana cz\u0119stotliwo\u015bci\u0105. Maszyny te maj\u0105 higieniczn\u0105 konstrukcj\u0119 i s\u0105 wykonane w ca\u0142o\u015bci ze stali nierdzewnej. Wydajno\u015b\u0107 wynosi od 1.000 do 5.000 kg\/godz.<\/p>\n<p>&nbsp;<\/p>\n<p><img decoding=\"async\" class=\"alignnone size-full wp-image-2876\" src=\"https:\/\/cormac.eu\/wp-content\/uploads\/2022\/04\/Vomacoat-product-sample-2.jpg\" alt=\"\" width=\"220\" height=\"220\" srcset=\"https:\/\/cormac.eu\/wp-content\/uploads\/2022\/04\/Vomacoat-product-sample-2.jpg 220w, https:\/\/cormac.eu\/wp-content\/uploads\/2022\/04\/Vomacoat-product-sample-2-150x150.jpg 150w, https:\/\/cormac.eu\/wp-content\/uploads\/2022\/04\/Vomacoat-product-sample-2-100x100.jpg 100w\" sizes=\"(max-width: 220px) 100vw, 220px\" \/> <img decoding=\"async\" class=\"alignnone wp-image-2875\" src=\"https:\/\/cormac.eu\/wp-content\/uploads\/2022\/04\/sugar-coated-candy-300x300.jpg\" alt=\"\" width=\"222\" height=\"222\" srcset=\"https:\/\/cormac.eu\/wp-content\/uploads\/2022\/04\/sugar-coated-candy-300x300.jpg 300w, https:\/\/cormac.eu\/wp-content\/uploads\/2022\/04\/sugar-coated-candy-150x150.jpg 150w, https:\/\/cormac.eu\/wp-content\/uploads\/2022\/04\/sugar-coated-candy-100x100.jpg 100w, https:\/\/cormac.eu\/wp-content\/uploads\/2022\/04\/sugar-coated-candy.jpg 600w\" sizes=\"(max-width: 222px) 100vw, 222px\" \/>\u00a0 <img fetchpriority=\"high\" decoding=\"async\" class=\"alignnone wp-image-2874\" src=\"https:\/\/cormac.eu\/wp-content\/uploads\/2022\/04\/sugar-coated-2-300x233.jpg\" alt=\"\" width=\"291\" height=\"226\" srcset=\"https:\/\/cormac.eu\/wp-content\/uploads\/2022\/04\/sugar-coated-2-300x233.jpg 300w, https:\/\/cormac.eu\/wp-content\/uploads\/2022\/04\/sugar-coated-2.jpg 518w\" sizes=\"(max-width: 291px) 100vw, 291px\" \/><\/p>\n<p>&nbsp;<\/p>\n<table style=\"height: 687px\" width=\"771\">\n<tbody>\n<tr>\n<td width=\"197\">\u00a0<strong>Cechy<\/strong><\/td>\n<td width=\"249\">\u00a0<strong>Korzy\u015bci<\/strong><\/td>\n<\/tr>\n<tr>\n<td>\u00a0Wk\u0142adki ta\u015bmy podaj\u0105cej produkt<br \/>\ndo b\u0119bna<\/td>\n<td>\n<ul>\n<li>bezpo\u015brednia ekspozycja na mg\u0142\u0119 cukrow\u0105<\/li>\n<\/ul>\n<\/td>\n<\/tr>\n<tr>\n<td>\u00a0Doskona\u0142a technologia spawania<\/td>\n<td>\n<ul>\n<li>wykonanie sanitarne<\/li>\n<li>brak wyrwanych w\u0142os\u00f3w w stali<\/li>\n<li>\u0141atwe czyszczenie i sp\u0142ukiwanie<\/li>\n<\/ul>\n<\/td>\n<\/tr>\n<tr>\n<td>\u00a0Ciep\u0142e powietrze i spirala grzewcza<\/td>\n<td>\n<ul>\n<li>wydajne suszenie mieszanki cukrowej<\/li>\n<\/ul>\n<\/td>\n<\/tr>\n<tr>\n<td>\u00a0Kliny transportowe<\/td>\n<td>\n<ul>\n<li>delikatne obchodzenie si\u0119 z produktem<\/li>\n<\/ul>\n<\/td>\n<\/tr>\n<tr>\n<td>Ciep\u0142e powietrze i mieszanie \u015bwie\u017cego cukru<\/td>\n<td>\n<ul>\n<li>D\u0142u\u017cszy czas przechowywania cukru<\/li>\n<li>ca\u0142a i sta\u0142a kurtyna cukrowa<\/li>\n<\/ul>\n<\/td>\n<\/tr>\n<tr>\n<td>Pier\u015bcie\u0144 bie\u017cnika ko\u0142a<\/td>\n<td>\n<ul>\n<li>Brak deformacji b\u0119bna<\/li>\n<\/ul>\n<\/td>\n<\/tr>\n<tr>\n<td>Pier\u015bcie\u0144 centruj\u0105cy ko\u0142o<\/td>\n<td>\n<ul>\n<li>P\u0142ynny obr\u00f3t b\u0119bna<\/li>\n<\/ul>\n<\/td>\n<\/tr>\n<tr>\n<td>Wytrzyma\u0142a konstrukcja<\/td>\n<td>\n<ul>\n<li>niskie koszty utrzymania<\/li>\n<\/ul>\n<\/td>\n<\/tr>\n<\/tbody>\n<\/table>\n<p>&nbsp;<\/p>\n<p>&nbsp;<\/p>\n<p>&nbsp;<\/p>\n<p>&nbsp;<\/p>","protected":false},"excerpt":{"rendered":"<p>B\u0119ben powlekaj\u0105cy do nak\u0142adania pow\u0142oki cukrowej na produkty formowane ze skrobi, takie jak galaretki i gumy.<\/p>","protected":false},"featured_media":2866,"comment_status":"open","ping_status":"closed","template":"","meta":{"uix_meta_title":"","uix_meta_description":"","uix_canonical_url":""},"product_brand":[],"product_cat":[104],"product_tag":[],"class_list":{"0":"post-2868","1":"product","2":"type-product","3":"status-publish","4":"has-post-thumbnail","6":"product_cat-processing","8":"first","9":"instock","10":"shipping-taxable","11":"product-type-simple"},"_links":{"self":[{"href":"https:\/\/cormac.eu\/pl\/wp-json\/wp\/v2\/product\/2868","targetHints":{"allow":["GET"]}}],"collection":[{"href":"https:\/\/cormac.eu\/pl\/wp-json\/wp\/v2\/product"}],"about":[{"href":"https:\/\/cormac.eu\/pl\/wp-json\/wp\/v2\/types\/product"}],"replies":[{"embeddable":true,"href":"https:\/\/cormac.eu\/pl\/wp-json\/wp\/v2\/comments?post=2868"}],"wp:featuredmedia":[{"embeddable":true,"href":"https:\/\/cormac.eu\/pl\/wp-json\/wp\/v2\/media\/2866"}],"wp:attachment":[{"href":"https:\/\/cormac.eu\/pl\/wp-json\/wp\/v2\/media?parent=2868"}],"wp:term":[{"taxonomy":"product_brand","embeddable":true,"href":"https:\/\/cormac.eu\/pl\/wp-json\/wp\/v2\/product_brand?post=2868"},{"taxonomy":"product_cat","embeddable":true,"href":"https:\/\/cormac.eu\/pl\/wp-json\/wp\/v2\/product_cat?post=2868"},{"taxonomy":"product_tag","embeddable":true,"href":"https:\/\/cormac.eu\/pl\/wp-json\/wp\/v2\/product_tag?post=2868"}],"curies":[{"name":"wp","href":"https:\/\/api.w.org\/{rel}","templated":true}]}}