{"id":2863,"date":"2022-04-24T11:20:17","date_gmt":"2022-04-24T09:20:17","guid":{"rendered":"https:\/\/cormac.eu\/?post_type=product&#038;p=2863"},"modified":"2022-04-24T11:20:17","modified_gmt":"2022-04-24T09:20:17","slug":"kuchenka-wsadowa","status":"publish","type":"product","link":"https:\/\/cormac.eu\/pl\/product\/batch-cooker\/","title":{"rendered":"Kuchenka wsadowa"},"content":{"rendered":"<p>Kuchenka porcjowa ma kszta\u0142t p\u00f3\u0142kuli z p\u0142aszczem parowym (podw\u00f3jne \u015bcianki). S\u0105 one wyposa\u017cone w mieszad\u0142a kotwicowe, ze skrobakami teflonowymi lub bez. Czajniki s\u0105 dostarczane z pr\u00f3\u017cni\u0105 lub bez i mog\u0105 by\u0107 skonstruowane do roz\u0142adunku pod ci\u015bnieniem. Czajniki te s\u0105 wykonane ze stali nierdzewnej i mog\u0105 by\u0107 obs\u0142ugiwane r\u0119cznie lub automatycznie. S\u0105 one dost\u0119pne w r\u00f3\u017cnych rozmiarach i szerokiej gamie wykona\u0144. Mo\u017cliwe jest r\u00f3wnie\u017c wykonanie podw\u00f3jne, aby zwi\u0119kszy\u0107 pojemno\u015b\u0107 i umo\u017cliwi\u0107 gotowanie w trybie p\u00f3\u0142ci\u0105g\u0142ym. Zakres pojemno\u015bci: 100 kg, 250 kg, 500 kg.  W przypadku wydajno\u015bci przekraczaj\u0105cej 500 kg\/godz. zwykle zalecamy kuchenk\u0119 do gotowania ci\u0105g\u0142ego.<\/p>\n<p>&nbsp;<\/p>\n<table style=\"height: 386px\" width=\"612\">\n<tbody>\n<tr>\n<td width=\"165\">\u00a0<strong>Cechy<\/strong><\/td>\n<td width=\"165\">\u00a0<strong>Korzy\u015bci<\/strong><\/td>\n<\/tr>\n<tr>\n<td>\u00a0Stal nierdzewna<\/td>\n<td>\n<ul>\n<li>higieniczny<\/li>\n<li>\u0142atwe czyszczenie<\/li>\n<li>solidny<\/li>\n<\/ul>\n<\/td>\n<\/tr>\n<tr>\n<td>\u00a0podw\u00f3jne \u015bcianki<\/td>\n<td>\n<ul>\n<li>Doskona\u0142y transfer ciep\u0142a<\/li>\n<\/ul>\n<\/td>\n<\/tr>\n<tr>\n<td>\u00a0mieszad\u0142o kotwiczne opcjonalnie z<br \/>\nskrobak teflonowy<\/td>\n<td>\n<ul>\n<li>dobre mieszanie<\/li>\n<li>brak spalania<\/li>\n<li>czyste \u015bciany wewn\u0119trzne<\/li>\n<\/ul>\n<\/td>\n<\/tr>\n<\/tbody>\n<\/table>\n<p>&nbsp;<\/p>","protected":false},"excerpt":{"rendered":"<p>Kuchenka wsadowa do mas cukrowych.<\/p>","protected":false},"featured_media":2862,"comment_status":"open","ping_status":"closed","template":"","meta":{"uix_meta_title":"","uix_meta_description":"","uix_canonical_url":""},"product_brand":[],"product_cat":[104],"product_tag":[],"class_list":{"0":"post-2863","1":"product","2":"type-product","3":"status-publish","4":"has-post-thumbnail","6":"product_cat-processing","8":"first","9":"instock","10":"shipping-taxable","11":"product-type-simple"},"_links":{"self":[{"href":"https:\/\/cormac.eu\/pl\/wp-json\/wp\/v2\/product\/2863","targetHints":{"allow":["GET"]}}],"collection":[{"href":"https:\/\/cormac.eu\/pl\/wp-json\/wp\/v2\/product"}],"about":[{"href":"https:\/\/cormac.eu\/pl\/wp-json\/wp\/v2\/types\/product"}],"replies":[{"embeddable":true,"href":"https:\/\/cormac.eu\/pl\/wp-json\/wp\/v2\/comments?post=2863"}],"wp:featuredmedia":[{"embeddable":true,"href":"https:\/\/cormac.eu\/pl\/wp-json\/wp\/v2\/media\/2862"}],"wp:attachment":[{"href":"https:\/\/cormac.eu\/pl\/wp-json\/wp\/v2\/media?parent=2863"}],"wp:term":[{"taxonomy":"product_brand","embeddable":true,"href":"https:\/\/cormac.eu\/pl\/wp-json\/wp\/v2\/product_brand?post=2863"},{"taxonomy":"product_cat","embeddable":true,"href":"https:\/\/cormac.eu\/pl\/wp-json\/wp\/v2\/product_cat?post=2863"},{"taxonomy":"product_tag","embeddable":true,"href":"https:\/\/cormac.eu\/pl\/wp-json\/wp\/v2\/product_tag?post=2863"}],"curies":[{"name":"wp","href":"https:\/\/api.w.org\/{rel}","templated":true}]}}