{"id":2860,"date":"2022-04-24T11:12:01","date_gmt":"2022-04-24T09:12:01","guid":{"rendered":"https:\/\/cormac.eu\/?post_type=product&#038;p=2860"},"modified":"2022-04-24T11:52:52","modified_gmt":"2022-04-24T09:52:52","slug":"ubijaczka-do-fondantu-2","status":"publish","type":"product","link":"https:\/\/cormac.eu\/pl\/product\/fondant-beater\/","title":{"rendered":"Ubijaczka do pomad"},"content":{"rendered":"<p>Instalacja do ubijania pomady Vomatab jest w pe\u0142ni automatyczna. Je\u015bli po rozpocz\u0119ciu procesu ubijania krem\u00f3wki silnik wirnika grozi zatrzymaniem z powodu prze\u0142adowania, podawanie cukru zostanie automatycznie zatrzymane, a maszyna zostanie przep\u0142ukana. Woda p\u0142ucz\u0105ca jest wysy\u0142ana do odp\u0142ywu przez pneumatycznie sterowany zaw\u00f3r. Po usuni\u0119ciu przeci\u0105\u017cenia (miernik Amp) produkcja krem\u00f3wki jest automatycznie wznawiana. Maszyny te mog\u0105 by\u0107 dostarczane samodzielnie lub zintegrowane z lini\u0105 produkcyjn\u0105.<\/p>\n<p>&nbsp;<\/p>\n<p>Wirnik\u00a0 \u00a0 \u00a0 \u00a0 \u00a0 \u00a0 \u00a0 \u00a0<img fetchpriority=\"high\" decoding=\"async\" class=\"alignnone size-medium wp-image-2872\" src=\"https:\/\/cormac.eu\/wp-content\/uploads\/2022\/04\/Rotor-fondant-beater-300x225.jpg\" alt=\"\" width=\"300\" height=\"225\" srcset=\"https:\/\/cormac.eu\/wp-content\/uploads\/2022\/04\/Rotor-fondant-beater-300x225.jpg 300w, https:\/\/cormac.eu\/wp-content\/uploads\/2022\/04\/Rotor-fondant-beater-1024x768.jpg 1024w, https:\/\/cormac.eu\/wp-content\/uploads\/2022\/04\/Rotor-fondant-beater-768x576.jpg 768w, https:\/\/cormac.eu\/wp-content\/uploads\/2022\/04\/Rotor-fondant-beater-1536x1152.jpg 1536w, https:\/\/cormac.eu\/wp-content\/uploads\/2022\/04\/Rotor-fondant-beater-600x450.jpg 600w, https:\/\/cormac.eu\/wp-content\/uploads\/2022\/04\/Rotor-fondant-beater.jpg 1745w\" sizes=\"(max-width: 300px) 100vw, 300px\" \/>\u00a0 \u00a0 <img decoding=\"async\" class=\"alignnone  wp-image-2878\" src=\"https:\/\/cormac.eu\/wp-content\/uploads\/2022\/04\/Fondant-candy-300x282.jpg\" alt=\"\" width=\"240\" height=\"226\" srcset=\"https:\/\/cormac.eu\/wp-content\/uploads\/2022\/04\/Fondant-candy-300x282.jpg 300w, https:\/\/cormac.eu\/wp-content\/uploads\/2022\/04\/Fondant-candy.jpg 402w\" sizes=\"(max-width: 240px) 100vw, 240px\" \/><\/p>\n<p>&nbsp;<\/p>\n<table style=\"height: 482px\" width=\"685\">\n<tbody>\n<tr>\n<td width=\"197\">\u00a0<strong>Cechy<\/strong><\/td>\n<td width=\"197\">\u00a0<strong>Korzy\u015bci<\/strong><\/td>\n<\/tr>\n<tr>\n<td>Stal nierdzewna<\/td>\n<td>\n<ul>\n<li>higieniczny<\/li>\n<li>\u0142atwe czyszczenie<\/li>\n<\/ul>\n<\/td>\n<\/tr>\n<tr>\n<td>\u00a0Sterowanie automatyczne<\/td>\n<td>\n<ul>\n<li>zapobieganie zatorom<\/li>\n<li>automatyczne czyszczenie<\/li>\n<\/ul>\n<\/td>\n<\/tr>\n<tr>\n<td>specjalna konstrukcja ch\u0142odz\u0105ca z<br \/>\nCienko\u015bcienny cylinder wewn\u0119trzny<\/td>\n<td>\n<ul>\n<li>doskona\u0142e ch\u0142odzenie<\/li>\n<\/ul>\n<\/td>\n<\/tr>\n<tr>\n<td>Precyzyjnie zaprojektowane<\/td>\n<td>\n<ul>\n<li>Idealne dopasowanie wirnika i cylindra<\/li>\n<li>doskona\u0142e w\u0142a\u015bciwo\u015bci skrobania<\/li>\n<\/ul>\n<\/td>\n<\/tr>\n<\/tbody>\n<\/table>\n<p>&nbsp;<\/p>","protected":false},"excerpt":{"rendered":"<p>Ubijaczka do fondantu dost\u0119pna w zakresie wydajno\u015bci od 300 do 2000 kg\/godz.<\/p>","protected":false},"featured_media":2859,"comment_status":"open","ping_status":"closed","template":"","meta":{"uix_meta_title":"","uix_meta_description":"","uix_canonical_url":""},"product_brand":[],"product_cat":[104],"product_tag":[],"class_list":{"0":"post-2860","1":"product","2":"type-product","3":"status-publish","4":"has-post-thumbnail","6":"product_cat-processing","8":"first","9":"instock","10":"shipping-taxable","11":"product-type-simple"},"_links":{"self":[{"href":"https:\/\/cormac.eu\/pl\/wp-json\/wp\/v2\/product\/2860","targetHints":{"allow":["GET"]}}],"collection":[{"href":"https:\/\/cormac.eu\/pl\/wp-json\/wp\/v2\/product"}],"about":[{"href":"https:\/\/cormac.eu\/pl\/wp-json\/wp\/v2\/types\/product"}],"replies":[{"embeddable":true,"href":"https:\/\/cormac.eu\/pl\/wp-json\/wp\/v2\/comments?post=2860"}],"wp:featuredmedia":[{"embeddable":true,"href":"https:\/\/cormac.eu\/pl\/wp-json\/wp\/v2\/media\/2859"}],"wp:attachment":[{"href":"https:\/\/cormac.eu\/pl\/wp-json\/wp\/v2\/media?parent=2860"}],"wp:term":[{"taxonomy":"product_brand","embeddable":true,"href":"https:\/\/cormac.eu\/pl\/wp-json\/wp\/v2\/product_brand?post=2860"},{"taxonomy":"product_cat","embeddable":true,"href":"https:\/\/cormac.eu\/pl\/wp-json\/wp\/v2\/product_cat?post=2860"},{"taxonomy":"product_tag","embeddable":true,"href":"https:\/\/cormac.eu\/pl\/wp-json\/wp\/v2\/product_tag?post=2860"}],"curies":[{"name":"wp","href":"https:\/\/api.w.org\/{rel}","templated":true}]}}