{"id":2857,"date":"2022-04-24T10:56:55","date_gmt":"2022-04-24T08:56:55","guid":{"rendered":"https:\/\/cormac.eu\/?post_type=product&#038;p=2857"},"modified":"2022-04-24T11:01:45","modified_gmt":"2022-04-24T09:01:45","slug":"stacja-dozowania-barwnikow-i-kwasow","status":"publish","type":"product","link":"https:\/\/cormac.eu\/pl\/product\/colour-and-acid-dosing-station\/","title":{"rendered":"Stacja dozowania barwnik\u00f3w i kwas\u00f3w"},"content":{"rendered":"<p>System dozowania Vomados wstrzykuje barwniki, aromaty i kwasy INLINE. System ten mo\u017ce by\u0107 wykonany w r\u00f3\u017cnych wersjach. Najprostszym jest Vomados 1+1+1, dla 1 koloru, 1 smaku i 1 wtrysku kwasu. Wydajno\u015b\u0107 mo\u017cna jednak w pe\u0142ni dostosowa\u0107 do mo\u017cliwo\u015bci kuchni, receptur klienta oraz liczby potrzebnych kolor\u00f3w i smak\u00f3w. Cz\u0119sto stosowanym rozwi\u0105zaniem jest na przyk\u0142ad przep\u0142yw Vomados 6+6+1. Oznacza to, \u017ce g\u0142\u00f3wny strumie\u0144 jest podzielony na 6 strumieni (przep\u0142yw\u00f3w), w kt\u00f3rych wtryskiwanych jest 6 kolor\u00f3w, 6 smak\u00f3w i 1 kwas. Zawsze dwie pompy kolor\u00f3w s\u0105 sprz\u0119\u017cone i maj\u0105 jeden wsp\u00f3lny nap\u0119d sterowany cz\u0119stotliwo\u015bci\u0105. To samo dotyczy pomp aromat\u00f3w. G\u0142owice pomp s\u0105 nap\u0119dzane przez silniki elektryczne sterowane cz\u0119stotliwo\u015bciowo. Wydajno\u015b\u0107 pompy ustawia si\u0119 za pomoc\u0105 obrotowego przycisku z odczytem mikrometrycznym. Nap\u0119d jest sterowany za pomoc\u0105 przep\u0142ywomierza elektrycznego, kt\u00f3ry mierzy przep\u0142yw cukru i przesy\u0142a te informacje do regulatora cz\u0119stotliwo\u015bci. Pompa wtryskowa kwasu ma w\u0142asny nap\u0119d sterowany cz\u0119stotliwo\u015bci\u0105 i w\u0142asny przep\u0142ywomierz w g\u0142\u00f3wnym strumieniu. Nad prawid\u0142owym funkcjonowaniem pomp kwasu i aromatu czuwa system wykrywania przep\u0142ywu. Wtryskiwane p\u0142yny s\u0105 homogenizowane (dok\u0142adnie mieszane) za pomoc\u0105 mieszalnik\u00f3w statycznych. System wtrysku mo\u017cna \u0142atwo wyczy\u015bci\u0107 ciep\u0142\u0105 wod\u0105. Punkty spustowe w systemie rur zapewniaj\u0105 minimalne straty drogich dodatk\u00f3w.<\/p>\n<p>&nbsp;<\/p>\n<p><img fetchpriority=\"high\" decoding=\"async\" class=\"alignnone size-medium wp-image-2858\" src=\"https:\/\/cormac.eu\/wp-content\/uploads\/2022\/04\/Vomados-2-300x208.jpg\" alt=\"\" width=\"300\" height=\"208\" srcset=\"https:\/\/cormac.eu\/wp-content\/uploads\/2022\/04\/Vomados-2-300x208.jpg 300w, https:\/\/cormac.eu\/wp-content\/uploads\/2022\/04\/Vomados-2-1024x709.jpg 1024w, https:\/\/cormac.eu\/wp-content\/uploads\/2022\/04\/Vomados-2-768x532.jpg 768w, https:\/\/cormac.eu\/wp-content\/uploads\/2022\/04\/Vomados-2-1536x1064.jpg 1536w, https:\/\/cormac.eu\/wp-content\/uploads\/2022\/04\/Vomados-2-2048x1418.jpg 2048w, https:\/\/cormac.eu\/wp-content\/uploads\/2022\/04\/Vomados-2-600x416.jpg 600w\" sizes=\"(max-width: 300px) 100vw, 300px\" \/><\/p>\n<p>&nbsp;<\/p>\n<table style=\"height: 499px\" width=\"690\">\n<tbody>\n<tr>\n<td width=\"197\">\u00a0<strong>Cechy<\/strong><\/td>\n<td width=\"197\">\u00a0<strong>Korzy\u015bci<\/strong><\/td>\n<\/tr>\n<tr>\n<td>\u00a0jedna jednostka na p\u0142ozie<\/td>\n<td>\n<ul>\n<li>\u0142atwa integracja<\/li>\n<\/ul>\n<\/td>\n<\/tr>\n<tr>\n<td>\u00a0przep\u0142ywomierze elektryczne<\/td>\n<td>\n<ul>\n<li>kontrola dozowania<\/li>\n<\/ul>\n<\/td>\n<\/tr>\n<tr>\n<td>\u00a0system wykrywania przep\u0142ywu<\/td>\n<td>\n<ul>\n<li>funkcja alarmu<\/li>\n<li>zapewnia prawid\u0142owe funkcjonowanie kwasu i<br \/>\npompy smakowe<\/li>\n<\/ul>\n<\/td>\n<\/tr>\n<tr>\n<td>\u00a0miksery statyczne<\/td>\n<td>\n<ul>\n<li>homogenizacja<\/li>\n<li>\u0142atwe czyszczenie<\/li>\n<\/ul>\n<\/td>\n<\/tr>\n<tr>\n<td>Punkty spustowe w systemie rur<\/td>\n<td>\n<ul>\n<li>min. strata sk\u0142adnik\u00f3w<\/li>\n<\/ul>\n<\/td>\n<\/tr>\n<\/tbody>\n<\/table>","protected":false},"excerpt":{"rendered":"<p>Stacja dozuj\u0105ca do automatycznego dozowania aromat\u00f3w, barwnik\u00f3w i kwas\u00f3w w ci\u0105g\u0142ej linii gotowania.<\/p>","protected":false},"featured_media":2856,"comment_status":"open","ping_status":"closed","template":"","meta":{"uix_meta_title":"","uix_meta_description":"","uix_canonical_url":""},"product_brand":[],"product_cat":[104],"product_tag":[],"class_list":{"0":"post-2857","1":"product","2":"type-product","3":"status-publish","4":"has-post-thumbnail","6":"product_cat-processing","8":"first","9":"instock","10":"shipping-taxable","11":"product-type-simple"},"_links":{"self":[{"href":"https:\/\/cormac.eu\/pl\/wp-json\/wp\/v2\/product\/2857","targetHints":{"allow":["GET"]}}],"collection":[{"href":"https:\/\/cormac.eu\/pl\/wp-json\/wp\/v2\/product"}],"about":[{"href":"https:\/\/cormac.eu\/pl\/wp-json\/wp\/v2\/types\/product"}],"replies":[{"embeddable":true,"href":"https:\/\/cormac.eu\/pl\/wp-json\/wp\/v2\/comments?post=2857"}],"wp:featuredmedia":[{"embeddable":true,"href":"https:\/\/cormac.eu\/pl\/wp-json\/wp\/v2\/media\/2856"}],"wp:attachment":[{"href":"https:\/\/cormac.eu\/pl\/wp-json\/wp\/v2\/media?parent=2857"}],"wp:term":[{"taxonomy":"product_brand","embeddable":true,"href":"https:\/\/cormac.eu\/pl\/wp-json\/wp\/v2\/product_brand?post=2857"},{"taxonomy":"product_cat","embeddable":true,"href":"https:\/\/cormac.eu\/pl\/wp-json\/wp\/v2\/product_cat?post=2857"},{"taxonomy":"product_tag","embeddable":true,"href":"https:\/\/cormac.eu\/pl\/wp-json\/wp\/v2\/product_tag?post=2857"}],"curies":[{"name":"wp","href":"https:\/\/api.w.org\/{rel}","templated":true}]}}