{"id":2855,"date":"2022-04-24T10:48:12","date_gmt":"2022-04-24T08:48:12","guid":{"rendered":"https:\/\/cormac.eu\/?post_type=product&#038;p=2855"},"modified":"2022-04-24T10:48:24","modified_gmt":"2022-04-24T08:48:24","slug":"pilotazowa-instalacja-do-gotowania","status":"publish","type":"product","link":"https:\/\/cormac.eu\/pl\/product\/pilot-cooking-plant\/","title":{"rendered":"Pilota\u017cowa instalacja do gotowania"},"content":{"rendered":"<p>Ta mini instalacja do gotowania jest u\u017cywana do opracowywania produkt\u00f3w i mniejszych produkcji. Ten typ instalacji jest cz\u0119sto wykorzystywany w laboratoriach fabryk cukierniczych i producent\u00f3w surowc\u00f3w. R\u00f3wnie\u017c firmy, kt\u00f3re zainstalowa\u0142y wi\u0119ksze instalacje Vomadiss, korzystaj\u0105 z tych instalacji pilota\u017cowych. Ten uniwersalny system gotowania cieszy si\u0119 du\u017cym zainteresowaniem, cz\u0119\u015bciowo dlatego, \u017ce znalezione parametry mo\u017cna przenie\u015b\u0107 1 do 1 na du\u017ce maszyny produkcyjne. Te mini instalacje s\u0105 dostarczane na zasadzie plug &amp; play, w wi\u0119kszo\u015bci przypadk\u00f3w na k\u00f3\u0142kach, i nadaj\u0105 si\u0119 do produkt\u00f3w z galaretki i gumy. Mo\u017cliwe jest r\u00f3wnie\u017c zbudowanie kombinacji r\u00f3\u017cnych kuchenek, dzi\u0119ki czemu mo\u017cna wytwarza\u0107 r\u00f3\u017cne produkty, na przyk\u0142ad Jet Cooker z wtryskiem pary do produkt\u00f3w skrobiowych, Scraped Heat Exchanger do toffi i karmelu lub specjalnych produkt\u00f3w skrobiowych. Maszyna mo\u017ce by\u0107 r\u00f3wnie\u017c wynajmowana. Wydajno\u015b\u0107: 50-100 kg\/godz.<\/p>\n<p>&nbsp;<\/p>\n<table style=\"height: 451px\" width=\"533\">\n<tbody>\n<tr>\n<td width=\"159\">\u00a0<strong>Cechy<\/strong><\/td>\n<td width=\"159\">\u00a0<strong>Korzy\u015bci<\/strong><\/td>\n<\/tr>\n<tr>\n<td>\u00a0Wszystko zbudowane na jednej ramie<\/td>\n<td>\n<ul>\n<li>Instalacja plug &amp; play<\/li>\n<li>kompaktowy<\/li>\n<\/ul>\n<\/td>\n<\/tr>\n<tr>\n<td>\u00a0niestandardowa konfiguracja<\/td>\n<td>\n<ul>\n<li>wszechstronny<\/li>\n<\/ul>\n<\/td>\n<\/tr>\n<tr>\n<td>\u00a0Konstrukcja ze stali nierdzewnej<\/td>\n<td>\n<ul>\n<li>higieniczny<\/li>\n<li>\u0142atwe czyszczenie<\/li>\n<\/ul>\n<\/td>\n<\/tr>\n<tr>\n<td>\u00a0PLC (opcjonalnie)<\/td>\n<td>\n<ul>\n<li>przechowywanie receptur<\/li>\n<li>kontrola procesu<\/li>\n<\/ul>\n<\/td>\n<\/tr>\n<\/tbody>\n<\/table>","protected":false},"excerpt":{"rendered":"<p>Pilota\u017cowa instalacja do gotowania do testowania aplikacji gotowania z wszelkiego rodzaju masami cukrowymi.<\/p>","protected":false},"featured_media":2854,"comment_status":"open","ping_status":"closed","template":"","meta":{"uix_meta_title":"","uix_meta_description":"","uix_canonical_url":""},"product_brand":[],"product_cat":[104],"product_tag":[],"class_list":{"0":"post-2855","1":"product","2":"type-product","3":"status-publish","4":"has-post-thumbnail","6":"product_cat-processing","8":"first","9":"instock","10":"shipping-taxable","11":"product-type-simple"},"_links":{"self":[{"href":"https:\/\/cormac.eu\/pl\/wp-json\/wp\/v2\/product\/2855","targetHints":{"allow":["GET"]}}],"collection":[{"href":"https:\/\/cormac.eu\/pl\/wp-json\/wp\/v2\/product"}],"about":[{"href":"https:\/\/cormac.eu\/pl\/wp-json\/wp\/v2\/types\/product"}],"replies":[{"embeddable":true,"href":"https:\/\/cormac.eu\/pl\/wp-json\/wp\/v2\/comments?post=2855"}],"wp:featuredmedia":[{"embeddable":true,"href":"https:\/\/cormac.eu\/pl\/wp-json\/wp\/v2\/media\/2854"}],"wp:attachment":[{"href":"https:\/\/cormac.eu\/pl\/wp-json\/wp\/v2\/media?parent=2855"}],"wp:term":[{"taxonomy":"product_brand","embeddable":true,"href":"https:\/\/cormac.eu\/pl\/wp-json\/wp\/v2\/product_brand?post=2855"},{"taxonomy":"product_cat","embeddable":true,"href":"https:\/\/cormac.eu\/pl\/wp-json\/wp\/v2\/product_cat?post=2855"},{"taxonomy":"product_tag","embeddable":true,"href":"https:\/\/cormac.eu\/pl\/wp-json\/wp\/v2\/product_tag?post=2855"}],"curies":[{"name":"wp","href":"https:\/\/api.w.org\/{rel}","templated":true}]}}