{"id":2849,"date":"2022-04-24T10:01:33","date_gmt":"2022-04-24T08:01:33","guid":{"rendered":"https:\/\/cormac.eu\/?post_type=product&#038;p=2849"},"modified":"2022-04-24T11:37:04","modified_gmt":"2022-04-24T09:37:04","slug":"instalacja-gotowania-pod-klucz","status":"publish","type":"product","link":"https:\/\/cormac.eu\/pl\/product\/turn-key-cooking-installation\/","title":{"rendered":"Kompletna kuchnia produkcyjna pod klucz"},"content":{"rendered":"<p>W pe\u0142ni zautomatyzowana kuchnia produkcyjna, zbudowana na jednej p\u0142ozie gotowej do pod\u0142\u0105czenia typu plug &amp; play. Ta metoda budowy pozwala na instalacj\u0119 oszcz\u0119dzaj\u0105c\u0105 miejsce. Ka\u017cda instalacja jest w pe\u0142ni dostosowana do potrzeb klienta. Taka kuchnia produkcyjna mo\u017ce obejmowa\u0107 automatyczne wa\u017cenie i dozowanie sk\u0142adnik\u00f3w, instalacj\u0119 wst\u0119pnego mieszania i mieszania, kuchenk\u0119 ci\u0105g\u0142\u0105, kuchenk\u0119 strumieniow\u0105 z wtryskiem pary, komor\u0119 pr\u00f3\u017cniow\u0105, centraln\u0105 szaf\u0119 sterownicz\u0105 ze sterownikiem PLC Siemens, a tak\u017ce zestaw dozuj\u0105cy do aromat\u00f3w, barwnik\u00f3w i kwas\u00f3w. Wydajno\u015b\u0107 do 3 ton na godzin\u0119.<\/p>\n<p><img fetchpriority=\"high\" decoding=\"async\" class=\"alignnone size-medium wp-image-2869\" src=\"https:\/\/cormac.eu\/wp-content\/uploads\/2022\/04\/Candy-iStock_000012762654_Large-300x199.jpg\" alt=\"\" width=\"300\" height=\"199\" srcset=\"https:\/\/cormac.eu\/wp-content\/uploads\/2022\/04\/Candy-iStock_000012762654_Large-300x199.jpg 300w, https:\/\/cormac.eu\/wp-content\/uploads\/2022\/04\/Candy-iStock_000012762654_Large-1024x680.jpg 1024w, https:\/\/cormac.eu\/wp-content\/uploads\/2022\/04\/Candy-iStock_000012762654_Large-768x510.jpg 768w, https:\/\/cormac.eu\/wp-content\/uploads\/2022\/04\/Candy-iStock_000012762654_Large-1536x1019.jpg 1536w, https:\/\/cormac.eu\/wp-content\/uploads\/2022\/04\/Candy-iStock_000012762654_Large-2048x1359.jpg 2048w, https:\/\/cormac.eu\/wp-content\/uploads\/2022\/04\/Candy-iStock_000012762654_Large-600x398.jpg 600w\" sizes=\"(max-width: 300px) 100vw, 300px\" \/><\/p>\n<p>&nbsp;<\/p>\n<table style=\"height: 396px\" width=\"547\">\n<tbody>\n<tr>\n<td width=\"179\">\u00a0<strong>Cechy<\/strong><\/td>\n<td width=\"179\">\u00a0<strong>Korzy\u015bci<\/strong><\/td>\n<\/tr>\n<tr>\n<td>\u00a0zbudowany na p\u0142ozach<\/td>\n<td>\n<ul>\n<li>\u0142atwa instalacja<\/li>\n<li>kompaktowy<\/li>\n<\/ul>\n<\/td>\n<\/tr>\n<tr>\n<td>\u00a0w ca\u0142o\u015bci ze stali nierdzewnej<\/td>\n<td>\n<ul>\n<li>higieniczny<\/li>\n<li>\u0142atwe czyszczenie<\/li>\n<\/ul>\n<\/td>\n<\/tr>\n<tr>\n<td>\u00a0Sterowanie PLC<\/td>\n<td>\n<ul>\n<li>Pe\u0142na kontrola procesu<\/li>\n<li>przechowywanie receptur<\/li>\n<\/ul>\n<\/td>\n<\/tr>\n<tr>\n<td>\u00a0Zbudowany na zam\u00f3wienie<\/td>\n<td>\n<ul>\n<li>zbudowany zgodnie ze specyfikacj\u0105 klienta<\/li>\n<\/ul>\n<\/td>\n<\/tr>\n<\/tbody>\n<\/table>","protected":false},"excerpt":{"rendered":"<p>W pe\u0142ni automatyczna kuchnia produkcyjna zaprojektowana zgodnie z wymaganiami klienta, zbudowana na p\u0142ozach, kompaktowa, plug &amp; play. Nadaje si\u0119 do produkcji gotowanych mas cukrowych, w tym galaretek i gum, pianek, s\u0142odyczy do \u017cucia, lukrecji, fondantu, nugatu, twardych cukierk\u00f3w, artyku\u0142\u00f3w bez cukru itp.<\/p>","protected":false},"featured_media":2853,"comment_status":"open","ping_status":"closed","template":"","meta":{"uix_meta_title":"","uix_meta_description":"","uix_canonical_url":""},"product_brand":[],"product_cat":[104],"product_tag":[],"class_list":{"0":"post-2849","1":"product","2":"type-product","3":"status-publish","4":"has-post-thumbnail","6":"product_cat-processing","8":"first","9":"instock","10":"shipping-taxable","11":"product-type-simple"},"_links":{"self":[{"href":"https:\/\/cormac.eu\/pl\/wp-json\/wp\/v2\/product\/2849","targetHints":{"allow":["GET"]}}],"collection":[{"href":"https:\/\/cormac.eu\/pl\/wp-json\/wp\/v2\/product"}],"about":[{"href":"https:\/\/cormac.eu\/pl\/wp-json\/wp\/v2\/types\/product"}],"replies":[{"embeddable":true,"href":"https:\/\/cormac.eu\/pl\/wp-json\/wp\/v2\/comments?post=2849"}],"wp:featuredmedia":[{"embeddable":true,"href":"https:\/\/cormac.eu\/pl\/wp-json\/wp\/v2\/media\/2853"}],"wp:attachment":[{"href":"https:\/\/cormac.eu\/pl\/wp-json\/wp\/v2\/media?parent=2849"}],"wp:term":[{"taxonomy":"product_brand","embeddable":true,"href":"https:\/\/cormac.eu\/pl\/wp-json\/wp\/v2\/product_brand?post=2849"},{"taxonomy":"product_cat","embeddable":true,"href":"https:\/\/cormac.eu\/pl\/wp-json\/wp\/v2\/product_cat?post=2849"},{"taxonomy":"product_tag","embeddable":true,"href":"https:\/\/cormac.eu\/pl\/wp-json\/wp\/v2\/product_tag?post=2849"}],"curies":[{"name":"wp","href":"https:\/\/api.w.org\/{rel}","templated":true}]}}