{"id":2847,"date":"2022-04-24T09:58:59","date_gmt":"2022-04-24T07:58:59","guid":{"rendered":"https:\/\/cormac.eu\/?post_type=product&#038;p=2847"},"modified":"2022-04-24T09:58:59","modified_gmt":"2022-04-24T07:58:59","slug":"speedmixer-2","status":"publish","type":"product","link":"https:\/\/cormac.eu\/pl\/product\/speedmixer\/","title":{"rendered":"Speedmixer"},"content":{"rendered":"<p>Speedmix jest dobrym rozwi\u0105zaniem dla wielu problem\u00f3w zwi\u0105zanych z mieszaniem.  W turbinie mieszaj\u0105cej speedmix wa\u0142 obrotowy jest chroniony za pomoc\u0105 rury p\u0142aszczowej. Poni\u017cej tej rury zamontowana jest \u015bluza oporowa, w kt\u00f3rej obraca si\u0119 \u015bmig\u0142o. \u015aluza ta dzia\u0142a jak pompa i wytwarza pr\u0105d osiowy. Rura p\u0142aszczowa zapobiega powstawaniu fortexu wzd\u0142u\u017c szybko obracaj\u0105cego si\u0119 wa\u0142u. Wk\u0142ad z pr\u0105dem osiowym speedmix gwarantuje intensywne mieszanie bez wp\u0142ywu powietrza mi\u0119dzy cieczami, kt\u00f3re musz\u0105 by\u0107 mieszane z proszkami i granulatami, r\u00f3wnie\u017c przy wysokich obrotach. Speedmix mo\u017ce by\u0107 u\u017cywany do mieszania, homogenizacji, dyspergowania, zawieszania i rozpuszczania szerokiego zakresu mas. Zakres mocy: od 0,75 do 30 kW, 750 - 3000 obr.<\/p>\n<p><img fetchpriority=\"high\" decoding=\"async\" class=\"alignnone size-medium wp-image-2846\" src=\"https:\/\/cormac.eu\/wp-content\/uploads\/2022\/04\/Speedmix4-200x300.jpg\" alt=\"\" width=\"200\" height=\"300\" srcset=\"https:\/\/cormac.eu\/wp-content\/uploads\/2022\/04\/Speedmix4-200x300.jpg 200w, https:\/\/cormac.eu\/wp-content\/uploads\/2022\/04\/Speedmix4-681x1024.jpg 681w, https:\/\/cormac.eu\/wp-content\/uploads\/2022\/04\/Speedmix4-768x1154.jpg 768w, https:\/\/cormac.eu\/wp-content\/uploads\/2022\/04\/Speedmix4-1022x1536.jpg 1022w, https:\/\/cormac.eu\/wp-content\/uploads\/2022\/04\/Speedmix4-1363x2048.jpg 1363w, https:\/\/cormac.eu\/wp-content\/uploads\/2022\/04\/Speedmix4-600x902.jpg 600w, https:\/\/cormac.eu\/wp-content\/uploads\/2022\/04\/Speedmix4-scaled.jpg 1703w\" sizes=\"(max-width: 200px) 100vw, 200px\" \/><\/p>\n<table style=\"height: 514px\" width=\"653\">\n<tbody>\n<tr>\n<td width=\"252\">\u00a0<strong>Cechy<\/strong><\/td>\n<td width=\"249\">\u00a0<strong>Korzy\u015bci<\/strong><\/td>\n<\/tr>\n<tr>\n<td>\u00a0Bezstopniowy nap\u0119d pr\u0119dko\u015bci z regulacj\u0105 cz\u0119stotliwo\u015bci<\/td>\n<td>\n<ul>\n<li>Kontrola pr\u0119dko\u015bci<\/li>\n<\/ul>\n<\/td>\n<\/tr>\n<tr>\n<td>\u00a0Doskona\u0142a technologia spawania<\/td>\n<td>\n<ul>\n<li>wykonanie sanitarne<\/li>\n<li>brak wyrwanych w\u0142os\u00f3w w stali<\/li>\n<li>\u0141atwe czyszczenie i sp\u0142ukiwanie<\/li>\n<\/ul>\n<\/td>\n<\/tr>\n<tr>\n<td>\u00a0Konstrukcja ze stali nierdzewnej<\/td>\n<td>\n<ul>\n<li>higieniczny<\/li>\n<li>\u0142atwe czyszczenie<\/li>\n<\/ul>\n<\/td>\n<\/tr>\n<tr>\n<td>\u00a0Produkt bez kontaktu z pod\u0142o\u017cem<\/td>\n<td>\n<ul>\n<li>brak zanieczyszcze\u0144<\/li>\n<li>higiena<\/li>\n<\/ul>\n<\/td>\n<\/tr>\n<tr>\n<td>Znormalizowane ko\u0142nierze<\/td>\n<td>\n<ul>\n<li>\u0141atwa wymiana i konserwacja<\/li>\n<\/ul>\n<\/td>\n<\/tr>\n<\/tbody>\n<\/table>\n<p>&nbsp;<\/p>\n<p>&nbsp;<\/p>","protected":false},"excerpt":{"rendered":"<p>Speedmixer do mieszania, homogenizacji, dyspergowania, zawieszania i rozpuszczania szerokiego zakresu mas.<\/p>","protected":false},"featured_media":2845,"comment_status":"open","ping_status":"closed","template":"","meta":{"uix_meta_title":"","uix_meta_description":"","uix_canonical_url":""},"product_brand":[],"product_cat":[104],"product_tag":[],"class_list":{"0":"post-2847","1":"product","2":"type-product","3":"status-publish","4":"has-post-thumbnail","6":"product_cat-processing","8":"first","9":"instock","10":"shipping-taxable","11":"product-type-simple"},"_links":{"self":[{"href":"https:\/\/cormac.eu\/pl\/wp-json\/wp\/v2\/product\/2847","targetHints":{"allow":["GET"]}}],"collection":[{"href":"https:\/\/cormac.eu\/pl\/wp-json\/wp\/v2\/product"}],"about":[{"href":"https:\/\/cormac.eu\/pl\/wp-json\/wp\/v2\/types\/product"}],"replies":[{"embeddable":true,"href":"https:\/\/cormac.eu\/pl\/wp-json\/wp\/v2\/comments?post=2847"}],"wp:featuredmedia":[{"embeddable":true,"href":"https:\/\/cormac.eu\/pl\/wp-json\/wp\/v2\/media\/2845"}],"wp:attachment":[{"href":"https:\/\/cormac.eu\/pl\/wp-json\/wp\/v2\/media?parent=2847"}],"wp:term":[{"taxonomy":"product_brand","embeddable":true,"href":"https:\/\/cormac.eu\/pl\/wp-json\/wp\/v2\/product_brand?post=2847"},{"taxonomy":"product_cat","embeddable":true,"href":"https:\/\/cormac.eu\/pl\/wp-json\/wp\/v2\/product_cat?post=2847"},{"taxonomy":"product_tag","embeddable":true,"href":"https:\/\/cormac.eu\/pl\/wp-json\/wp\/v2\/product_tag?post=2847"}],"curies":[{"name":"wp","href":"https:\/\/api.w.org\/{rel}","templated":true}]}}