{"id":2838,"date":"2022-04-24T09:00:12","date_gmt":"2022-04-24T07:00:12","guid":{"rendered":"https:\/\/cormac.eu\/?post_type=product&#038;p=2838"},"modified":"2022-04-24T09:00:22","modified_gmt":"2022-04-24T07:00:22","slug":"instalacja-premiksu-2","status":"publish","type":"product","link":"https:\/\/cormac.eu\/pl\/product\/premix-installlation\/","title":{"rendered":"Instalacja premiksu"},"content":{"rendered":"<p>Ta instalacja wst\u0119pnego mieszania s\u0142u\u017cy do rozpuszczania i wst\u0119pnego mieszania sk\u0142adnik\u00f3w, takich jak cukier, woda, glukoza i inne, w celu przygotowania wsadu do gotowania. Instalacja ta jest po\u0142\u0105czeniem dw\u00f3ch zbiornik\u00f3w mieszaj\u0105cych. Pierwszy i g\u00f3rny s\u0142u\u017cy jako mieszalnik wst\u0119pny, zwykle u\u017cywany do rozpuszczania sta\u0142ych sk\u0142adnik\u00f3w w wodzie i etapowego (wst\u0119pnego) mieszania ich z innymi sk\u0142adnikami. Drugi mieszalnik jest nast\u0119pnie u\u017cywany do dalszego mieszania, dzi\u0119ki czemu wymieszana partia jest teraz gotowa do gotowania. Naczynia miksuj\u0105ce maj\u0105 podw\u00f3jne \u015bcianki i s\u0105 wykonane ze stali nierdzewnej, odpowiedniej dla pary o niskim ci\u015bnieniu wynosz\u0105cym maksymalnie 3 bary. S\u0105 one dostarczane z pokryw\u0105 tip-up i dwubiegowym mieszad\u0142em Speedmix o mocy 2,2-3 kW przy 1500-3000 obr. Termometry s\u0105 montowane przez \u015bcian\u0119, a r\u0119cznie sterowany zaw\u00f3r motylkowy DN 40 spustowy jest zamontowany w dnie.* Zbiorniki s\u0105 wsparte na trzech nogach. Zbiorniki z kr\u00f3tkimi rurami s\u0105 \u0142\u0105czone za pomoc\u0105 z\u0142\u0105czek, zgodnie z norm\u0105 DIN 11851.<br \/>\nZakres wydajno\u015bci: od 1000 do 5000 kg\/godz.<\/p>\n<p>&nbsp;<\/p>\n<table style=\"height: 494px\" width=\"534\">\n<tbody>\n<tr>\n<td width=\"143\">\u00a0<strong>Cechy<\/strong><\/td>\n<td width=\"143\">\u00a0<strong>Korzy\u015bci<\/strong><\/td>\n<\/tr>\n<tr>\n<td>Cyfrowe czujniki wagowe IP 65<\/td>\n<td>\n<ul>\n<li>Precyzyjna wielko\u015b\u0107 partii<\/li>\n<li>Kontrola wagi<\/li>\n<\/ul>\n<\/td>\n<\/tr>\n<tr>\n<td>Siemens PLC S7<\/td>\n<td>\n<ul>\n<li>Dok\u0142adna kontrola procesu<\/li>\n<li>Darmowy programowalny<\/li>\n<\/ul>\n<\/td>\n<\/tr>\n<tr>\n<td>Wykonanie ze stali nierdzewnej<\/td>\n<td>\n<ul>\n<li>Higieniczny<\/li>\n<li>\u0141atwy do czyszczenia<\/li>\n<\/ul>\n<\/td>\n<\/tr>\n<tr>\n<td>Konstrukcja zgodna z HACCP<\/td>\n<td>\n<ul>\n<li>Higieniczny<\/li>\n<li>Bezpieczny<\/li>\n<\/ul>\n<\/td>\n<\/tr>\n<\/tbody>\n<\/table>\n<p>&nbsp;<\/p>","protected":false},"excerpt":{"rendered":"<p>Instalacja Premix do rozpuszczania i wst\u0119pnego mieszania sk\u0142adnik\u00f3w przed gotowaniem.<\/p>","protected":false},"featured_media":2837,"comment_status":"open","ping_status":"closed","template":"","meta":{"uix_meta_title":"","uix_meta_description":"","uix_canonical_url":""},"product_brand":[],"product_cat":[104],"product_tag":[],"class_list":{"0":"post-2838","1":"product","2":"type-product","3":"status-publish","4":"has-post-thumbnail","6":"product_cat-processing","8":"first","9":"instock","10":"shipping-taxable","11":"product-type-simple"},"_links":{"self":[{"href":"https:\/\/cormac.eu\/pl\/wp-json\/wp\/v2\/product\/2838","targetHints":{"allow":["GET"]}}],"collection":[{"href":"https:\/\/cormac.eu\/pl\/wp-json\/wp\/v2\/product"}],"about":[{"href":"https:\/\/cormac.eu\/pl\/wp-json\/wp\/v2\/types\/product"}],"replies":[{"embeddable":true,"href":"https:\/\/cormac.eu\/pl\/wp-json\/wp\/v2\/comments?post=2838"}],"wp:featuredmedia":[{"embeddable":true,"href":"https:\/\/cormac.eu\/pl\/wp-json\/wp\/v2\/media\/2837"}],"wp:attachment":[{"href":"https:\/\/cormac.eu\/pl\/wp-json\/wp\/v2\/media?parent=2838"}],"wp:term":[{"taxonomy":"product_brand","embeddable":true,"href":"https:\/\/cormac.eu\/pl\/wp-json\/wp\/v2\/product_brand?post=2838"},{"taxonomy":"product_cat","embeddable":true,"href":"https:\/\/cormac.eu\/pl\/wp-json\/wp\/v2\/product_cat?post=2838"},{"taxonomy":"product_tag","embeddable":true,"href":"https:\/\/cormac.eu\/pl\/wp-json\/wp\/v2\/product_tag?post=2838"}],"curies":[{"name":"wp","href":"https:\/\/api.w.org\/{rel}","templated":true}]}}