{"id":2793,"date":"2022-04-22T11:37:24","date_gmt":"2022-04-22T09:37:24","guid":{"rendered":"https:\/\/cormac.eu\/?post_type=product&#038;p=2793"},"modified":"2022-05-30T16:29:02","modified_gmt":"2022-05-30T14:29:02","slug":"mikser-pracujacy-w-trybie-ciaglym-2","status":"publish","type":"product","link":"https:\/\/cormac.eu\/pl\/product\/continuous-blender\/","title":{"rendered":"Mikser pracuj\u0105cy w trybie ci\u0105g\u0142ym"},"content":{"rendered":"<p>Nowa maszyna do mieszania Trefa umo\u017cliwia mieszanie kilku sk\u0142adnik\u00f3w w spos\u00f3b ci\u0105g\u0142y w linii produkcyjnej. Unikaln\u0105 cech\u0105 tego urz\u0105dzenia jest to, \u017ce mieszanie\/blendowanie odbywa si\u0119 przy minimalnym \u015bcinaniu i bez ryzyka zablokowania lub uszkodzenia sk\u0142adnik\u00f3w lub uszkodzenia delikatnej struktury kom\u00f3rek pianki. Po pod\u0142\u0105czeniu do urz\u0105dzenia do ci\u0105g\u0142ego spieniania Trefa, pianka lub mus mo\u017ce by\u0107 w spos\u00f3b ci\u0105g\u0142y mieszany z inn\u0105 piank\u0105\/musem lub z cz\u0105stkami sta\u0142ymi o r\u00f3\u017cnych rozmiarach, takimi jak kawa\u0142ki (suchych) owoc\u00f3w, czekolady, orzech\u00f3w, rodzynek itp. W specjalnie zaprojektowanej g\u0142owicy mieszaj\u0105cej sk\u0142adniki s\u0105 dok\u0142adnie mieszane bez ryzyka uszkodzenia sk\u0142adnik\u00f3w lub delikatnej struktury piany, co skutkuje bardzo stabilnym i jednorodnym produktem ko\u0144cowym. Podczas tego procesu g\u0142owica mieszaj\u0105ca mo\u017ce by\u0107 ch\u0142odzona lub podgrzewana w razie potrzeby. Maszyna ta mo\u017ce by\u0107 wyposa\u017cona w jednostk\u0119 wtryskow\u0105 do wtrysku aromatu i\/lub koloru. Oczywi\u015bcie maszyna ta zosta\u0142a zaprojektowana i wyprodukowana z my\u015bl\u0105 o higienicznym u\u017cytkowaniu, dlatego jest w ca\u0142o\u015bci wykonana ze stali nierdzewnej i mo\u017ce by\u0107 czyszczona w linii lub pod\u0142\u0105czona do systemu Cleaning In Place (CIP).<\/p>\n<p>&nbsp;<\/p>\n<p><img fetchpriority=\"high\" decoding=\"async\" class=\"alignnone size-medium wp-image-2796\" src=\"https:\/\/cormac.eu\/wp-content\/uploads\/2022\/04\/mixing-ingredients-into-batter-300x217.jpg\" alt=\"\" width=\"300\" height=\"217\" srcset=\"https:\/\/cormac.eu\/wp-content\/uploads\/2022\/04\/mixing-ingredients-into-batter-300x217.jpg 300w, https:\/\/cormac.eu\/wp-content\/uploads\/2022\/04\/mixing-ingredients-into-batter.jpg 406w\" sizes=\"(max-width: 300px) 100vw, 300px\" \/><\/p>\n<p>&nbsp;<\/p>\n<table style=\"height: 351px;\" width=\"587\">\n<tbody>\n<tr>\n<td width=\"197\">\u00a0<strong>Cechy<\/strong><\/td>\n<td width=\"197\">\u00a0<strong>Korzy\u015bci<\/strong><\/td>\n<\/tr>\n<tr>\n<td>Specjalna konstrukcja g\u0142owicy mieszaj\u0105cej<\/td>\n<td>\n<ul>\n<li>niskie \u015bcinanie<\/li>\n<li>brak uszkodze\u0144 delikatnych struktur piankowych<\/li>\n<li>brak uszkodze\u0144 sk\u0142adnik\u00f3w<\/li>\n<\/ul>\n<\/td>\n<\/tr>\n<tr>\n<td>Wykonanie ze stali nierdzewnej<\/td>\n<td>\n<ul>\n<li>higiena<\/li>\n<li>\u0142atwy do czyszczenia<\/li>\n<\/ul>\n<\/td>\n<\/tr>\n<tr>\n<td>G\u0142owica mieszaj\u0105ca z p\u0142aszczem<\/td>\n<td>\n<ul>\n<li>kontrola temperatury<\/li>\n<\/ul>\n<\/td>\n<\/tr>\n<\/tbody>\n<\/table>\n<p>&nbsp;<\/p>","protected":false},"excerpt":{"rendered":"<p>Maszyna do mieszania (napowietrzonych) pianek z innymi masami lub sk\u0142adnikami, takimi jak cz\u0105stki owoc\u00f3w, orzechy, chipsy czekoladowe, rodzynki itp. Zakres wydajno\u015bci od 25 kg\/godz. do 7.500 kg\/godz.<\/p>","protected":false},"featured_media":2794,"comment_status":"open","ping_status":"closed","template":"","meta":{"uix_meta_title":"","uix_meta_description":"","uix_canonical_url":""},"product_brand":[],"product_cat":[104],"product_tag":[],"class_list":{"0":"post-2793","1":"product","2":"type-product","3":"status-publish","4":"has-post-thumbnail","6":"product_cat-processing","8":"first","9":"instock","10":"shipping-taxable","11":"product-type-simple"},"_links":{"self":[{"href":"https:\/\/cormac.eu\/pl\/wp-json\/wp\/v2\/product\/2793","targetHints":{"allow":["GET"]}}],"collection":[{"href":"https:\/\/cormac.eu\/pl\/wp-json\/wp\/v2\/product"}],"about":[{"href":"https:\/\/cormac.eu\/pl\/wp-json\/wp\/v2\/types\/product"}],"replies":[{"embeddable":true,"href":"https:\/\/cormac.eu\/pl\/wp-json\/wp\/v2\/comments?post=2793"}],"wp:featuredmedia":[{"embeddable":true,"href":"https:\/\/cormac.eu\/pl\/wp-json\/wp\/v2\/media\/2794"}],"wp:attachment":[{"href":"https:\/\/cormac.eu\/pl\/wp-json\/wp\/v2\/media?parent=2793"}],"wp:term":[{"taxonomy":"product_brand","embeddable":true,"href":"https:\/\/cormac.eu\/pl\/wp-json\/wp\/v2\/product_brand?post=2793"},{"taxonomy":"product_cat","embeddable":true,"href":"https:\/\/cormac.eu\/pl\/wp-json\/wp\/v2\/product_cat?post=2793"},{"taxonomy":"product_tag","embeddable":true,"href":"https:\/\/cormac.eu\/pl\/wp-json\/wp\/v2\/product_tag?post=2793"}],"curies":[{"name":"wp","href":"https:\/\/api.w.org\/{rel}","templated":true}]}}