{"id":2790,"date":"2022-04-22T11:31:49","date_gmt":"2022-04-22T09:31:49","guid":{"rendered":"https:\/\/cormac.eu\/?post_type=product&#038;p=2790"},"modified":"2022-06-07T18:35:43","modified_gmt":"2022-06-07T16:35:43","slug":"zbiornik-buforowy","status":"publish","type":"product","link":"https:\/\/cormac.eu\/pl\/product\/buffer-tank\/","title":{"rendered":"Zbiornik buforowy"},"content":{"rendered":"<p>Zbiornik buforowy jako cz\u0119\u015b\u0107 linii produkcyjnej, mo\u017ce by\u0107 wykonany jako jedno- lub dwu\u015bcienny, izolowany, z mieszad\u0142em lub bez, z odprowadzaniem produktu o niskiej lub wysokiej lepko\u015bci. Opcjonalnie zbiornik buforowy mo\u017ce by\u0107 wyposa\u017cony w odpowiedni\u0105 pomp\u0119. Oczywi\u015bcie mo\u017cliwe b\u0119dzie przygotowanie zbiornika do czyszczenia r\u0119cznego lub pod\u0142\u0105czenia do systemu CIP.<\/p>\n<p>&nbsp;<\/p>\n<table style=\"height: 269px\" width=\"509\">\n<tbody>\n<tr>\n<td width=\"143\">\n<p style=\"text-align: center\">\u00a0<strong>Cechy<\/strong><\/p>\n<\/td>\n<td width=\"143\">\n<p style=\"text-align: center\">\u00a0<strong>Korzy\u015bci<\/strong><\/p>\n<\/td>\n<\/tr>\n<tr>\n<td>Wykonanie ze stali nierdzewnej<\/td>\n<td>\n<ul>\n<li>Higiena<\/li>\n<li>\u0141atwy do czyszczenia<\/li>\n<\/ul>\n<\/td>\n<\/tr>\n<tr>\n<td>Wytrzyma\u0142a konstrukcja<\/td>\n<td>\n<ul>\n<li>D\u0142uga \u017cywotno\u015b\u0107<\/li>\n<li>Praca w ci\u0119\u017ckich warunkach<\/li>\n<\/ul>\n<\/td>\n<\/tr>\n<\/tbody>\n<\/table>","protected":false},"excerpt":{"rendered":"<p>Zbiornik buforowy do integracji z procesem produkcyjnym.<\/p>","protected":false},"featured_media":2791,"comment_status":"open","ping_status":"closed","template":"","meta":{"uix_meta_title":"","uix_meta_description":"","uix_canonical_url":""},"product_brand":[],"product_cat":[104],"product_tag":[],"class_list":{"0":"post-2790","1":"product","2":"type-product","3":"status-publish","4":"has-post-thumbnail","6":"product_cat-processing","8":"first","9":"instock","10":"shipping-taxable","11":"product-type-simple"},"_links":{"self":[{"href":"https:\/\/cormac.eu\/pl\/wp-json\/wp\/v2\/product\/2790","targetHints":{"allow":["GET"]}}],"collection":[{"href":"https:\/\/cormac.eu\/pl\/wp-json\/wp\/v2\/product"}],"about":[{"href":"https:\/\/cormac.eu\/pl\/wp-json\/wp\/v2\/types\/product"}],"replies":[{"embeddable":true,"href":"https:\/\/cormac.eu\/pl\/wp-json\/wp\/v2\/comments?post=2790"}],"wp:featuredmedia":[{"embeddable":true,"href":"https:\/\/cormac.eu\/pl\/wp-json\/wp\/v2\/media\/2791"}],"wp:attachment":[{"href":"https:\/\/cormac.eu\/pl\/wp-json\/wp\/v2\/media?parent=2790"}],"wp:term":[{"taxonomy":"product_brand","embeddable":true,"href":"https:\/\/cormac.eu\/pl\/wp-json\/wp\/v2\/product_brand?post=2790"},{"taxonomy":"product_cat","embeddable":true,"href":"https:\/\/cormac.eu\/pl\/wp-json\/wp\/v2\/product_cat?post=2790"},{"taxonomy":"product_tag","embeddable":true,"href":"https:\/\/cormac.eu\/pl\/wp-json\/wp\/v2\/product_tag?post=2790"}],"curies":[{"name":"wp","href":"https:\/\/api.w.org\/{rel}","templated":true}]}}