{"id":2780,"date":"2022-04-22T10:56:03","date_gmt":"2022-04-22T08:56:03","guid":{"rendered":"https:\/\/cormac.eu\/?post_type=product&#038;p=2780"},"modified":"2022-05-30T16:29:27","modified_gmt":"2022-05-30T14:29:27","slug":"aerator-ciagly","status":"publish","type":"product","link":"https:\/\/cormac.eu\/pl\/product\/continuous-aerator\/","title":{"rendered":"Ci\u0105g\u0142y aerator"},"content":{"rendered":"<p>Maszyna do ci\u0105g\u0142ego napowietrzania Trefa to zamkni\u0119ty system produkcyjny integruj\u0105cy najnowsze osi\u0105gni\u0119cia technologiczne w dziedzinie napowietrzania. Sercem maszyny jest wysoce wydajna g\u0142owica mieszaj\u0105ca sk\u0142adaj\u0105ca si\u0119 z wirnika i stojana. Mieszalniki ci\u0105g\u0142e Trefa zapewniaj\u0105 jednorodne mieszanie, co skutkuje sta\u0142\u0105 g\u0119sto\u015bci\u0105 ko\u0144cow\u0105. Mieszalniki ci\u0105g\u0142e Trefa s\u0105 w ca\u0142o\u015bci wykonane ze stali nierdzewnej i zosta\u0142y zaprojektowane z my\u015bl\u0105 o \u0142atwym czyszczeniu i konserwacji. Mo\u017cna je pod\u0142\u0105czy\u0107 do systemu czyszczenia na miejscu (CIP) lub wyposa\u017cy\u0107 we w\u0142asn\u0105 pomp\u0119 czyszcz\u0105c\u0105. Dzi\u0119ki zastosowaniu nowoczesnej technologii gwarantowana jest pe\u0142na kontrola g\u0119sto\u015bci. Konstrukcja g\u0142owicy napowietrzaj\u0105cej zapewnia ca\u0142kowity brak kontaktu mi\u0119dzy produktem a medium ch\u0142odz\u0105cym\/grzewczym. Czasy wymiany produktu s\u0105 minimalne, a r\u0119czna regulacja mieszalnika jest praktycznie wyeliminowana. Receptury mog\u0105 by\u0107 przechowywane w pami\u0119ci systemu wraz z ustawieniami linii technologicznej. Mieszalniki\/pieniarki Trefa mo\u017cna modernizowa\u0107 i \u0142atwo jest w\u0142\u0105czy\u0107 najnowsz\u0105 technologi\u0119 (PLC) do starszych maszyn Trefa. Maszyny mog\u0105 by\u0107 sterowane r\u0119cznie, automatycznie lub komputerowo i posiadaj\u0105 cyfrowe odczyty wszystkich funkcji maszyny.  Opcjonalnie do produktu mo\u017cna wstrzykiwa\u0107 dodatki, takie jak barwniki, aromaty i pulpy owocowe. Poziom ha\u0142asu aerator\u00f3w Trefa wynosi mniej ni\u017c 60 dBA, co mie\u015bci si\u0119 w zakresie wskazanym w wytycznych VDI 2159. Wyniki z dost\u0119pnych mieszalnik\u00f3w laboratoryjnych s\u0105 w pe\u0142ni skalowalne.<\/p>\n<p>&nbsp;<\/p>\n<p><img fetchpriority=\"high\" decoding=\"async\" class=\"alignnone size-medium wp-image-2798\" src=\"https:\/\/cormac.eu\/wp-content\/uploads\/2022\/04\/Trefa-application-_74547805-1024x708-1-300x207.webp\" alt=\"\" width=\"300\" height=\"207\" srcset=\"https:\/\/cormac.eu\/wp-content\/uploads\/2022\/04\/Trefa-application-_74547805-1024x708-1-300x207.webp 300w, https:\/\/cormac.eu\/wp-content\/uploads\/2022\/04\/Trefa-application-_74547805-1024x708-1-768x531.webp 768w, https:\/\/cormac.eu\/wp-content\/uploads\/2022\/04\/Trefa-application-_74547805-1024x708-1-600x415.webp 600w, https:\/\/cormac.eu\/wp-content\/uploads\/2022\/04\/Trefa-application-_74547805-1024x708-1.webp 1024w\" sizes=\"(max-width: 300px) 100vw, 300px\" \/><\/p>\n<p>Maszyna testowa jest dost\u0119pna w mi\u0119kkich warunkach.<\/p>\n<p><img decoding=\"async\" class=\"alignnone size-medium wp-image-2797\" src=\"https:\/\/cormac.eu\/wp-content\/uploads\/2022\/04\/Test-machine-New-model-T-50-100-684x1024-1-200x300.webp\" alt=\"\" width=\"200\" height=\"300\" srcset=\"https:\/\/cormac.eu\/wp-content\/uploads\/2022\/04\/Test-machine-New-model-T-50-100-684x1024-1-200x300.webp 200w, https:\/\/cormac.eu\/wp-content\/uploads\/2022\/04\/Test-machine-New-model-T-50-100-684x1024-1-600x898.webp 600w, https:\/\/cormac.eu\/wp-content\/uploads\/2022\/04\/Test-machine-New-model-T-50-100-684x1024-1.webp 684w\" sizes=\"(max-width: 200px) 100vw, 200px\" \/><\/p>\n<p>&nbsp;<\/p>\n<table>\n<tbody>\n<tr>\n<td width=\"197\">\u00a0<strong>Cechy<\/strong><\/td>\n<td width=\"197\">\u00a0<strong>Korzy\u015bci<\/strong><\/td>\n<\/tr>\n<tr>\n<td>System zamkni\u0119ty<\/td>\n<td>\n<ul>\n<li>wysoki stopie\u0144 higieny<\/li>\n<\/ul>\n<\/td>\n<\/tr>\n<tr>\n<td>Konstrukcja ze stali nierdzewnej<\/td>\n<td>\n<ul>\n<li>Higiena<\/li>\n<\/ul>\n<\/td>\n<\/tr>\n<tr>\n<td>Oddzielne sekcje ch\u0142odz\u0105ce z p\u0142aszczem na g\u0142owicy mieszaj\u0105cej<\/td>\n<td>\n<ul>\n<li>Optymalna kontrola temperatury<\/li>\n<\/ul>\n<\/td>\n<\/tr>\n<tr>\n<td>Unikalna komora wst\u0119pnego mieszania<\/td>\n<td>\n<ul>\n<li>Ni\u017csze obroty<\/li>\n<li>Mniejsze ciep\u0142o tarcia<\/li>\n<li>Brak uszkodze\u0144 bia\u0142ek w produktach<\/li>\n<li>Bardziej jednorodny produkt ko\u0144cowy<\/li>\n<li>Lepszy smak<\/li>\n<\/ul>\n<\/td>\n<\/tr>\n<tr>\n<td>Zintegrowane przetwornice cz\u0119stotliwo\u015bci<\/td>\n<td>\n<ul>\n<li>kontrola pr\u0119dko\u015bci wirnika<\/li>\n<li>kontrola pr\u0119dko\u015bci pompy<\/li>\n<\/ul>\n<\/td>\n<\/tr>\n<tr>\n<td>Modu\u0142owa konstrukcja<\/td>\n<td>\n<ul>\n<li>\u0142atwa aktualizacja<\/li>\n<li>\u0142atwa integracja z istniej\u0105cymi liniami<\/li>\n<\/ul>\n<\/td>\n<\/tr>\n<\/tbody>\n<\/table>","protected":false},"excerpt":{"rendered":"<p>Maszyna do ci\u0105g\u0142ego napowietrzania z unikaln\u0105 komor\u0105 wst\u0119pnego mieszania i efektywn\u0105 g\u0142owic\u0105 mieszaj\u0105c\u0105 zapewnia jednorodn\u0105 mas\u0119 o sta\u0142ej g\u0119sto\u015bci piany.<\/p>","protected":false},"featured_media":2782,"comment_status":"open","ping_status":"closed","template":"","meta":{"uix_meta_title":"","uix_meta_description":"","uix_canonical_url":""},"product_brand":[],"product_cat":[104],"product_tag":[],"class_list":{"0":"post-2780","1":"product","2":"type-product","3":"status-publish","4":"has-post-thumbnail","6":"product_cat-processing","8":"first","9":"instock","10":"shipping-taxable","11":"product-type-simple"},"_links":{"self":[{"href":"https:\/\/cormac.eu\/pl\/wp-json\/wp\/v2\/product\/2780","targetHints":{"allow":["GET"]}}],"collection":[{"href":"https:\/\/cormac.eu\/pl\/wp-json\/wp\/v2\/product"}],"about":[{"href":"https:\/\/cormac.eu\/pl\/wp-json\/wp\/v2\/types\/product"}],"replies":[{"embeddable":true,"href":"https:\/\/cormac.eu\/pl\/wp-json\/wp\/v2\/comments?post=2780"}],"wp:featuredmedia":[{"embeddable":true,"href":"https:\/\/cormac.eu\/pl\/wp-json\/wp\/v2\/media\/2782"}],"wp:attachment":[{"href":"https:\/\/cormac.eu\/pl\/wp-json\/wp\/v2\/media?parent=2780"}],"wp:term":[{"taxonomy":"product_brand","embeddable":true,"href":"https:\/\/cormac.eu\/pl\/wp-json\/wp\/v2\/product_brand?post=2780"},{"taxonomy":"product_cat","embeddable":true,"href":"https:\/\/cormac.eu\/pl\/wp-json\/wp\/v2\/product_cat?post=2780"},{"taxonomy":"product_tag","embeddable":true,"href":"https:\/\/cormac.eu\/pl\/wp-json\/wp\/v2\/product_tag?post=2780"}],"curies":[{"name":"wp","href":"https:\/\/api.w.org\/{rel}","templated":true}]}}