{"id":2734,"date":"2022-04-21T20:24:05","date_gmt":"2022-04-21T18:24:05","guid":{"rendered":"https:\/\/cormac.eu\/?post_type=product&#038;p=2734"},"modified":"2022-06-20T12:06:20","modified_gmt":"2022-06-20T10:06:20","slug":"ru-universal-wrapping-machine","status":"publish","type":"product","link":"https:\/\/cormac.eu\/pl\/product\/ru-universal-wrapping-machine\/","title":{"rendered":"Uniwersalna owijarka RU"},"content":{"rendered":"<p>Universal wrapping machine for a wide range of products, such as products with flat bottom, eggs, balls, barrels, hollow figures, flat bottom chocolate lollies, small bars, truffles, etc, \u00a0in diverse wrapping styles. If desired this machine can be equipped with a labeling apparatus. \u00a0Capacity range: Up to 120 pieces per minute. Weight approx 1400 kg; Power 3kVA;<\/p>\n<p><strong>Wrapping style<\/strong>: bunch wrap, double twist, labeling, heat sealing , banderole, front folding, front folding with smoothing device, back seam, figure foiling , umbrella heat sealed, figure foiling heat sealed , twisted string, string with adhesive tape, envelope wrap, double or single twist wrap, banderole, etc.<\/p>\n<p><img fetchpriority=\"high\" decoding=\"async\" class=\"alignnone wp-image-2732\" src=\"https:\/\/cormac.eu\/wp-content\/uploads\/2022\/04\/Products-Knipsel-300x157.jpg\" alt=\"\" width=\"334\" height=\"176\" srcset=\"https:\/\/cormac.eu\/wp-content\/uploads\/2022\/04\/Products-Knipsel-300x157.jpg 300w, https:\/\/cormac.eu\/wp-content\/uploads\/2022\/04\/Products-Knipsel.jpg 414w\" sizes=\"(max-width: 334px) 100vw, 334px\" \/><\/p>\n<p>&nbsp;<\/p>\n<table>\n<tbody>\n<tr>\n<td width=\"293\"><strong>Funkcje (niekt\u00f3re opcjonalne)<\/strong><\/td>\n<td width=\"293\"><strong>Korzy\u015bci<\/strong><\/td>\n<\/tr>\n<tr>\n<td width=\"293\">G\u0142owica steruj\u0105ca rejestru<\/td>\n<td width=\"293\">\n<ul>\n<li>Full control of machine functions<\/li>\n<\/ul>\n<\/td>\n<\/tr>\n<tr>\n<td width=\"293\">Closed gear box with centralized lubrication system and constant oil filtering<\/td>\n<td width=\"293\">\n<ul>\n<li>Prevention of oil contamination<\/li>\n<li>niskie koszty utrzymania<\/li>\n<\/ul>\n<\/td>\n<\/tr>\n<tr>\n<td width=\"293\">Bezstopniowa regulacja pr\u0119dko\u015bci z przetwornic\u0105 cz\u0119stotliwo\u015bci<\/td>\n<td width=\"293\">\n<ul>\n<li>Doskona\u0142a kontrola pr\u0119dko\u015bci<\/li>\n<\/ul>\n<\/td>\n<\/tr>\n<tr>\n<td width=\"293\">Transport roz\u0142adunkowy<\/td>\n<td width=\"293\">\n<ul>\n<li>Kontrolowany zrzut produktu<\/li>\n<\/ul>\n<\/td>\n<\/tr>\n<tr>\n<td width=\"293\">Ta\u015bma podaj\u0105ca i automatyczne systemy podawania<\/td>\n<td width=\"293\">\n<ul>\n<li>Wy\u017csza wydajno\u015b\u0107<\/li>\n<\/ul>\n<\/td>\n<\/tr>\n<tr>\n<td width=\"293\">Kontrola punktowa fotokom\u00f3rek<\/td>\n<td width=\"293\">\n<ul>\n<li>Kontrola pozycjonowania druku<\/li>\n<\/ul>\n<\/td>\n<\/tr>\n<tr>\n<td width=\"293\">Licznik sztuk i takt\u00f3w<\/td>\n<td width=\"293\">\n<ul>\n<li>Dok\u0142adny pomiar produktu<\/li>\n<\/ul>\n<\/td>\n<\/tr>\n<tr>\n<td width=\"293\">Format parts , infeed, folding parts and discharge parts easily accessible<\/td>\n<td width=\"293\">\n<ul>\n<li>Szybkie prze\u0142\u0105czanie<\/li>\n<li>\u0141atwa konserwacja<\/li>\n<\/ul>\n<\/td>\n<\/tr>\n<tr>\n<td width=\"293\">Automatyczne zatrzymanie podawania folii<\/td>\n<td width=\"293\">\n<ul>\n<li>Brak produktu - brak opakowania<\/li>\n<li>Zapobieganie zaci\u0119ciom folii<\/li>\n<\/ul>\n<\/td>\n<\/tr>\n<tr>\n<td width=\"293\">Drugie urz\u0105dzenie do rozwijania folii<\/td>\n<td width=\"293\">\n<ul>\n<li>Application of an inner and outer wrapping material<\/li>\n<\/ul>\n<\/td>\n<\/tr>\n<tr>\n<td width=\"293\">Jednostka \u0142\u0105cz\u0105ca<\/td>\n<td width=\"293\">\n<ul>\n<li>Automatyczna wymiana szpuli dla wi\u0119kszej wydajno\u015bci<\/li>\n<\/ul>\n<\/td>\n<\/tr>\n<tr>\n<td width=\"293\">Szafa sterownicza z SPS<\/td>\n<td width=\"293\">\n<ul>\n<li>Excellent central machine control<\/li>\n<\/ul>\n<\/td>\n<\/tr>\n<\/tbody>\n<\/table>\n<p>&nbsp;<\/p>\n<table>\n<tbody>\n<tr>\n<td colspan=\"4\" width=\"585\">\n<p style=\"text-align: center\"><strong>Packing material dimensions<\/strong><\/p>\n<\/td>\n<\/tr>\n<tr>\n<td width=\"146\">\n<p style=\"text-align: center\">Szeroko\u015b\u0107<\/p>\n<\/td>\n<td style=\"text-align: center\" width=\"146\">D\u0142ugo\u015b\u0107 odci\u0119cia<\/td>\n<td style=\"text-align: center\" width=\"146\">Reel \u00d8<\/td>\n<td width=\"146\">\n<p style=\"text-align: center\">Core \u00d8<\/p>\n<\/td>\n<\/tr>\n<tr>\n<td style=\"text-align: center\" width=\"146\">40-100 mm<\/td>\n<td style=\"text-align: center\" width=\"146\">40-100 mm<\/td>\n<td style=\"text-align: center\" width=\"146\">250 mm<\/td>\n<td width=\"146\">\n<p style=\"text-align: center\">35-78 mm<\/p>\n<\/td>\n<\/tr>\n<\/tbody>\n<\/table>\n<p>&nbsp;<\/p>\n<p>&nbsp;<\/p>","protected":false},"excerpt":{"rendered":"<p>Uniwersalna owijarka do szerokiej gamy produkt\u00f3w czekoladowych i niekt\u00f3rych produkt\u00f3w piekarniczych<\/p>","protected":false},"featured_media":2733,"comment_status":"open","ping_status":"closed","template":"","meta":{"uix_meta_title":"","uix_meta_description":"","uix_canonical_url":""},"product_brand":[],"product_cat":[105],"product_tag":[],"class_list":{"0":"post-2734","1":"product","2":"type-product","3":"status-publish","4":"has-post-thumbnail","6":"product_cat-packaging","8":"first","9":"instock","10":"shipping-taxable","11":"product-type-simple"},"_links":{"self":[{"href":"https:\/\/cormac.eu\/pl\/wp-json\/wp\/v2\/product\/2734","targetHints":{"allow":["GET"]}}],"collection":[{"href":"https:\/\/cormac.eu\/pl\/wp-json\/wp\/v2\/product"}],"about":[{"href":"https:\/\/cormac.eu\/pl\/wp-json\/wp\/v2\/types\/product"}],"replies":[{"embeddable":true,"href":"https:\/\/cormac.eu\/pl\/wp-json\/wp\/v2\/comments?post=2734"}],"wp:featuredmedia":[{"embeddable":true,"href":"https:\/\/cormac.eu\/pl\/wp-json\/wp\/v2\/media\/2733"}],"wp:attachment":[{"href":"https:\/\/cormac.eu\/pl\/wp-json\/wp\/v2\/media?parent=2734"}],"wp:term":[{"taxonomy":"product_brand","embeddable":true,"href":"https:\/\/cormac.eu\/pl\/wp-json\/wp\/v2\/product_brand?post=2734"},{"taxonomy":"product_cat","embeddable":true,"href":"https:\/\/cormac.eu\/pl\/wp-json\/wp\/v2\/product_cat?post=2734"},{"taxonomy":"product_tag","embeddable":true,"href":"https:\/\/cormac.eu\/pl\/wp-json\/wp\/v2\/product_tag?post=2734"}],"curies":[{"name":"wp","href":"https:\/\/api.w.org\/{rel}","templated":true}]}}