{"id":2731,"date":"2022-04-21T19:31:59","date_gmt":"2022-04-21T17:31:59","guid":{"rendered":"https:\/\/cormac.eu\/?post_type=product&#038;p=2731"},"modified":"2022-04-21T22:37:42","modified_gmt":"2022-04-21T20:37:42","slug":"opakowanie-po-lizakach-czekoladowych-rl","status":"publish","type":"product","link":"https:\/\/cormac.eu\/pl\/product\/rl-chocolate-lolly-wrapper\/","title":{"rendered":"Opakowanie po lizakach czekoladowych RL"},"content":{"rendered":"<p>Wysokowydajna owijarka do owijania czekoladowych lizak\u00f3w z p\u0142askim dnem. Klips zgrzewaj\u0105cy nie jest potrzebny! Lizaki s\u0105 wpychane do przezroczystej torebki uformowanej przez maszyn\u0119 RL i zgrzewane wok\u00f3\u0142 patyczka; Materia\u0142 do owijania: dwustronna folia zgrzewalna; Zakres wydajno\u015bci: Do 100 sztuk na minut\u0119; Waga maszyny ok. 1300 KG ; Moc 4,5 kVA;<br \/>\nSpos\u00f3b pakowania: folia do lizak\u00f3w + zgrzewanie<\/p>\n<p><img decoding=\"async\" class=\"alignnone wp-image-2730\" src=\"https:\/\/cormac.eu\/wp-content\/uploads\/2022\/04\/wrap-style-Knipsel.jpg\" alt=\"\" width=\"73\" height=\"164\" \/><\/p>\n<table>\n<tbody>\n<tr>\n<td colspan=\"4\" width=\"585\">\n<p style=\"text-align: center\"><strong>Wymiary produktu<\/strong><\/p>\n<\/td>\n<\/tr>\n<tr>\n<td width=\"146\">\n<p style=\"text-align: center\">Wysoko\u015b\u0107<\/p>\n<\/td>\n<td style=\"text-align: center\" width=\"146\">D\u0142ugo\u015b\u0107 wraz z dr\u0105\u017ckiem<\/td>\n<td style=\"text-align: center\" width=\"146\">D\u0142ugo\u015b\u0107 bez dr\u0105\u017cka<\/td>\n<td style=\"text-align: center\" width=\"146\">Szeroko\u015b\u0107<\/td>\n<\/tr>\n<tr>\n<td style=\"text-align: center\" width=\"146\">15 mm<\/td>\n<td style=\"text-align: center\" width=\"146\">160 mm<\/td>\n<td style=\"text-align: center\" width=\"146\">65 mm<\/td>\n<td width=\"146\">\n<p style=\"text-align: center\">45 mm<\/p>\n<\/td>\n<\/tr>\n<\/tbody>\n<\/table>\n<p>&nbsp;<\/p>\n<table style=\"height: 641px\" width=\"610\">\n<tbody>\n<tr>\n<td width=\"366\">\n<p style=\"text-align: center\"><strong>Cechy<\/strong><\/p>\n<\/td>\n<td width=\"219\">\n<p style=\"text-align: center\"><strong>Korzy\u015bci<\/strong><\/p>\n<\/td>\n<\/tr>\n<tr>\n<td width=\"366\">R\u0119czne podawanie do stale pracuj\u0105cego \u0142a\u0144cucha<\/td>\n<td width=\"219\">\n<ul>\n<li>Wysoka pr\u0119dko\u015b\u0107 podawania<\/li>\n<\/ul>\n<p>&nbsp;<\/td>\n<\/tr>\n<tr>\n<td width=\"366\">G\u0142owica steruj\u0105ca rejestru<\/td>\n<td width=\"219\">\n<ul>\n<li>Kontrola drukowania<\/li>\n<\/ul>\n<\/td>\n<\/tr>\n<tr>\n<td width=\"366\">Zamkni\u0119ta skrzynia bieg\u00f3w z centralnym systemem smarowania<\/td>\n<td width=\"219\">\n<ul>\n<li>Niskie koszty utrzymania<\/li>\n<\/ul>\n<\/td>\n<\/tr>\n<tr>\n<td width=\"366\">Bezstopniowa regulacja pr\u0119dko\u015bci z przetwornic\u0105 cz\u0119stotliwo\u015bci<\/td>\n<td width=\"219\">\n<ul>\n<li>Doskona\u0142a kontrola pr\u0119dko\u015bci<\/li>\n<\/ul>\n<p>&nbsp;<\/td>\n<\/tr>\n<tr>\n<td width=\"366\">Automatyczne zatrzymanie podawania folii<\/td>\n<td width=\"219\">\n<ul>\n<li>Brak produktu - brak opakowania<\/li>\n<li>Zapobieganie zaci\u0119ciom folii<\/li>\n<\/ul>\n<\/td>\n<\/tr>\n<tr>\n<td width=\"366\">Jednostka \u0142\u0105cz\u0105ca<\/td>\n<td width=\"219\">\n<ul>\n<li>Zwi\u0119kszona wydajno\u015b\u0107<\/li>\n<\/ul>\n<\/td>\n<\/tr>\n<tr>\n<td width=\"366\">Szafa sterownicza z SPS<\/td>\n<td width=\"219\">\n<ul>\n<li>Doskona\u0142a kontrola nad maszyn\u0105<\/li>\n<\/ul>\n<\/td>\n<\/tr>\n<tr>\n<td width=\"366\">Licznik produkt\u00f3w i cykli<\/td>\n<td width=\"219\">\n<ul>\n<li>Kontrola wyj\u015bcia<\/li>\n<\/ul>\n<\/td>\n<\/tr>\n<\/tbody>\n<\/table>","protected":false},"excerpt":{"rendered":"<p>Wysokowydajna owijarka do owijania czekoladowych lizak\u00f3w z p\u0142askim dnem.<\/p>","protected":false},"featured_media":2729,"comment_status":"open","ping_status":"closed","template":"","meta":{"uix_meta_title":"","uix_meta_description":"","uix_canonical_url":""},"product_brand":[],"product_cat":[105],"product_tag":[],"class_list":{"0":"post-2731","1":"product","2":"type-product","3":"status-publish","4":"has-post-thumbnail","6":"product_cat-packaging","8":"first","9":"instock","10":"shipping-taxable","11":"product-type-simple"},"_links":{"self":[{"href":"https:\/\/cormac.eu\/pl\/wp-json\/wp\/v2\/product\/2731","targetHints":{"allow":["GET"]}}],"collection":[{"href":"https:\/\/cormac.eu\/pl\/wp-json\/wp\/v2\/product"}],"about":[{"href":"https:\/\/cormac.eu\/pl\/wp-json\/wp\/v2\/types\/product"}],"replies":[{"embeddable":true,"href":"https:\/\/cormac.eu\/pl\/wp-json\/wp\/v2\/comments?post=2731"}],"wp:featuredmedia":[{"embeddable":true,"href":"https:\/\/cormac.eu\/pl\/wp-json\/wp\/v2\/media\/2729"}],"wp:attachment":[{"href":"https:\/\/cormac.eu\/pl\/wp-json\/wp\/v2\/media?parent=2731"}],"wp:term":[{"taxonomy":"product_brand","embeddable":true,"href":"https:\/\/cormac.eu\/pl\/wp-json\/wp\/v2\/product_brand?post=2731"},{"taxonomy":"product_cat","embeddable":true,"href":"https:\/\/cormac.eu\/pl\/wp-json\/wp\/v2\/product_cat?post=2731"},{"taxonomy":"product_tag","embeddable":true,"href":"https:\/\/cormac.eu\/pl\/wp-json\/wp\/v2\/product_tag?post=2731"}],"curies":[{"name":"wp","href":"https:\/\/api.w.org\/{rel}","templated":true}]}}